{"id":744700,"date":"2025-03-03T19:57:46","date_gmt":"2025-03-03T18:57:46","guid":{"rendered":"https:\/\/stoic-curie.212-227-153-4.plesk.page\/producto\/konop-s-upletkom-24-mm-x-20mt-crni\/"},"modified":"2026-02-25T00:01:15","modified_gmt":"2026-02-25T00:01:15","slug":"konop-s-upletkom-24-mm-x-20mt-crni","status":"publish","type":"product","link":"https:\/\/stoic-curie.212-227-153-4.plesk.page\/hr\/product\/konop-s-upletkom-24-mm-x-20mt-crni\/","title":{"rendered":"Konop s upletkom 24 mm x 20mt crni"},"content":{"rendered":"<p>Konop s upletkom 24 mm x 20mt crni &#8211; <\/p>\n<p>Spreman za upotrebu: pletena u\u017ee s ru\u010dno izra\u0111enom i dovr\u0161enom nehr\u0111aju\u0107om \u010deli\u010dnom om\u010dom. Tako\u0111er je zavr\u0161ni terminal ru\u010dno obra\u0111en i \u0161iven kako bi se izbjegle nesavr\u0161eno\u0161\u0107u. Sna\u017eno i mekano, izra\u0111eno od 16-pletenog poliester s visokim otporom, s maksimalnom otporno\u0161\u0107u na abraziju. Ne pluta. daN = \u010dvrsto\u0107a na kidanje u Kg<\/p>\n","protected":false},"excerpt":{"rendered":"<p>Konop s upletkom 24 mm x 20mt crni &#8211; Spreman za upotrebu: pletena u\u017ee s ru\u010dno izra\u0111enom i dovr\u0161enom nehr\u0111aju\u0107om<\/p>\n","protected":false},"featured_media":5942784,"comment_status":"open","ping_status":"closed","template":"","meta":[],"product_brand":[3101],"product_cat":[1622,1623],"product_tag":[],"class_list":{"0":"post-744700","1":"product","2":"type-product","3":"status-publish","4":"has-post-thumbnail","6":"product_brand-marco-benvenuti-hr","7":"product_cat-konopi-za-pristajanje-i-privez","8":"product_cat-prethodno-spojena-uzad","10":"first","11":"instock","12":"shipping-taxable","13":"purchasable","14":"product-type-simple"},"_links":{"self":[{"href":"https:\/\/stoic-curie.212-227-153-4.plesk.page\/hr\/wp-json\/wp\/v2\/product\/744700","targetHints":{"allow":["GET"]}}],"collection":[{"href":"https:\/\/stoic-curie.212-227-153-4.plesk.page\/hr\/wp-json\/wp\/v2\/product"}],"about":[{"href":"https:\/\/stoic-curie.212-227-153-4.plesk.page\/hr\/wp-json\/wp\/v2\/types\/product"}],"replies":[{"embeddable":true,"href":"https:\/\/stoic-curie.212-227-153-4.plesk.page\/hr\/wp-json\/wp\/v2\/comments?post=744700"}],"version-history":[{"count":0,"href":"https:\/\/stoic-curie.212-227-153-4.plesk.page\/hr\/wp-json\/wp\/v2\/product\/744700\/revisions"}],"wp:featuredmedia":[{"embeddable":true,"href":"https:\/\/stoic-curie.212-227-153-4.plesk.page\/hr\/wp-json\/wp\/v2\/media\/5942784"}],"wp:attachment":[{"href":"https:\/\/stoic-curie.212-227-153-4.plesk.page\/hr\/wp-json\/wp\/v2\/media?parent=744700"}],"wp:term":[{"taxonomy":"product_brand","embeddable":true,"href":"https:\/\/stoic-curie.212-227-153-4.plesk.page\/hr\/wp-json\/wp\/v2\/product_brand?post=744700"},{"taxonomy":"product_cat","embeddable":true,"href":"https:\/\/stoic-curie.212-227-153-4.plesk.page\/hr\/wp-json\/wp\/v2\/product_cat?post=744700"},{"taxonomy":"product_tag","embeddable":true,"href":"https:\/\/stoic-curie.212-227-153-4.plesk.page\/hr\/wp-json\/wp\/v2\/product_tag?post=744700"}],"curies":[{"name":"wp","href":"https:\/\/api.w.org\/{rel}","templated":true}]}}