{"id":744702,"date":"2025-03-03T19:57:46","date_gmt":"2025-03-03T18:57:46","guid":{"rendered":"https:\/\/stoic-curie.212-227-153-4.plesk.page\/producto\/stolica-za-sklapanje-od-tikovine-mb-plava-52-x-48-x-v90cm\/"},"modified":"2026-02-25T00:01:15","modified_gmt":"2026-02-25T00:01:15","slug":"stolica-za-sklapanje-od-tikovine-mb-plava-52-x-48-x-v90cm","status":"publish","type":"product","link":"https:\/\/stoic-curie.212-227-153-4.plesk.page\/hr\/product\/stolica-za-sklapanje-od-tikovine-mb-plava-52-x-48-x-v90cm\/","title":{"rendered":"Stolica za sklapanje od tikovine MB Plava 52 x 48 x V90cm"},"content":{"rendered":"<p>Stolica za sklapanje od tikovine MB Plava 52 x 48 x V90cm &#8211; <\/p>\n<p>Preklopne re\u017eiserske stolice od visokokvalitetnog teak drva, otporne na UV zrake za pomorsku upotrebu. Hardver i vijci od nehr\u0111aju\u0107eg \u010delika, s umetnutim \u0161arkama i oja\u010davanjem. Platno od olefina otporno na kidanje koje odbija vodu, otporno na sunce (ne gubi boju) i mo\u017ee se prati izbjeljiva\u010dem. Rezervno platno dostupno u 5 boja.<\/p>\n","protected":false},"excerpt":{"rendered":"<p>Stolica za sklapanje od tikovine MB Plava 52 x 48 x V90cm &#8211; Preklopne re\u017eiserske stolice od visokokvalitetnog teak drva,<\/p>\n","protected":false},"featured_media":5946733,"comment_status":"open","ping_status":"closed","template":"","meta":[],"product_brand":[3111],"product_cat":[1642],"product_tag":[],"class_list":{"0":"post-744702","1":"product","2":"type-product","3":"status-publish","4":"has-post-thumbnail","6":"product_brand-marine-business-mb-hr","7":"product_cat-brodske-stolice-i-stolovi","9":"first","10":"instock","11":"shipping-taxable","12":"purchasable","13":"product-type-simple"},"_links":{"self":[{"href":"https:\/\/stoic-curie.212-227-153-4.plesk.page\/hr\/wp-json\/wp\/v2\/product\/744702","targetHints":{"allow":["GET"]}}],"collection":[{"href":"https:\/\/stoic-curie.212-227-153-4.plesk.page\/hr\/wp-json\/wp\/v2\/product"}],"about":[{"href":"https:\/\/stoic-curie.212-227-153-4.plesk.page\/hr\/wp-json\/wp\/v2\/types\/product"}],"replies":[{"embeddable":true,"href":"https:\/\/stoic-curie.212-227-153-4.plesk.page\/hr\/wp-json\/wp\/v2\/comments?post=744702"}],"version-history":[{"count":0,"href":"https:\/\/stoic-curie.212-227-153-4.plesk.page\/hr\/wp-json\/wp\/v2\/product\/744702\/revisions"}],"wp:featuredmedia":[{"embeddable":true,"href":"https:\/\/stoic-curie.212-227-153-4.plesk.page\/hr\/wp-json\/wp\/v2\/media\/5946733"}],"wp:attachment":[{"href":"https:\/\/stoic-curie.212-227-153-4.plesk.page\/hr\/wp-json\/wp\/v2\/media?parent=744702"}],"wp:term":[{"taxonomy":"product_brand","embeddable":true,"href":"https:\/\/stoic-curie.212-227-153-4.plesk.page\/hr\/wp-json\/wp\/v2\/product_brand?post=744702"},{"taxonomy":"product_cat","embeddable":true,"href":"https:\/\/stoic-curie.212-227-153-4.plesk.page\/hr\/wp-json\/wp\/v2\/product_cat?post=744702"},{"taxonomy":"product_tag","embeddable":true,"href":"https:\/\/stoic-curie.212-227-153-4.plesk.page\/hr\/wp-json\/wp\/v2\/product_tag?post=744702"}],"curies":[{"name":"wp","href":"https:\/\/api.w.org\/{rel}","templated":true}]}}