{"id":744703,"date":"2025-03-03T19:57:47","date_gmt":"2025-03-03T18:57:47","guid":{"rendered":"https:\/\/stoic-curie.212-227-153-4.plesk.page\/producto\/sklopiva-stolica-od-tikovine-mb-bijela-52-x-48-x-v90cm-2\/"},"modified":"2026-02-25T00:01:15","modified_gmt":"2026-02-25T00:01:15","slug":"sklopiva-stolica-od-tikovine-mb-bijela-52-x-48-x-v90cm-2","status":"publish","type":"product","link":"https:\/\/stoic-curie.212-227-153-4.plesk.page\/hr\/product\/sklopiva-stolica-od-tikovine-mb-bijela-52-x-48-x-v90cm-2\/","title":{"rendered":"Sklopiva stolica od tikovine MB Bijela 52 x 48 x V90cm"},"content":{"rendered":"<p>Sklopiva stolica od tikovine MB Bijela 52 x 48 x V90cm &#8211; <\/p>\n<p>Pli\u0107a stolica od visokokvalitetnog tikovine otporna na UV zrake, idealna za na moru. Prikladni su pribor od nehr\u0111aju\u0107eg \u010delika i vijci s ravnim zglobovima. Neproljetna Olefin tkanina koja odbija vodu, otporna je na sunce (ne gubi boju) i mo\u017ee se prati i izbeljiva\u010dem. Zamjenska tkanina dostupna u 5 boja.<\/p>\n","protected":false},"excerpt":{"rendered":"<p>Sklopiva stolica od tikovine MB Bijela 52 x 48 x V90cm &#8211; Pli\u0107a stolica od visokokvalitetnog tikovine otporna na UV<\/p>\n","protected":false},"featured_media":5946734,"comment_status":"open","ping_status":"closed","template":"","meta":[],"product_brand":[3111],"product_cat":[1642],"product_tag":[],"class_list":{"0":"post-744703","1":"product","2":"type-product","3":"status-publish","4":"has-post-thumbnail","6":"product_brand-marine-business-mb-hr","7":"product_cat-brodske-stolice-i-stolovi","9":"first","10":"instock","11":"shipping-taxable","12":"purchasable","13":"product-type-simple"},"_links":{"self":[{"href":"https:\/\/stoic-curie.212-227-153-4.plesk.page\/hr\/wp-json\/wp\/v2\/product\/744703","targetHints":{"allow":["GET"]}}],"collection":[{"href":"https:\/\/stoic-curie.212-227-153-4.plesk.page\/hr\/wp-json\/wp\/v2\/product"}],"about":[{"href":"https:\/\/stoic-curie.212-227-153-4.plesk.page\/hr\/wp-json\/wp\/v2\/types\/product"}],"replies":[{"embeddable":true,"href":"https:\/\/stoic-curie.212-227-153-4.plesk.page\/hr\/wp-json\/wp\/v2\/comments?post=744703"}],"version-history":[{"count":0,"href":"https:\/\/stoic-curie.212-227-153-4.plesk.page\/hr\/wp-json\/wp\/v2\/product\/744703\/revisions"}],"wp:featuredmedia":[{"embeddable":true,"href":"https:\/\/stoic-curie.212-227-153-4.plesk.page\/hr\/wp-json\/wp\/v2\/media\/5946734"}],"wp:attachment":[{"href":"https:\/\/stoic-curie.212-227-153-4.plesk.page\/hr\/wp-json\/wp\/v2\/media?parent=744703"}],"wp:term":[{"taxonomy":"product_brand","embeddable":true,"href":"https:\/\/stoic-curie.212-227-153-4.plesk.page\/hr\/wp-json\/wp\/v2\/product_brand?post=744703"},{"taxonomy":"product_cat","embeddable":true,"href":"https:\/\/stoic-curie.212-227-153-4.plesk.page\/hr\/wp-json\/wp\/v2\/product_cat?post=744703"},{"taxonomy":"product_tag","embeddable":true,"href":"https:\/\/stoic-curie.212-227-153-4.plesk.page\/hr\/wp-json\/wp\/v2\/product_tag?post=744703"}],"curies":[{"name":"wp","href":"https:\/\/api.w.org\/{rel}","templated":true}]}}