{"id":744704,"date":"2025-03-03T19:57:47","date_gmt":"2025-03-03T18:57:47","guid":{"rendered":"https:\/\/stoic-curie.212-227-153-4.plesk.page\/producto\/sklopiva-stolica-od-tikovine-mb-plava\/"},"modified":"2026-02-25T00:01:15","modified_gmt":"2026-02-25T00:01:15","slug":"sklopiva-stolica-od-tikovine-mb-plava","status":"publish","type":"product","link":"https:\/\/stoic-curie.212-227-153-4.plesk.page\/hr\/product\/sklopiva-stolica-od-tikovine-mb-plava\/","title":{"rendered":"Sklopiva stolica od tikovine MB Plava"},"content":{"rendered":"<p>Sklopiva stolica od tikovine MB Plava &#8211; <\/p>\n<p>Sklopivi drveni stolac od tikovine visoke kvalitete, otporan na UV zrake, za morsku upotrebu. Hardver i vijci od nehr\u0111aju\u0107eg \u010delika s utopljenim \u0161arkama. Platno od olefina otporno na kidanje koje odbija vodu, otporno na sunce (ne gubi boju) i mo\u017ee se prati s izbjeljiva\u010dem. Rezervna tkanina dostupna u 5 boja.<\/p>\n","protected":false},"excerpt":{"rendered":"<p>Sklopiva stolica od tikovine MB Plava &#8211; Sklopivi drveni stolac od tikovine visoke kvalitete, otporan na UV zrake, za morsku<\/p>\n","protected":false},"featured_media":5946734,"comment_status":"open","ping_status":"closed","template":"","meta":[],"product_brand":[3111],"product_cat":[1642],"product_tag":[],"class_list":{"0":"post-744704","1":"product","2":"type-product","3":"status-publish","4":"has-post-thumbnail","6":"product_brand-marine-business-mb-hr","7":"product_cat-brodske-stolice-i-stolovi","9":"first","10":"instock","11":"shipping-taxable","12":"purchasable","13":"product-type-simple"},"_links":{"self":[{"href":"https:\/\/stoic-curie.212-227-153-4.plesk.page\/hr\/wp-json\/wp\/v2\/product\/744704","targetHints":{"allow":["GET"]}}],"collection":[{"href":"https:\/\/stoic-curie.212-227-153-4.plesk.page\/hr\/wp-json\/wp\/v2\/product"}],"about":[{"href":"https:\/\/stoic-curie.212-227-153-4.plesk.page\/hr\/wp-json\/wp\/v2\/types\/product"}],"replies":[{"embeddable":true,"href":"https:\/\/stoic-curie.212-227-153-4.plesk.page\/hr\/wp-json\/wp\/v2\/comments?post=744704"}],"version-history":[{"count":0,"href":"https:\/\/stoic-curie.212-227-153-4.plesk.page\/hr\/wp-json\/wp\/v2\/product\/744704\/revisions"}],"wp:featuredmedia":[{"embeddable":true,"href":"https:\/\/stoic-curie.212-227-153-4.plesk.page\/hr\/wp-json\/wp\/v2\/media\/5946734"}],"wp:attachment":[{"href":"https:\/\/stoic-curie.212-227-153-4.plesk.page\/hr\/wp-json\/wp\/v2\/media?parent=744704"}],"wp:term":[{"taxonomy":"product_brand","embeddable":true,"href":"https:\/\/stoic-curie.212-227-153-4.plesk.page\/hr\/wp-json\/wp\/v2\/product_brand?post=744704"},{"taxonomy":"product_cat","embeddable":true,"href":"https:\/\/stoic-curie.212-227-153-4.plesk.page\/hr\/wp-json\/wp\/v2\/product_cat?post=744704"},{"taxonomy":"product_tag","embeddable":true,"href":"https:\/\/stoic-curie.212-227-153-4.plesk.page\/hr\/wp-json\/wp\/v2\/product_tag?post=744704"}],"curies":[{"name":"wp","href":"https:\/\/api.w.org\/{rel}","templated":true}]}}