{"id":744706,"date":"2025-03-03T19:57:47","date_gmt":"2025-03-03T18:57:47","guid":{"rendered":"https:\/\/stoic-curie.212-227-153-4.plesk.page\/producto\/plutajuci-prekidac-johnson-34-1900b-24v\/"},"modified":"2026-02-25T00:01:15","modified_gmt":"2026-02-25T00:01:15","slug":"plutajuci-prekidac-johnson-34-1900b-24v","status":"publish","type":"product","link":"https:\/\/stoic-curie.212-227-153-4.plesk.page\/hr\/product\/plutajuci-prekidac-johnson-34-1900b-24v\/","title":{"rendered":"Plutajuci prekidac Johnson 34-1900B-24V"},"content":{"rendered":"<p>Plutajuci prekidac Johnson 34-1900B-24V &#8211; <\/p>\n<p>Vrlo pouzdani prekida\u010d pumpe za balast s elektroni\u010dkom kombinacijom solid state i zatvorenim plovkom. Opremljen sustavom prevencije la\u017enog pokretanja, bez \u017eive, otporna na udarce polimernom konstrukcijom s zatvorenoj elektronici.<\/p>\n","protected":false},"excerpt":{"rendered":"<p>Plutajuci prekidac Johnson 34-1900B-24V &#8211; Vrlo pouzdani prekida\u010d pumpe za balast s elektroni\u010dkom kombinacijom solid state i zatvorenim plovkom. Opremljen<\/p>\n","protected":false},"featured_media":5946738,"comment_status":"open","ping_status":"closed","template":"","meta":[],"product_brand":[3046],"product_cat":[1659],"product_tag":[],"class_list":{"0":"post-744706","1":"product","2":"type-product","3":"status-publish","4":"has-post-thumbnail","6":"product_brand-johnson-marine-hr","7":"product_cat-elektricne-kaljuzne-pumpe","9":"first","10":"instock","11":"shipping-taxable","12":"purchasable","13":"product-type-simple"},"_links":{"self":[{"href":"https:\/\/stoic-curie.212-227-153-4.plesk.page\/hr\/wp-json\/wp\/v2\/product\/744706","targetHints":{"allow":["GET"]}}],"collection":[{"href":"https:\/\/stoic-curie.212-227-153-4.plesk.page\/hr\/wp-json\/wp\/v2\/product"}],"about":[{"href":"https:\/\/stoic-curie.212-227-153-4.plesk.page\/hr\/wp-json\/wp\/v2\/types\/product"}],"replies":[{"embeddable":true,"href":"https:\/\/stoic-curie.212-227-153-4.plesk.page\/hr\/wp-json\/wp\/v2\/comments?post=744706"}],"version-history":[{"count":0,"href":"https:\/\/stoic-curie.212-227-153-4.plesk.page\/hr\/wp-json\/wp\/v2\/product\/744706\/revisions"}],"wp:featuredmedia":[{"embeddable":true,"href":"https:\/\/stoic-curie.212-227-153-4.plesk.page\/hr\/wp-json\/wp\/v2\/media\/5946738"}],"wp:attachment":[{"href":"https:\/\/stoic-curie.212-227-153-4.plesk.page\/hr\/wp-json\/wp\/v2\/media?parent=744706"}],"wp:term":[{"taxonomy":"product_brand","embeddable":true,"href":"https:\/\/stoic-curie.212-227-153-4.plesk.page\/hr\/wp-json\/wp\/v2\/product_brand?post=744706"},{"taxonomy":"product_cat","embeddable":true,"href":"https:\/\/stoic-curie.212-227-153-4.plesk.page\/hr\/wp-json\/wp\/v2\/product_cat?post=744706"},{"taxonomy":"product_tag","embeddable":true,"href":"https:\/\/stoic-curie.212-227-153-4.plesk.page\/hr\/wp-json\/wp\/v2\/product_tag?post=744706"}],"curies":[{"name":"wp","href":"https:\/\/api.w.org\/{rel}","templated":true}]}}