{"id":744712,"date":"2025-03-03T19:57:49","date_gmt":"2025-03-03T18:57:49","guid":{"rendered":"https:\/\/stoic-curie.212-227-153-4.plesk.page\/producto\/jobe-stimmel-pack\/"},"modified":"2026-02-25T00:01:15","modified_gmt":"2026-02-25T00:01:15","slug":"jobe-stimmel-pack","status":"publish","type":"product","link":"https:\/\/stoic-curie.212-227-153-4.plesk.page\/hr\/product\/jobe-stimmel-pack\/","title":{"rendered":"Jobe Stimmel Pack"},"content":{"rendered":"<p>Jobe Stimmel Pack &#8211; <\/p>\n<p>Jobe Stimmel Multiposition paddle za pla\u017eu predstavlja inovativni All-in-One proizvod jer se mo\u017ee koristiti kao wakeboard, skije, wakeskate i wakesurf s minimalno 6 pozicija. S udobnom EVA palubom protiv klizanja, lijevkom od injektiranog plasti\u010dnog materijala s integriranim vu\u010dnim kukom i uklonjivim surf fins. Kompletno s ru\u010dkom za vu\u010du i torbom.<\/p>\n","protected":false},"excerpt":{"rendered":"<p>Jobe Stimmel Pack &#8211; Jobe Stimmel Multiposition paddle za pla\u017eu predstavlja inovativni All-in-One proizvod jer se mo\u017ee koristiti kao wakeboard,<\/p>\n","protected":false},"featured_media":5946755,"comment_status":"open","ping_status":"closed","template":"","meta":[],"product_brand":[3041],"product_cat":[1846],"product_tag":[],"class_list":{"0":"post-744712","1":"product","2":"type-product","3":"status-publish","4":"has-post-thumbnail","6":"product_brand-jobe-sports-hr","7":"product_cat-oprema-za-skijanje-na-vodi","9":"first","10":"instock","11":"shipping-taxable","12":"purchasable","13":"product-type-simple"},"_links":{"self":[{"href":"https:\/\/stoic-curie.212-227-153-4.plesk.page\/hr\/wp-json\/wp\/v2\/product\/744712","targetHints":{"allow":["GET"]}}],"collection":[{"href":"https:\/\/stoic-curie.212-227-153-4.plesk.page\/hr\/wp-json\/wp\/v2\/product"}],"about":[{"href":"https:\/\/stoic-curie.212-227-153-4.plesk.page\/hr\/wp-json\/wp\/v2\/types\/product"}],"replies":[{"embeddable":true,"href":"https:\/\/stoic-curie.212-227-153-4.plesk.page\/hr\/wp-json\/wp\/v2\/comments?post=744712"}],"version-history":[{"count":0,"href":"https:\/\/stoic-curie.212-227-153-4.plesk.page\/hr\/wp-json\/wp\/v2\/product\/744712\/revisions"}],"wp:featuredmedia":[{"embeddable":true,"href":"https:\/\/stoic-curie.212-227-153-4.plesk.page\/hr\/wp-json\/wp\/v2\/media\/5946755"}],"wp:attachment":[{"href":"https:\/\/stoic-curie.212-227-153-4.plesk.page\/hr\/wp-json\/wp\/v2\/media?parent=744712"}],"wp:term":[{"taxonomy":"product_brand","embeddable":true,"href":"https:\/\/stoic-curie.212-227-153-4.plesk.page\/hr\/wp-json\/wp\/v2\/product_brand?post=744712"},{"taxonomy":"product_cat","embeddable":true,"href":"https:\/\/stoic-curie.212-227-153-4.plesk.page\/hr\/wp-json\/wp\/v2\/product_cat?post=744712"},{"taxonomy":"product_tag","embeddable":true,"href":"https:\/\/stoic-curie.212-227-153-4.plesk.page\/hr\/wp-json\/wp\/v2\/product_tag?post=744712"}],"curies":[{"name":"wp","href":"https:\/\/api.w.org\/{rel}","templated":true}]}}