{"id":744723,"date":"2025-03-03T19:57:52","date_gmt":"2025-03-03T18:57:52","guid":{"rendered":"https:\/\/stoic-curie.212-227-153-4.plesk.page\/producto\/rukavice-za-jedrenje-musto-performance-full-size-xl\/"},"modified":"2026-02-25T00:01:15","modified_gmt":"2026-02-25T00:01:15","slug":"rukavice-za-jedrenje-musto-performance-full-size-xl","status":"publish","type":"product","link":"https:\/\/stoic-curie.212-227-153-4.plesk.page\/hr\/product\/rukavice-za-jedrenje-musto-performance-full-size-xl\/","title":{"rendered":"Rukavice za jedrenje Musto Performance Full &#8211; Size: XL"},"content":{"rendered":"<p>Rukavice za jedrenje Musto Performance Full &#8211; Size: XL &#8211; <\/p>\n<p>Musto premium rukavice za performanse imaju laganu konstrukciju dinami\u010dke mre\u017ee koja se iste\u017ee u 4 smjera, kombiniraju\u0107i prozra\u010dnu, anatomski uskla\u0111enu udobnost s punom slobodom pokreta. Dynamic Git sustav omogu\u0107ava neometano kretanje zape\u0161\u0107a za potpunu udobnost. GripFlex dlan osigurava superiorno prianjanje s produ\u017eenim man\u017eetom za dodatnu za\u0161titu.<\/p>\n","protected":false},"excerpt":{"rendered":"<p>Rukavice za jedrenje Musto Performance Full &#8211; Size: XL &#8211; Musto premium rukavice za performanse imaju laganu konstrukciju dinami\u010dke mre\u017ee<\/p>\n","protected":false},"featured_media":5946761,"comment_status":"open","ping_status":"closed","template":"","meta":[],"product_brand":[2307,3156],"product_cat":[1854,1858],"product_tag":[],"class_list":{"0":"post-744723","1":"product","2":"type-product","3":"status-publish","4":"has-post-thumbnail","6":"product_brand-musto","7":"product_brand-musto-hr","8":"product_cat-jedrilicarska-odjeca-musto","9":"product_cat-rukavice-za-jedrenje","11":"first","12":"instock","13":"shipping-taxable","14":"purchasable","15":"product-type-simple"},"_links":{"self":[{"href":"https:\/\/stoic-curie.212-227-153-4.plesk.page\/hr\/wp-json\/wp\/v2\/product\/744723","targetHints":{"allow":["GET"]}}],"collection":[{"href":"https:\/\/stoic-curie.212-227-153-4.plesk.page\/hr\/wp-json\/wp\/v2\/product"}],"about":[{"href":"https:\/\/stoic-curie.212-227-153-4.plesk.page\/hr\/wp-json\/wp\/v2\/types\/product"}],"replies":[{"embeddable":true,"href":"https:\/\/stoic-curie.212-227-153-4.plesk.page\/hr\/wp-json\/wp\/v2\/comments?post=744723"}],"version-history":[{"count":0,"href":"https:\/\/stoic-curie.212-227-153-4.plesk.page\/hr\/wp-json\/wp\/v2\/product\/744723\/revisions"}],"wp:featuredmedia":[{"embeddable":true,"href":"https:\/\/stoic-curie.212-227-153-4.plesk.page\/hr\/wp-json\/wp\/v2\/media\/5946761"}],"wp:attachment":[{"href":"https:\/\/stoic-curie.212-227-153-4.plesk.page\/hr\/wp-json\/wp\/v2\/media?parent=744723"}],"wp:term":[{"taxonomy":"product_brand","embeddable":true,"href":"https:\/\/stoic-curie.212-227-153-4.plesk.page\/hr\/wp-json\/wp\/v2\/product_brand?post=744723"},{"taxonomy":"product_cat","embeddable":true,"href":"https:\/\/stoic-curie.212-227-153-4.plesk.page\/hr\/wp-json\/wp\/v2\/product_cat?post=744723"},{"taxonomy":"product_tag","embeddable":true,"href":"https:\/\/stoic-curie.212-227-153-4.plesk.page\/hr\/wp-json\/wp\/v2\/product_tag?post=744723"}],"curies":[{"name":"wp","href":"https:\/\/api.w.org\/{rel}","templated":true}]}}