{"id":744742,"date":"2025-03-03T19:57:57","date_gmt":"2025-03-03T18:57:57","guid":{"rendered":"https:\/\/stoic-curie.212-227-153-4.plesk.page\/producto\/vetus-bpppa-joystick\/"},"modified":"2026-02-25T00:01:15","modified_gmt":"2026-02-25T00:01:15","slug":"vetus-bpppa-joystick","status":"publish","type":"product","link":"https:\/\/stoic-curie.212-227-153-4.plesk.page\/hr\/product\/vetus-bpppa-joystick\/","title":{"rendered":"Vetus BPPPA joystick"},"content":{"rendered":"<p>Vetus BPPPA joystick &#8211; <\/p>\n<p>Proporcionalni dodaci za Vetus pram\u010dani propeler. BPPPA: aluminijski kontrolni panel CAN Bus s joystickom. BPPJA: aluminijski kontrolni panel CAN Bus s funkcijama zaklju\u010davanja i zadr\u017eavanja na joysticku. V-CAN kabel: CAN Bus spojni kabel izme\u0111u kontrolnog panela i pram\u010danog propelera. CAN \u010dvori\u0161te: vi\u0161estruka uti\u010dnica za V-CAN kablove. BPROBSET kabelski instalacijski kit za instalaciju pram\u010danog propelera, koji se sastoji od: naponskog kabela, V-CAN kabela (1 metar) i CAN Bus otpornika. BOWHPCK kabelski spojni kit: pojednostavljuje povezivanje kablova ve\u0107eg promjera, \u0161to je bitno pri kori\u0161tenju kablova promjera > 95 mm\u00b2.<\/p>\n","protected":false},"excerpt":{"rendered":"<p>Vetus BPPPA joystick &#8211; Proporcionalni dodaci za Vetus pram\u010dani propeler. BPPPA: aluminijski kontrolni panel CAN Bus s joystickom. BPPJA: aluminijski<\/p>\n","protected":false},"featured_media":5946778,"comment_status":"open","ping_status":"closed","template":"","meta":[],"product_brand":[3521],"product_cat":[1609],"product_tag":[],"class_list":{"0":"post-744742","1":"product","2":"type-product","3":"status-publish","4":"has-post-thumbnail","6":"product_brand-vetus-hr","7":"product_cat-pramcani-potisnici-vetus","9":"first","10":"instock","11":"shipping-taxable","12":"purchasable","13":"product-type-simple"},"_links":{"self":[{"href":"https:\/\/stoic-curie.212-227-153-4.plesk.page\/hr\/wp-json\/wp\/v2\/product\/744742","targetHints":{"allow":["GET"]}}],"collection":[{"href":"https:\/\/stoic-curie.212-227-153-4.plesk.page\/hr\/wp-json\/wp\/v2\/product"}],"about":[{"href":"https:\/\/stoic-curie.212-227-153-4.plesk.page\/hr\/wp-json\/wp\/v2\/types\/product"}],"replies":[{"embeddable":true,"href":"https:\/\/stoic-curie.212-227-153-4.plesk.page\/hr\/wp-json\/wp\/v2\/comments?post=744742"}],"version-history":[{"count":0,"href":"https:\/\/stoic-curie.212-227-153-4.plesk.page\/hr\/wp-json\/wp\/v2\/product\/744742\/revisions"}],"wp:featuredmedia":[{"embeddable":true,"href":"https:\/\/stoic-curie.212-227-153-4.plesk.page\/hr\/wp-json\/wp\/v2\/media\/5946778"}],"wp:attachment":[{"href":"https:\/\/stoic-curie.212-227-153-4.plesk.page\/hr\/wp-json\/wp\/v2\/media?parent=744742"}],"wp:term":[{"taxonomy":"product_brand","embeddable":true,"href":"https:\/\/stoic-curie.212-227-153-4.plesk.page\/hr\/wp-json\/wp\/v2\/product_brand?post=744742"},{"taxonomy":"product_cat","embeddable":true,"href":"https:\/\/stoic-curie.212-227-153-4.plesk.page\/hr\/wp-json\/wp\/v2\/product_cat?post=744742"},{"taxonomy":"product_tag","embeddable":true,"href":"https:\/\/stoic-curie.212-227-153-4.plesk.page\/hr\/wp-json\/wp\/v2\/product_tag?post=744742"}],"curies":[{"name":"wp","href":"https:\/\/api.w.org\/{rel}","templated":true}]}}