{"id":744745,"date":"2025-03-03T19:57:58","date_gmt":"2025-03-03T18:57:58","guid":{"rendered":"https:\/\/stoic-curie.212-227-153-4.plesk.page\/producto\/kit-za-ugradnju-kabela-vetus-bprobset\/"},"modified":"2026-02-25T00:01:16","modified_gmt":"2026-02-25T00:01:16","slug":"kit-za-ugradnju-kabela-vetus-bprobset","status":"publish","type":"product","link":"https:\/\/stoic-curie.212-227-153-4.plesk.page\/hr\/product\/kit-za-ugradnju-kabela-vetus-bprobset\/","title":{"rendered":"Kit za ugradnju kabela Vetus BPROBSET"},"content":{"rendered":"<p>Kit za ugradnju kabela Vetus BPROBSET &#8211; <\/p>\n<p>Proporcionalni dodatci za pram\u010dane propelere Vetus.<br \/>BPPPA: Aluminijski CAN Bus kontrolni panel s joystickom.<br \/>BPPJA: Aluminijski CAN Bus kontrolni panel s funkcijama zaklju\u010davanja i zadr\u017eavanja na joysticku.<br \/>V-CAN kabel: CAN Bus spojni kabel izme\u0111u kontrolnog panela i pram\u010danog propelera. CAN hub: vi\u0161e uti\u010dnica za V-CAN kablove.<br \/>BPROBSET instalacijski kit za kablove za instalaciju pram\u010danog propelera, koji se sastoji od: naponskog kabela, V-CAN kabela (1 metar) i CAN Bus otpornika.<br \/>BOWHPCK kabelski spojni kit: pojednostavljuje povezivanje kablova ve\u0107ih promjera, \u0161to je bitno prilikom kori\u0161tenja kablova promjera > 95mm\u00b2.<\/p>\n","protected":false},"excerpt":{"rendered":"<p>Kit za ugradnju kabela Vetus BPROBSET &#8211; Proporcionalni dodatci za pram\u010dane propelere Vetus.BPPPA: Aluminijski CAN Bus kontrolni panel s joystickom.BPPJA:<\/p>\n","protected":false},"featured_media":5946786,"comment_status":"open","ping_status":"closed","template":"","meta":[],"product_brand":[3521],"product_cat":[1609],"product_tag":[],"class_list":{"0":"post-744745","1":"product","2":"type-product","3":"status-publish","4":"has-post-thumbnail","6":"product_brand-vetus-hr","7":"product_cat-pramcani-potisnici-vetus","9":"first","10":"instock","11":"shipping-taxable","12":"purchasable","13":"product-type-simple"},"_links":{"self":[{"href":"https:\/\/stoic-curie.212-227-153-4.plesk.page\/hr\/wp-json\/wp\/v2\/product\/744745","targetHints":{"allow":["GET"]}}],"collection":[{"href":"https:\/\/stoic-curie.212-227-153-4.plesk.page\/hr\/wp-json\/wp\/v2\/product"}],"about":[{"href":"https:\/\/stoic-curie.212-227-153-4.plesk.page\/hr\/wp-json\/wp\/v2\/types\/product"}],"replies":[{"embeddable":true,"href":"https:\/\/stoic-curie.212-227-153-4.plesk.page\/hr\/wp-json\/wp\/v2\/comments?post=744745"}],"version-history":[{"count":0,"href":"https:\/\/stoic-curie.212-227-153-4.plesk.page\/hr\/wp-json\/wp\/v2\/product\/744745\/revisions"}],"wp:featuredmedia":[{"embeddable":true,"href":"https:\/\/stoic-curie.212-227-153-4.plesk.page\/hr\/wp-json\/wp\/v2\/media\/5946786"}],"wp:attachment":[{"href":"https:\/\/stoic-curie.212-227-153-4.plesk.page\/hr\/wp-json\/wp\/v2\/media?parent=744745"}],"wp:term":[{"taxonomy":"product_brand","embeddable":true,"href":"https:\/\/stoic-curie.212-227-153-4.plesk.page\/hr\/wp-json\/wp\/v2\/product_brand?post=744745"},{"taxonomy":"product_cat","embeddable":true,"href":"https:\/\/stoic-curie.212-227-153-4.plesk.page\/hr\/wp-json\/wp\/v2\/product_cat?post=744745"},{"taxonomy":"product_tag","embeddable":true,"href":"https:\/\/stoic-curie.212-227-153-4.plesk.page\/hr\/wp-json\/wp\/v2\/product_tag?post=744745"}],"curies":[{"name":"wp","href":"https:\/\/api.w.org\/{rel}","templated":true}]}}