{"id":744750,"date":"2025-03-03T19:57:59","date_gmt":"2025-03-03T18:57:59","guid":{"rendered":"https:\/\/stoic-curie.212-227-153-4.plesk.page\/producto\/casa-za-vodu-mb-zivi-84-x-h95cm-paket-6-kom\/"},"modified":"2026-02-25T00:01:16","modified_gmt":"2026-02-25T00:01:16","slug":"casa-za-vodu-mb-zivi-84-x-h95cm-paket-6-kom","status":"publish","type":"product","link":"https:\/\/stoic-curie.212-227-153-4.plesk.page\/hr\/product\/casa-za-vodu-mb-zivi-84-x-h95cm-paket-6-kom\/","title":{"rendered":"\u010ca\u0161a za vodu MB \u017divi 8,4 x H9,5cm paket 6 kom"},"content":{"rendered":"<p>\u010ca\u0161a za vodu MB \u017divi 8,4 x H9,5cm paket 6 kom &#8211; <\/p>\n<p>Ukrasna \u010da\u0161a za vodu s neklizaju\u0107om podlogom. Izra\u0111ena od 100 % sertificiranog Tritana za kontakt s hranom. Prikladna za perilicu posu\u0111a, neprobojna i otporna na mrlje. 6 komada po pakiranju.<\/p>\n","protected":false},"excerpt":{"rendered":"<p>\u010ca\u0161a za vodu MB \u017divi 8,4 x H9,5cm paket 6 kom &#8211; Ukrasna \u010da\u0161a za vodu s neklizaju\u0107om podlogom. Izra\u0111ena<\/p>\n","protected":false},"featured_media":5946802,"comment_status":"open","ping_status":"closed","template":"","meta":[],"product_brand":[2232,3111],"product_cat":[1645],"product_tag":[],"class_list":{"0":"post-744750","1":"product","2":"type-product","3":"status-publish","4":"has-post-thumbnail","6":"product_brand-marine-business-mb","7":"product_brand-marine-business-mb-hr","8":"product_cat-brodsko-posude","10":"first","11":"instock","12":"shipping-taxable","13":"purchasable","14":"product-type-simple"},"_links":{"self":[{"href":"https:\/\/stoic-curie.212-227-153-4.plesk.page\/hr\/wp-json\/wp\/v2\/product\/744750","targetHints":{"allow":["GET"]}}],"collection":[{"href":"https:\/\/stoic-curie.212-227-153-4.plesk.page\/hr\/wp-json\/wp\/v2\/product"}],"about":[{"href":"https:\/\/stoic-curie.212-227-153-4.plesk.page\/hr\/wp-json\/wp\/v2\/types\/product"}],"replies":[{"embeddable":true,"href":"https:\/\/stoic-curie.212-227-153-4.plesk.page\/hr\/wp-json\/wp\/v2\/comments?post=744750"}],"version-history":[{"count":0,"href":"https:\/\/stoic-curie.212-227-153-4.plesk.page\/hr\/wp-json\/wp\/v2\/product\/744750\/revisions"}],"wp:featuredmedia":[{"embeddable":true,"href":"https:\/\/stoic-curie.212-227-153-4.plesk.page\/hr\/wp-json\/wp\/v2\/media\/5946802"}],"wp:attachment":[{"href":"https:\/\/stoic-curie.212-227-153-4.plesk.page\/hr\/wp-json\/wp\/v2\/media?parent=744750"}],"wp:term":[{"taxonomy":"product_brand","embeddable":true,"href":"https:\/\/stoic-curie.212-227-153-4.plesk.page\/hr\/wp-json\/wp\/v2\/product_brand?post=744750"},{"taxonomy":"product_cat","embeddable":true,"href":"https:\/\/stoic-curie.212-227-153-4.plesk.page\/hr\/wp-json\/wp\/v2\/product_cat?post=744750"},{"taxonomy":"product_tag","embeddable":true,"href":"https:\/\/stoic-curie.212-227-153-4.plesk.page\/hr\/wp-json\/wp\/v2\/product_tag?post=744750"}],"curies":[{"name":"wp","href":"https:\/\/api.w.org\/{rel}","templated":true}]}}