{"id":744751,"date":"2025-03-03T19:57:59","date_gmt":"2025-03-03T18:57:59","guid":{"rendered":"https:\/\/stoic-curie.212-227-153-4.plesk.page\/producto\/casa-za-vino-mb-zliving75-x-h186cm-pakiranje-6-kom\/"},"modified":"2026-02-25T00:01:16","modified_gmt":"2026-02-25T00:01:16","slug":"casa-za-vino-mb-zliving75-x-h186cm-pakiranje-6-kom","status":"publish","type":"product","link":"https:\/\/stoic-curie.212-227-153-4.plesk.page\/hr\/product\/casa-za-vino-mb-zliving75-x-h186cm-pakiranje-6-kom\/","title":{"rendered":"\u010ca\u0161a za vino MB \u017eliving7,5 x H18,6cm pakiranje 6 kom"},"content":{"rendered":"<p>\u010ca\u0161a za vino MB \u017eliving7,5 x H18,6cm pakiranje 6 kom &#8211; <\/p>\n<p>Elegantna vinska \u010da\u0161a s dekorativnim dizajnom i antislip podlogom. Izra\u0111ena od 100% certificiranog hrane sigurnog Tritana. Periva u perilici posu\u0111a, neprobojna i otporna na mrlje. 6 komada u pakiranju.<\/p>\n","protected":false},"excerpt":{"rendered":"<p>\u010ca\u0161a za vino MB \u017eliving7,5 x H18,6cm pakiranje 6 kom &#8211; Elegantna vinska \u010da\u0161a s dekorativnim dizajnom i antislip podlogom.<\/p>\n","protected":false},"featured_media":5946804,"comment_status":"open","ping_status":"closed","template":"","meta":[],"product_brand":[3111],"product_cat":[1645],"product_tag":[],"class_list":{"0":"post-744751","1":"product","2":"type-product","3":"status-publish","4":"has-post-thumbnail","6":"product_brand-marine-business-mb-hr","7":"product_cat-brodsko-posude","9":"first","10":"instock","11":"shipping-taxable","12":"purchasable","13":"product-type-simple"},"_links":{"self":[{"href":"https:\/\/stoic-curie.212-227-153-4.plesk.page\/hr\/wp-json\/wp\/v2\/product\/744751","targetHints":{"allow":["GET"]}}],"collection":[{"href":"https:\/\/stoic-curie.212-227-153-4.plesk.page\/hr\/wp-json\/wp\/v2\/product"}],"about":[{"href":"https:\/\/stoic-curie.212-227-153-4.plesk.page\/hr\/wp-json\/wp\/v2\/types\/product"}],"replies":[{"embeddable":true,"href":"https:\/\/stoic-curie.212-227-153-4.plesk.page\/hr\/wp-json\/wp\/v2\/comments?post=744751"}],"version-history":[{"count":0,"href":"https:\/\/stoic-curie.212-227-153-4.plesk.page\/hr\/wp-json\/wp\/v2\/product\/744751\/revisions"}],"wp:featuredmedia":[{"embeddable":true,"href":"https:\/\/stoic-curie.212-227-153-4.plesk.page\/hr\/wp-json\/wp\/v2\/media\/5946804"}],"wp:attachment":[{"href":"https:\/\/stoic-curie.212-227-153-4.plesk.page\/hr\/wp-json\/wp\/v2\/media?parent=744751"}],"wp:term":[{"taxonomy":"product_brand","embeddable":true,"href":"https:\/\/stoic-curie.212-227-153-4.plesk.page\/hr\/wp-json\/wp\/v2\/product_brand?post=744751"},{"taxonomy":"product_cat","embeddable":true,"href":"https:\/\/stoic-curie.212-227-153-4.plesk.page\/hr\/wp-json\/wp\/v2\/product_cat?post=744751"},{"taxonomy":"product_tag","embeddable":true,"href":"https:\/\/stoic-curie.212-227-153-4.plesk.page\/hr\/wp-json\/wp\/v2\/product_tag?post=744751"}],"curies":[{"name":"wp","href":"https:\/\/api.w.org\/{rel}","templated":true}]}}