{"id":744752,"date":"2025-03-03T19:58:00","date_gmt":"2025-03-03T18:58:00","guid":{"rendered":"https:\/\/stoic-curie.212-227-153-4.plesk.page\/producto\/casa-za-sampanjac-mb-living-55-x-h22-cm-pakiranje-6-kom\/"},"modified":"2026-02-25T00:01:16","modified_gmt":"2026-02-25T00:01:16","slug":"casa-za-sampanjac-mb-living-55-x-h22-cm-pakiranje-6-kom","status":"publish","type":"product","link":"https:\/\/stoic-curie.212-227-153-4.plesk.page\/hr\/product\/casa-za-sampanjac-mb-living-55-x-h22-cm-pakiranje-6-kom\/","title":{"rendered":"\u010ca\u0161a za \u0161ampanjac MB Living 5,5 x H22 cm pakiranje 6 kom"},"content":{"rendered":"<p>\u010ca\u0161a za \u0161ampanjac MB Living 5,5 x H22 cm pakiranje 6 kom &#8211; <\/p>\n<p>Ukrasna \u010da\u0161a za \u0161ampanjac s antislip podlogom. Izra\u0111ena od 100 % certificiranog hrane sigurnog Tritana. Periva u perilici posu\u0111a, neuni\u0161tiva i otporna na mrlje. 6 kom\/pak.<\/p>\n","protected":false},"excerpt":{"rendered":"<p>\u010ca\u0161a za \u0161ampanjac MB Living 5,5 x H22 cm pakiranje 6 kom &#8211; Ukrasna \u010da\u0161a za \u0161ampanjac s antislip podlogom.<\/p>\n","protected":false},"featured_media":5946806,"comment_status":"open","ping_status":"closed","template":"","meta":[],"product_brand":[3111],"product_cat":[1645],"product_tag":[],"class_list":{"0":"post-744752","1":"product","2":"type-product","3":"status-publish","4":"has-post-thumbnail","6":"product_brand-marine-business-mb-hr","7":"product_cat-brodsko-posude","9":"first","10":"instock","11":"shipping-taxable","12":"purchasable","13":"product-type-simple"},"_links":{"self":[{"href":"https:\/\/stoic-curie.212-227-153-4.plesk.page\/hr\/wp-json\/wp\/v2\/product\/744752","targetHints":{"allow":["GET"]}}],"collection":[{"href":"https:\/\/stoic-curie.212-227-153-4.plesk.page\/hr\/wp-json\/wp\/v2\/product"}],"about":[{"href":"https:\/\/stoic-curie.212-227-153-4.plesk.page\/hr\/wp-json\/wp\/v2\/types\/product"}],"replies":[{"embeddable":true,"href":"https:\/\/stoic-curie.212-227-153-4.plesk.page\/hr\/wp-json\/wp\/v2\/comments?post=744752"}],"version-history":[{"count":0,"href":"https:\/\/stoic-curie.212-227-153-4.plesk.page\/hr\/wp-json\/wp\/v2\/product\/744752\/revisions"}],"wp:featuredmedia":[{"embeddable":true,"href":"https:\/\/stoic-curie.212-227-153-4.plesk.page\/hr\/wp-json\/wp\/v2\/media\/5946806"}],"wp:attachment":[{"href":"https:\/\/stoic-curie.212-227-153-4.plesk.page\/hr\/wp-json\/wp\/v2\/media?parent=744752"}],"wp:term":[{"taxonomy":"product_brand","embeddable":true,"href":"https:\/\/stoic-curie.212-227-153-4.plesk.page\/hr\/wp-json\/wp\/v2\/product_brand?post=744752"},{"taxonomy":"product_cat","embeddable":true,"href":"https:\/\/stoic-curie.212-227-153-4.plesk.page\/hr\/wp-json\/wp\/v2\/product_cat?post=744752"},{"taxonomy":"product_tag","embeddable":true,"href":"https:\/\/stoic-curie.212-227-153-4.plesk.page\/hr\/wp-json\/wp\/v2\/product_tag?post=744752"}],"curies":[{"name":"wp","href":"https:\/\/api.w.org\/{rel}","templated":true}]}}