{"id":744756,"date":"2025-03-03T19:58:01","date_gmt":"2025-03-03T18:58:01","guid":{"rendered":"https:\/\/stoic-curie.212-227-153-4.plesk.page\/producto\/sidreno-vitlo-quick-dp2l-350w-12v-6mm-lanac\/"},"modified":"2026-02-25T00:01:16","modified_gmt":"2026-02-25T00:01:16","slug":"sidreno-vitlo-quick-dp2l-350w-12v-6mm-lanac","status":"publish","type":"product","link":"https:\/\/stoic-curie.212-227-153-4.plesk.page\/hr\/product\/sidreno-vitlo-quick-dp2l-350w-12v-6mm-lanac\/","title":{"rendered":"Sidreno vitlo Quick DP2L 350W 12v &#8211; 6mm Lanac"},"content":{"rendered":"<p>Sidreno vitlo Quick DP2L 350W 12v &#8211; 6mm Lanac &#8211; <\/p>\n<p style=\"color: rgb(34, 34, 34); font-family: Arial, Helvetica, sans-serif; font-size: small;\"><strong>Brzi DP2L 770 vertikalni vjetroturbini set 12V 350W&nbsp;<\/strong><\/p>\n<p style=\"color: rgb(34, 34, 34); font-family: Arial, Helvetica, sans-serif; font-size: small;\">Quick DP2L 770 je 12V, 350W vertikalni vjetroturbini dizajniran za \u010damce du\u017eine od \u0161est do osam metara (20-26 stopa). Ovaj vjetroturbini se odlikuje izdr\u017eljivom podlogom od nehr\u0111aju\u0107eg \u010delika AISI 316 i BHC konstrukcijom, koja omogu\u0107ava kori\u0161tenje u\u017eeta i lanca na jednoj gypsy. Zna\u010dajne karakteristike uklju\u010duju integrirani senzor i magnet za broja\u010d lanca, ru\u010dni Free-Fall sustav i vodotporni motor sa ocjenom IP66. Menja\u010d je tako\u0111er napravljen od BHC materijala.<\/p>\n<p style=\"color: rgb(34, 34, 34); font-family: Arial, Helvetica, sans-serif; font-size: small;\"><strong>Tehni\u010dke specifikacije:<\/strong><\/p>\n<ul style=\"color: rgb(34, 34, 34); font-family: Arial, Helvetica, sans-serif; font-size: small;\">\n<li><strong>Kompatibilnost lanca:<\/strong>&nbsp;6mm DIN 766, 6mm ISO<\/li>\n<li><strong>Kompatibilnost u\u017eeta:<\/strong>&nbsp;1\/2 in\u010da (12.7mm)<\/li>\n<li><strong>Vanjski promjer gypsy:<\/strong>&nbsp;105mm (4-9\/64 in\u010da)<\/li>\n<\/ul>\n<p style=\"color: rgb(34, 34, 34); font-family: Arial, Helvetica, sans-serif; font-size: small;\">Ovaj set vjetroturbini uklju\u010duje bron\u010dane i dijelove od nehr\u0111aju\u0107eg \u010delika za vu\u010du, senzor broja\u010da lanaca, kao i ru\u010dni Free-Fall sistem. Tako\u0111er uklju\u010duje ru\u010dni sustav za podizanje i pritisni ru\u010dicu. Set dolazi sa kontrolnom kutijom i ru\u010dkom, osiguravaju\u0107i jednostavnu upotrebu.<\/p>\n<p style=\"color: rgb(34, 34, 34); font-family: Arial, Helvetica, sans-serif; font-size: small;\"><strong>Klju\u010dne zna\u010dajke:<\/strong><\/p>\n<ul style=\"color: rgb(34, 34, 34); font-family: Arial, Helvetica, sans-serif; font-size: small;\">\n<li>Vertikalni dizajn vjetroturbina<\/li>\n<li>Osnova od nehr\u0111aju\u0107eg \u010delika AISI 316 i BHC konstrukcija<\/li>\n<li>Jedna gypsy za u\u017ead i lanac<\/li>\n<li>Integrirani senzor i magnet za broja\u010d lanca<\/li>\n<li>Ru\u010dni Free-Fall sustav<\/li>\n<li>Opremljen s pritiskom i inspekcijskim poklopcem<\/li>\n<li>Motor otporan na vodu do IP66<\/li>\n<li>Menja\u010d od BHC materijala<\/li>\n<\/ul>\n<p style=\"color: rgb(34, 34, 34); font-family: Arial, Helvetica, sans-serif; font-size: small;\">Quick DP2L 770 12V 350W vertikalni vjetroturbini set je idealan za \u010damce du\u017eine od \u0161est do osam metara (20-26 stopa). Set uklju\u010duje sljede\u0107e Quick proizvode:<\/p>\n<ul style=\"color: rgb(34, 34, 34); font-family: Arial, Helvetica, sans-serif; font-size: small;\">\n<li><strong>Quick DP2L 12V 350W vertikalni vjetroturbini sa 6mm gypsy<\/strong><\/li>\n<\/ul>\n<p style=\"color: rgb(34, 34, 34); font-family: Arial, Helvetica, sans-serif; font-size: small;\">Ovaj vjetroturbini je izra\u0111en sa podlogom od nehr\u0111aju\u0107eg \u010delika AISI 316 i BHC materijala, s jednom gypsy za u\u017ead i lanac. Tako\u0111er uklju\u010duje integrirani senzor i magnet za broja\u010d lanca, ru\u010dni Free-Fall sustav i vodootporni motor sa ocjenom IP66.<\/p>\n<p style=\"color: rgb(34, 34, 34); font-family: Arial, Helvetica, sans-serif; font-size: small;\"><strong>Tehni\u010dke specifikacije:<\/strong><\/p>\n<ul style=\"color: rgb(34, 34, 34); font-family: Arial, Helvetica, sans-serif; font-size: small;\">\n<li><strong>Primarna konstrukcija:<\/strong>&nbsp;Nehr\u0111aju\u0107i \u010delik<\/li>\n<li><strong>Prikladno za:<\/strong>&nbsp;Lanac i u\u017ee<\/li>\n<li><strong>Veli\u010dina \u010damca:<\/strong>&nbsp;6 do 8 metara du\u017eine<\/li>\n<li><strong>Veli\u010dina gypsy:<\/strong>&nbsp;6mm<\/li>\n<li><strong>Brend:<\/strong>&nbsp;Quick<\/li>\n<li><strong>Serija:<\/strong>&nbsp;Prince DP2L<\/li>\n<li><strong>Model:<\/strong>&nbsp;DP2L 770<\/li>\n<li><strong>Napon:<\/strong>&nbsp;12V DC<\/li>\n<li><strong>Snaga:<\/strong>&nbsp;350W<\/li>\n<li><strong>Sadr\u017eaj:<\/strong>&nbsp;DP2L 12V 350W vertikalni vjetroturbini sa 6mm gypsy, WCS810 kontrolna plo\u010da, 10040 osigura\u010d, pedala za podizanje (crna), pedala za spu\u0161tanje (crna)<\/li>\n<\/ul>\n","protected":false},"excerpt":{"rendered":"<p>Sidreno vitlo Quick DP2L 350W 12v &#8211; 6mm Lanac &#8211; Brzi DP2L 770 vertikalni vjetroturbini set 12V 350W&nbsp; Quick DP2L<\/p>\n","protected":false},"featured_media":5946865,"comment_status":"open","ping_status":"closed","template":"","meta":[],"product_brand":[3281],"product_cat":[1611],"product_tag":[],"class_list":{"0":"post-744756","1":"product","2":"type-product","3":"status-publish","4":"has-post-thumbnail","6":"product_brand-quick-hr","7":"product_cat-vitla-quick","9":"first","10":"instock","11":"shipping-taxable","12":"purchasable","13":"product-type-simple"},"_links":{"self":[{"href":"https:\/\/stoic-curie.212-227-153-4.plesk.page\/hr\/wp-json\/wp\/v2\/product\/744756","targetHints":{"allow":["GET"]}}],"collection":[{"href":"https:\/\/stoic-curie.212-227-153-4.plesk.page\/hr\/wp-json\/wp\/v2\/product"}],"about":[{"href":"https:\/\/stoic-curie.212-227-153-4.plesk.page\/hr\/wp-json\/wp\/v2\/types\/product"}],"replies":[{"embeddable":true,"href":"https:\/\/stoic-curie.212-227-153-4.plesk.page\/hr\/wp-json\/wp\/v2\/comments?post=744756"}],"version-history":[{"count":0,"href":"https:\/\/stoic-curie.212-227-153-4.plesk.page\/hr\/wp-json\/wp\/v2\/product\/744756\/revisions"}],"wp:featuredmedia":[{"embeddable":true,"href":"https:\/\/stoic-curie.212-227-153-4.plesk.page\/hr\/wp-json\/wp\/v2\/media\/5946865"}],"wp:attachment":[{"href":"https:\/\/stoic-curie.212-227-153-4.plesk.page\/hr\/wp-json\/wp\/v2\/media?parent=744756"}],"wp:term":[{"taxonomy":"product_brand","embeddable":true,"href":"https:\/\/stoic-curie.212-227-153-4.plesk.page\/hr\/wp-json\/wp\/v2\/product_brand?post=744756"},{"taxonomy":"product_cat","embeddable":true,"href":"https:\/\/stoic-curie.212-227-153-4.plesk.page\/hr\/wp-json\/wp\/v2\/product_cat?post=744756"},{"taxonomy":"product_tag","embeddable":true,"href":"https:\/\/stoic-curie.212-227-153-4.plesk.page\/hr\/wp-json\/wp\/v2\/product_tag?post=744756"}],"curies":[{"name":"wp","href":"https:\/\/api.w.org\/{rel}","templated":true}]}}