{"id":744763,"date":"2025-03-03T19:58:03","date_gmt":"2025-03-03T18:58:03","guid":{"rendered":"https:\/\/stoic-curie.212-227-153-4.plesk.page\/producto\/podvodno-led-svjetlo-atwood-bijelo-102-x-54mm-10wt-800-lumen\/"},"modified":"2026-02-25T00:01:16","modified_gmt":"2026-02-25T00:01:16","slug":"podvodno-led-svjetlo-atwood-bijelo-102-x-54mm-10wt-800-lumen","status":"publish","type":"product","link":"https:\/\/stoic-curie.212-227-153-4.plesk.page\/hr\/product\/podvodno-led-svjetlo-atwood-bijelo-102-x-54mm-10wt-800-lumen\/","title":{"rendered":"Podvodno LED svjetlo Atwood bijelo 102 x 54mm 10wt 800 lumen"},"content":{"rendered":"<p>Podvodno LED svjetlo Atwood bijelo 102 x 54mm 10wt 800 lumen &#8211; <\/p>\n<p>LED podvodna svjetiljka s ku\u0107i\u0161tem od \u0161ok-otpornog polimera i poklopcem od 316 nehr\u0111aju\u0107eg \u010delika. Pro\u0161ireni kut svjetlosti od 80\u00c2\u00b0 s neuni\u0161tivim UV otpornim le\u0107ama i elektronikom koja je zape\u010da\u0107ena gelom. Instalacija ispod razine vode s rupom promjera 14 mm i 2 pri\u010dvrsne vijka. Integrirani upravlja\u010d s za\u0161titnim krugom protiv naponskih skokova i preokretanja polariteta. Pa\u017enja: svjetla moraju uvijek biti uronjena kako bi se izbjeglo pregrijavanje.<\/p>\n","protected":false},"excerpt":{"rendered":"<p>Podvodno LED svjetlo Atwood bijelo 102 x 54mm 10wt 800 lumen &#8211; LED podvodna svjetiljka s ku\u0107i\u0161tem od \u0161ok-otpornog polimera<\/p>\n","protected":false},"featured_media":5946882,"comment_status":"open","ping_status":"closed","template":"","meta":[],"product_brand":[2806],"product_cat":[1731],"product_tag":[],"class_list":{"0":"post-744763","1":"product","2":"type-product","3":"status-publish","4":"has-post-thumbnail","6":"product_brand-attwood-hr","7":"product_cat-uronjiva-led-svjetla","9":"first","10":"instock","11":"shipping-taxable","12":"purchasable","13":"product-type-simple"},"_links":{"self":[{"href":"https:\/\/stoic-curie.212-227-153-4.plesk.page\/hr\/wp-json\/wp\/v2\/product\/744763","targetHints":{"allow":["GET"]}}],"collection":[{"href":"https:\/\/stoic-curie.212-227-153-4.plesk.page\/hr\/wp-json\/wp\/v2\/product"}],"about":[{"href":"https:\/\/stoic-curie.212-227-153-4.plesk.page\/hr\/wp-json\/wp\/v2\/types\/product"}],"replies":[{"embeddable":true,"href":"https:\/\/stoic-curie.212-227-153-4.plesk.page\/hr\/wp-json\/wp\/v2\/comments?post=744763"}],"version-history":[{"count":0,"href":"https:\/\/stoic-curie.212-227-153-4.plesk.page\/hr\/wp-json\/wp\/v2\/product\/744763\/revisions"}],"wp:featuredmedia":[{"embeddable":true,"href":"https:\/\/stoic-curie.212-227-153-4.plesk.page\/hr\/wp-json\/wp\/v2\/media\/5946882"}],"wp:attachment":[{"href":"https:\/\/stoic-curie.212-227-153-4.plesk.page\/hr\/wp-json\/wp\/v2\/media?parent=744763"}],"wp:term":[{"taxonomy":"product_brand","embeddable":true,"href":"https:\/\/stoic-curie.212-227-153-4.plesk.page\/hr\/wp-json\/wp\/v2\/product_brand?post=744763"},{"taxonomy":"product_cat","embeddable":true,"href":"https:\/\/stoic-curie.212-227-153-4.plesk.page\/hr\/wp-json\/wp\/v2\/product_cat?post=744763"},{"taxonomy":"product_tag","embeddable":true,"href":"https:\/\/stoic-curie.212-227-153-4.plesk.page\/hr\/wp-json\/wp\/v2\/product_tag?post=744763"}],"curies":[{"name":"wp","href":"https:\/\/api.w.org\/{rel}","templated":true}]}}