{"id":744764,"date":"2025-03-03T19:58:03","date_gmt":"2025-03-03T18:58:03","guid":{"rendered":"https:\/\/stoic-curie.212-227-153-4.plesk.page\/producto\/podvodno-led-svjetlo-atwood-plavo-102-x-54mm-10wt-800-lumen\/"},"modified":"2026-02-25T00:01:16","modified_gmt":"2026-02-25T00:01:16","slug":"podvodno-led-svjetlo-atwood-plavo-102-x-54mm-10wt-800-lumen","status":"publish","type":"product","link":"https:\/\/stoic-curie.212-227-153-4.plesk.page\/hr\/product\/podvodno-led-svjetlo-atwood-plavo-102-x-54mm-10wt-800-lumen\/","title":{"rendered":"Podvodno LED svjetlo Atwood plavo 102 x 54mm 10wt 800 lumen"},"content":{"rendered":"<p>Podvodno LED svjetlo Atwood plavo 102 x 54mm 10wt 800 lumen &#8211; <\/p>\n<p>LED podvodna svjetlost s ku\u0107i\u0161tem od polimera otpornih na udarce i poklopcem od nehr\u0111aju\u0107eg \u010delika 316. Pro\u0161ireni kut snopa svjetlosti od 80\u00c2\u00b0 s rasvjetnim le\u0107ama otpornim na udarce i UV te gelom premazanom za\u0161ti\u0107enom elektronikom. Instalacija ispod vodene linije s rupom od 14 mm i 2 vijka za pri\u010dvr\u0161\u0107ivanje. Integrirani upravlja\u010d s krugom za\u0161ti\u0107enim od naponskih vrhova i obrnute polarizacije. Pa\u017enja: svjetla uvijek moraju biti uronjena kako bi se sprije\u010dilo pregrijavanje.<\/p>\n","protected":false},"excerpt":{"rendered":"<p>Podvodno LED svjetlo Atwood plavo 102 x 54mm 10wt 800 lumen &#8211; LED podvodna svjetlost s ku\u0107i\u0161tem od polimera otpornih<\/p>\n","protected":false},"featured_media":5946883,"comment_status":"open","ping_status":"closed","template":"","meta":[],"product_brand":[2806],"product_cat":[1731],"product_tag":[],"class_list":{"0":"post-744764","1":"product","2":"type-product","3":"status-publish","4":"has-post-thumbnail","6":"product_brand-attwood-hr","7":"product_cat-uronjiva-led-svjetla","9":"first","10":"instock","11":"shipping-taxable","12":"purchasable","13":"product-type-simple"},"_links":{"self":[{"href":"https:\/\/stoic-curie.212-227-153-4.plesk.page\/hr\/wp-json\/wp\/v2\/product\/744764","targetHints":{"allow":["GET"]}}],"collection":[{"href":"https:\/\/stoic-curie.212-227-153-4.plesk.page\/hr\/wp-json\/wp\/v2\/product"}],"about":[{"href":"https:\/\/stoic-curie.212-227-153-4.plesk.page\/hr\/wp-json\/wp\/v2\/types\/product"}],"replies":[{"embeddable":true,"href":"https:\/\/stoic-curie.212-227-153-4.plesk.page\/hr\/wp-json\/wp\/v2\/comments?post=744764"}],"version-history":[{"count":0,"href":"https:\/\/stoic-curie.212-227-153-4.plesk.page\/hr\/wp-json\/wp\/v2\/product\/744764\/revisions"}],"wp:featuredmedia":[{"embeddable":true,"href":"https:\/\/stoic-curie.212-227-153-4.plesk.page\/hr\/wp-json\/wp\/v2\/media\/5946883"}],"wp:attachment":[{"href":"https:\/\/stoic-curie.212-227-153-4.plesk.page\/hr\/wp-json\/wp\/v2\/media?parent=744764"}],"wp:term":[{"taxonomy":"product_brand","embeddable":true,"href":"https:\/\/stoic-curie.212-227-153-4.plesk.page\/hr\/wp-json\/wp\/v2\/product_brand?post=744764"},{"taxonomy":"product_cat","embeddable":true,"href":"https:\/\/stoic-curie.212-227-153-4.plesk.page\/hr\/wp-json\/wp\/v2\/product_cat?post=744764"},{"taxonomy":"product_tag","embeddable":true,"href":"https:\/\/stoic-curie.212-227-153-4.plesk.page\/hr\/wp-json\/wp\/v2\/product_tag?post=744764"}],"curies":[{"name":"wp","href":"https:\/\/api.w.org\/{rel}","templated":true}]}}