{"id":744765,"date":"2025-03-03T19:58:03","date_gmt":"2025-03-03T18:58:03","guid":{"rendered":"https:\/\/stoic-curie.212-227-153-4.plesk.page\/producto\/podvodno-led-svjetlo-atwood-bijelo-127-x-54mm-20wt-1650-lumen\/"},"modified":"2026-02-25T00:01:16","modified_gmt":"2026-02-25T00:01:16","slug":"podvodno-led-svjetlo-atwood-bijelo-127-x-54mm-20wt-1650-lumen","status":"publish","type":"product","link":"https:\/\/stoic-curie.212-227-153-4.plesk.page\/hr\/product\/podvodno-led-svjetlo-atwood-bijelo-127-x-54mm-20wt-1650-lumen\/","title":{"rendered":"Podvodno LED svjetlo Atwood bijelo 127 x 54mm 20wt 1650 lumen"},"content":{"rendered":"<p>Podvodno LED svjetlo Atwood bijelo 127 x 54mm 20wt 1650 lumen &#8211; <\/p>\n<p>LED podvodna svjetiljka s ku\u0107i\u0161tem od polimera otporna na udarce i poklopcem od nehr\u0111aju\u0107eg \u010delika 316. Pro\u0161ireni konus svjetlosti od 80\u00b0 s neprobojnim UV otpornim le\u0107ama i zalijepljenom sealed elektronikom. Instalacija ispod vodene linije s rupom od 14 mm i 2 pri\u010dvrsna vijka. Integrirani upravlja\u010d s krugom za\u0161ti\u0107enim od naponskih vrhova i promjene polariteta. Upozorenje: svjetla moraju uvijek biti uronjena kako bi se izbjeglo pregrijavanje.<\/p>\n","protected":false},"excerpt":{"rendered":"<p>Podvodno LED svjetlo Atwood bijelo 127 x 54mm 20wt 1650 lumen &#8211; LED podvodna svjetiljka s ku\u0107i\u0161tem od polimera otporna<\/p>\n","protected":false},"featured_media":5946882,"comment_status":"open","ping_status":"closed","template":"","meta":[],"product_brand":[2806],"product_cat":[1731],"product_tag":[],"class_list":{"0":"post-744765","1":"product","2":"type-product","3":"status-publish","4":"has-post-thumbnail","6":"product_brand-attwood-hr","7":"product_cat-uronjiva-led-svjetla","9":"first","10":"instock","11":"shipping-taxable","12":"purchasable","13":"product-type-simple"},"_links":{"self":[{"href":"https:\/\/stoic-curie.212-227-153-4.plesk.page\/hr\/wp-json\/wp\/v2\/product\/744765","targetHints":{"allow":["GET"]}}],"collection":[{"href":"https:\/\/stoic-curie.212-227-153-4.plesk.page\/hr\/wp-json\/wp\/v2\/product"}],"about":[{"href":"https:\/\/stoic-curie.212-227-153-4.plesk.page\/hr\/wp-json\/wp\/v2\/types\/product"}],"replies":[{"embeddable":true,"href":"https:\/\/stoic-curie.212-227-153-4.plesk.page\/hr\/wp-json\/wp\/v2\/comments?post=744765"}],"version-history":[{"count":0,"href":"https:\/\/stoic-curie.212-227-153-4.plesk.page\/hr\/wp-json\/wp\/v2\/product\/744765\/revisions"}],"wp:featuredmedia":[{"embeddable":true,"href":"https:\/\/stoic-curie.212-227-153-4.plesk.page\/hr\/wp-json\/wp\/v2\/media\/5946882"}],"wp:attachment":[{"href":"https:\/\/stoic-curie.212-227-153-4.plesk.page\/hr\/wp-json\/wp\/v2\/media?parent=744765"}],"wp:term":[{"taxonomy":"product_brand","embeddable":true,"href":"https:\/\/stoic-curie.212-227-153-4.plesk.page\/hr\/wp-json\/wp\/v2\/product_brand?post=744765"},{"taxonomy":"product_cat","embeddable":true,"href":"https:\/\/stoic-curie.212-227-153-4.plesk.page\/hr\/wp-json\/wp\/v2\/product_cat?post=744765"},{"taxonomy":"product_tag","embeddable":true,"href":"https:\/\/stoic-curie.212-227-153-4.plesk.page\/hr\/wp-json\/wp\/v2\/product_tag?post=744765"}],"curies":[{"name":"wp","href":"https:\/\/api.w.org\/{rel}","templated":true}]}}