{"id":744768,"date":"2025-03-03T19:58:04","date_gmt":"2025-03-03T18:58:04","guid":{"rendered":"https:\/\/stoic-curie.212-227-153-4.plesk.page\/producto\/crni-zasun-od-nehrdajuceg-celika-roca-93-x-23-mm\/"},"modified":"2026-02-25T00:01:16","modified_gmt":"2026-02-25T00:01:16","slug":"crni-zasun-od-nehrdajuceg-celika-roca-93-x-23-mm","status":"publish","type":"product","link":"https:\/\/stoic-curie.212-227-153-4.plesk.page\/hr\/product\/crni-zasun-od-nehrdajuceg-celika-roca-93-x-23-mm\/","title":{"rendered":"Crni zasun od nehr\u0111aju\u0107eg \u010delika Roca 93 x 23 mm"},"content":{"rendered":"<p>Crni zasun od nehr\u0111aju\u0107eg \u010delika Roca 93 x 23 mm &#8211; <\/p>\n<p>Povr\u0161inski polirani 316 nehr\u0111aju\u0107i \u010delik ili crni nehr\u0111aju\u0107i \u010delik Roca ru\u010dna brava. Potpuno pokrivena kako bi se izbjegle \u0161tete na predmetima i ljudima. Idealno za poklopce i kutije.<\/p>\n","protected":false},"excerpt":{"rendered":"<p>Crni zasun od nehr\u0111aju\u0107eg \u010delika Roca 93 x 23 mm &#8211; Povr\u0161inski polirani 316 nehr\u0111aju\u0107i \u010delik ili crni nehr\u0111aju\u0107i \u010delik<\/p>\n","protected":false},"featured_media":5946884,"comment_status":"open","ping_status":"closed","template":"","meta":[],"product_brand":[3316],"product_cat":[1708,1687],"product_tag":[],"class_list":{"0":"post-744768","1":"product","2":"type-product","3":"status-publish","4":"has-post-thumbnail","6":"product_brand-roca-marine-hr","7":"product_cat-brave-za-vrata","8":"product_cat-brodski-zasuni","10":"first","11":"instock","12":"shipping-taxable","13":"purchasable","14":"product-type-simple"},"_links":{"self":[{"href":"https:\/\/stoic-curie.212-227-153-4.plesk.page\/hr\/wp-json\/wp\/v2\/product\/744768","targetHints":{"allow":["GET"]}}],"collection":[{"href":"https:\/\/stoic-curie.212-227-153-4.plesk.page\/hr\/wp-json\/wp\/v2\/product"}],"about":[{"href":"https:\/\/stoic-curie.212-227-153-4.plesk.page\/hr\/wp-json\/wp\/v2\/types\/product"}],"replies":[{"embeddable":true,"href":"https:\/\/stoic-curie.212-227-153-4.plesk.page\/hr\/wp-json\/wp\/v2\/comments?post=744768"}],"version-history":[{"count":0,"href":"https:\/\/stoic-curie.212-227-153-4.plesk.page\/hr\/wp-json\/wp\/v2\/product\/744768\/revisions"}],"wp:featuredmedia":[{"embeddable":true,"href":"https:\/\/stoic-curie.212-227-153-4.plesk.page\/hr\/wp-json\/wp\/v2\/media\/5946884"}],"wp:attachment":[{"href":"https:\/\/stoic-curie.212-227-153-4.plesk.page\/hr\/wp-json\/wp\/v2\/media?parent=744768"}],"wp:term":[{"taxonomy":"product_brand","embeddable":true,"href":"https:\/\/stoic-curie.212-227-153-4.plesk.page\/hr\/wp-json\/wp\/v2\/product_brand?post=744768"},{"taxonomy":"product_cat","embeddable":true,"href":"https:\/\/stoic-curie.212-227-153-4.plesk.page\/hr\/wp-json\/wp\/v2\/product_cat?post=744768"},{"taxonomy":"product_tag","embeddable":true,"href":"https:\/\/stoic-curie.212-227-153-4.plesk.page\/hr\/wp-json\/wp\/v2\/product_tag?post=744768"}],"curies":[{"name":"wp","href":"https:\/\/api.w.org\/{rel}","templated":true}]}}