{"id":744792,"date":"2025-03-03T20:00:59","date_gmt":"2025-03-03T19:00:59","guid":{"rendered":"https:\/\/stoic-curie.212-227-153-4.plesk.page\/producto\/par-led-navigacijskih-svjetala-attwood\/"},"modified":"2026-02-25T00:01:16","modified_gmt":"2026-02-25T00:01:16","slug":"par-led-navigacijskih-svjetala-attwood","status":"publish","type":"product","link":"https:\/\/stoic-curie.212-227-153-4.plesk.page\/hr\/product\/par-led-navigacijskih-svjetala-attwood\/","title":{"rendered":"Par LED navigacijskih svjetala Attwood"},"content":{"rendered":"<p>Par LED navigacijskih svjetala Attwood &#8211; <\/p>\n<p>Par navigacijskih svjetala Attwood 12V LED crvene\/zelene boje za monta\u017eu na palubi s IPX7 plasti\u010dnim ku\u0107i\u0161tem. CE-EN\/ISO19009:2015, COLREG i ABYC certifikati za brodove do 20 metara.<\/p>\n","protected":false},"excerpt":{"rendered":"<p>Par LED navigacijskih svjetala Attwood &#8211; Par navigacijskih svjetala Attwood 12V LED crvene\/zelene boje za monta\u017eu na palubi s IPX7<\/p>\n","protected":false},"featured_media":5946908,"comment_status":"open","ping_status":"closed","template":"","meta":[],"product_brand":[2806],"product_cat":[1736],"product_tag":[],"class_list":{"0":"post-744792","1":"product","2":"type-product","3":"status-publish","4":"has-post-thumbnail","6":"product_brand-attwood-hr","7":"product_cat-led-navigacijska-svjetla","9":"first","10":"instock","11":"shipping-taxable","12":"purchasable","13":"product-type-simple"},"_links":{"self":[{"href":"https:\/\/stoic-curie.212-227-153-4.plesk.page\/hr\/wp-json\/wp\/v2\/product\/744792","targetHints":{"allow":["GET"]}}],"collection":[{"href":"https:\/\/stoic-curie.212-227-153-4.plesk.page\/hr\/wp-json\/wp\/v2\/product"}],"about":[{"href":"https:\/\/stoic-curie.212-227-153-4.plesk.page\/hr\/wp-json\/wp\/v2\/types\/product"}],"replies":[{"embeddable":true,"href":"https:\/\/stoic-curie.212-227-153-4.plesk.page\/hr\/wp-json\/wp\/v2\/comments?post=744792"}],"version-history":[{"count":0,"href":"https:\/\/stoic-curie.212-227-153-4.plesk.page\/hr\/wp-json\/wp\/v2\/product\/744792\/revisions"}],"wp:featuredmedia":[{"embeddable":true,"href":"https:\/\/stoic-curie.212-227-153-4.plesk.page\/hr\/wp-json\/wp\/v2\/media\/5946908"}],"wp:attachment":[{"href":"https:\/\/stoic-curie.212-227-153-4.plesk.page\/hr\/wp-json\/wp\/v2\/media?parent=744792"}],"wp:term":[{"taxonomy":"product_brand","embeddable":true,"href":"https:\/\/stoic-curie.212-227-153-4.plesk.page\/hr\/wp-json\/wp\/v2\/product_brand?post=744792"},{"taxonomy":"product_cat","embeddable":true,"href":"https:\/\/stoic-curie.212-227-153-4.plesk.page\/hr\/wp-json\/wp\/v2\/product_cat?post=744792"},{"taxonomy":"product_tag","embeddable":true,"href":"https:\/\/stoic-curie.212-227-153-4.plesk.page\/hr\/wp-json\/wp\/v2\/product_tag?post=744792"}],"curies":[{"name":"wp","href":"https:\/\/api.w.org\/{rel}","templated":true}]}}