{"id":744793,"date":"2025-03-03T20:00:59","date_gmt":"2025-03-03T19:00:59","guid":{"rendered":"https:\/\/stoic-curie.212-227-153-4.plesk.page\/producto\/par-led-navigacijskih-svjetala-attwood-lightarmor\/"},"modified":"2026-02-25T00:01:16","modified_gmt":"2026-02-25T00:01:16","slug":"par-led-navigacijskih-svjetala-attwood-lightarmor","status":"publish","type":"product","link":"https:\/\/stoic-curie.212-227-153-4.plesk.page\/hr\/product\/par-led-navigacijskih-svjetala-attwood-lightarmor\/","title":{"rendered":"Par LED navigacijskih svjetala Attwood Lightarmor"},"content":{"rendered":"<p>Par LED navigacijskih svjetala Attwood Lightarmor &#8211; <\/p>\n<p>Par dekmontiranih Attwood 12V LED crvenih\/zelenih navigacijskih svjetala s ku\u0107i\u0161tem od nehr\u0111aju\u0107eg \u010delika IPX7. CE-EN\/ISO19009:2015, COLREG i ABYC certificirano za plovila do 20 metara.<\/p>\n","protected":false},"excerpt":{"rendered":"<p>Par LED navigacijskih svjetala Attwood Lightarmor &#8211; Par dekmontiranih Attwood 12V LED crvenih\/zelenih navigacijskih svjetala s ku\u0107i\u0161tem od nehr\u0111aju\u0107eg \u010delika<\/p>\n","protected":false},"featured_media":5946910,"comment_status":"open","ping_status":"closed","template":"","meta":[],"product_brand":[2806],"product_cat":[1736],"product_tag":[],"class_list":{"0":"post-744793","1":"product","2":"type-product","3":"status-publish","4":"has-post-thumbnail","6":"product_brand-attwood-hr","7":"product_cat-led-navigacijska-svjetla","9":"first","10":"instock","11":"shipping-taxable","12":"purchasable","13":"product-type-simple"},"_links":{"self":[{"href":"https:\/\/stoic-curie.212-227-153-4.plesk.page\/hr\/wp-json\/wp\/v2\/product\/744793","targetHints":{"allow":["GET"]}}],"collection":[{"href":"https:\/\/stoic-curie.212-227-153-4.plesk.page\/hr\/wp-json\/wp\/v2\/product"}],"about":[{"href":"https:\/\/stoic-curie.212-227-153-4.plesk.page\/hr\/wp-json\/wp\/v2\/types\/product"}],"replies":[{"embeddable":true,"href":"https:\/\/stoic-curie.212-227-153-4.plesk.page\/hr\/wp-json\/wp\/v2\/comments?post=744793"}],"version-history":[{"count":0,"href":"https:\/\/stoic-curie.212-227-153-4.plesk.page\/hr\/wp-json\/wp\/v2\/product\/744793\/revisions"}],"wp:featuredmedia":[{"embeddable":true,"href":"https:\/\/stoic-curie.212-227-153-4.plesk.page\/hr\/wp-json\/wp\/v2\/media\/5946910"}],"wp:attachment":[{"href":"https:\/\/stoic-curie.212-227-153-4.plesk.page\/hr\/wp-json\/wp\/v2\/media?parent=744793"}],"wp:term":[{"taxonomy":"product_brand","embeddable":true,"href":"https:\/\/stoic-curie.212-227-153-4.plesk.page\/hr\/wp-json\/wp\/v2\/product_brand?post=744793"},{"taxonomy":"product_cat","embeddable":true,"href":"https:\/\/stoic-curie.212-227-153-4.plesk.page\/hr\/wp-json\/wp\/v2\/product_cat?post=744793"},{"taxonomy":"product_tag","embeddable":true,"href":"https:\/\/stoic-curie.212-227-153-4.plesk.page\/hr\/wp-json\/wp\/v2\/product_tag?post=744793"}],"curies":[{"name":"wp","href":"https:\/\/api.w.org\/{rel}","templated":true}]}}