{"id":744797,"date":"2025-03-03T20:01:00","date_gmt":"2025-03-03T19:01:00","guid":{"rendered":"https:\/\/stoic-curie.212-227-153-4.plesk.page\/producto\/pumpa-za-vodu-johnson-f6b-9-10-13569-01\/"},"modified":"2026-02-25T00:01:16","modified_gmt":"2026-02-25T00:01:16","slug":"pumpa-za-vodu-johnson-f6b-9-10-13569-01","status":"publish","type":"product","link":"https:\/\/stoic-curie.212-227-153-4.plesk.page\/hr\/product\/pumpa-za-vodu-johnson-f6b-9-10-13569-01\/","title":{"rendered":"Pumpa za vodu Johnson f6b-9 (10-13569-01)"},"content":{"rendered":"<p>Pumpa za vodu Johnson f6b-9 (10-13569-01) &#8211; <\/p>\n<p>Bron\u010dana Neopren pumpa za hla\u0111enje s impelerom. Johnson referenca 10-13569-11, Volvo Penta referenca 21212799. Standardna monta\u017ea za Volvo Penta motore: 4.3Gi\/4.3GXiE\/4.3GL\/4.3GXi\/4.3OSi 5.0GiC\/5.0GXi\/5.0GXiC\/5.0GXiCE\/5.0GXiE\/5.0GiCE\/5.0OSi\/5.0GL\/5.0OSiE 5.7Gi\/5.7Gil\/5.7GXil\/5.7GiC\/5.7GiCE\/5.7GXiCE\/5.7GiE\/5.7GXiE\/5.7GXi\/5.7GXiC 5.7OSi\/5.7OSXi\/5.7OSiE\/5.7OSXiE V6-200\/V6-225\/V8-270\/V8-300\/V8-320\/V8-225<\/p>\n","protected":false},"excerpt":{"rendered":"<p>Pumpa za vodu Johnson f6b-9 (10-13569-01) &#8211; Bron\u010dana Neopren pumpa za hla\u0111enje s impelerom. Johnson referenca 10-13569-11, Volvo Penta referenca<\/p>\n","protected":false},"featured_media":5946925,"comment_status":"open","ping_status":"closed","template":"","meta":[],"product_brand":[3046],"product_cat":[1809],"product_tag":[],"class_list":{"0":"post-744797","1":"product","2":"type-product","3":"status-publish","4":"has-post-thumbnail","6":"product_brand-johnson-marine-hr","7":"product_cat-pumpe-za-hladenje-motora","9":"first","10":"instock","11":"shipping-taxable","12":"purchasable","13":"product-type-simple"},"_links":{"self":[{"href":"https:\/\/stoic-curie.212-227-153-4.plesk.page\/hr\/wp-json\/wp\/v2\/product\/744797","targetHints":{"allow":["GET"]}}],"collection":[{"href":"https:\/\/stoic-curie.212-227-153-4.plesk.page\/hr\/wp-json\/wp\/v2\/product"}],"about":[{"href":"https:\/\/stoic-curie.212-227-153-4.plesk.page\/hr\/wp-json\/wp\/v2\/types\/product"}],"replies":[{"embeddable":true,"href":"https:\/\/stoic-curie.212-227-153-4.plesk.page\/hr\/wp-json\/wp\/v2\/comments?post=744797"}],"version-history":[{"count":0,"href":"https:\/\/stoic-curie.212-227-153-4.plesk.page\/hr\/wp-json\/wp\/v2\/product\/744797\/revisions"}],"wp:featuredmedia":[{"embeddable":true,"href":"https:\/\/stoic-curie.212-227-153-4.plesk.page\/hr\/wp-json\/wp\/v2\/media\/5946925"}],"wp:attachment":[{"href":"https:\/\/stoic-curie.212-227-153-4.plesk.page\/hr\/wp-json\/wp\/v2\/media?parent=744797"}],"wp:term":[{"taxonomy":"product_brand","embeddable":true,"href":"https:\/\/stoic-curie.212-227-153-4.plesk.page\/hr\/wp-json\/wp\/v2\/product_brand?post=744797"},{"taxonomy":"product_cat","embeddable":true,"href":"https:\/\/stoic-curie.212-227-153-4.plesk.page\/hr\/wp-json\/wp\/v2\/product_cat?post=744797"},{"taxonomy":"product_tag","embeddable":true,"href":"https:\/\/stoic-curie.212-227-153-4.plesk.page\/hr\/wp-json\/wp\/v2\/product_tag?post=744797"}],"curies":[{"name":"wp","href":"https:\/\/api.w.org\/{rel}","templated":true}]}}