{"id":744798,"date":"2025-03-03T20:01:01","date_gmt":"2025-03-03T19:01:01","guid":{"rendered":"https:\/\/stoic-curie.212-227-153-4.plesk.page\/producto\/glomex-5g-wifi-webboat-plus-5g-antena\/"},"modified":"2026-02-25T00:01:16","modified_gmt":"2026-02-25T00:01:16","slug":"glomex-5g-wifi-webboat-plus-5g-antena","status":"publish","type":"product","link":"https:\/\/stoic-curie.212-227-153-4.plesk.page\/hr\/product\/glomex-5g-wifi-webboat-plus-5g-antena\/","title":{"rendered":"Glomex 5G\/Wifi WebBoat Plus 5G antena"},"content":{"rendered":"<p>Glomex 5G\/Wifi WebBoat Plus 5G antena &#8211; Webboat Plus 5G Dual Micro SIM morska internet antena je svestrana antena dizajnirana za pru\u017eanje pouzdanih internetskih i GSM signala do 20 milja od obale. Radi u rasponu napona od 10-30V i funkcionira i kao Wi-Fi pristupna to\u010dka i kao onboard usmjeriva\u010d, s dva Ethernet porta i \u010detiri 5G prijemnika za mobilnu povezivost. Uklju\u010duje dva SIM utora za GSM veze i dvije Wi-Fi antene, osiguravaju\u0107i internet pristup za sve ure\u0111aje na brodu, uklju\u010duju\u0107i pametne telefone, ra\u010dunala i tablete. Sustav automatski prelazi izme\u0111u GSM i Wi-Fi kako bi smanjio tro\u0161kove interneta. Osim toga, dolazi s besplatnim Android i iPhone aplikacijama i Plug &#038; Play instalacijom za jednostavno upravljanje. Paket uklju\u010duje nosa\u010d od 1\u00bc in\u010da. Webboat Plus 5G je sveobuhvatan, svjetski sustav dual SIM 5G\/Wi-Fi morski internet koji omogu\u0107ava pristup internetu na brodu i stvara sigurnu Wi-Fi pristupnu to\u010dku unutar i izvan broda. S ugra\u0111enim 5G i Wi-Fi antenama, nudi brze veze na udaljenostima ve\u0107im od 30 milja od obale. Mo\u017eete u\u017eivati u ultra-brzim brzinama preuzimanja do 2,5 Gbps. U podru\u010djima gdje nema 5G pokrivenosti, LTE CAT 16 pru\u017ea 4G brzinu veze do 1 Gbps. 5G tehnologija pru\u017ea vezu koja je usporediva s opti\u010dkim vlaknima, ali u potpuno be\u017ei\u010dnom formatu, \u0161to je \u010dini idealnom za kori\u0161tenje na vodi. Unutar antenne ku\u0107i\u0161ta nalaze se \u010detiri visoko izvedbene 5G antene i dvije 2.4\/5GHz MIMO Wi-Fi antene, zna\u010dajno optimiziraju\u0107i brzine prijenosa podataka. To zna\u010di da mo\u017eete streamati TV kanale i platforme kao \u0161to su Netflix dok ste na moru ili raditi na daljinu s va\u0161e brodice, u\u017eivaju\u0107i u internet konekciji kao da ste na kopnu. Sustav koristi inovativnu Glomex MIoT Routerboard platformu, koja sadr\u017ei sna\u017ean procesor koji pobolj\u0161ava brzine veze u odnosu na druge internetske sustave. Podr\u017eava do 32 ure\u0111aja istovremeno bez kompromitacije kvalitete signala ili performansi. Ugledni napredni softver za prebacivanje poma\u017ee korisnicima da u\u0161tede na skupim roaming i prekora\u010denim tro\u0161kovima automatskim prebacivanjem na Wi-Fi kada je dostupno. Webboat Plus 5G je pravo Plug &#038; Play ure\u0111aj, zahtijevaju\u0107i minimalnu instalaciju i samo jedan izvor napajanja za rad unutar raspona od 10-30 VDC. Dual SIM arhitektura pru\u017ea korisnicima ve\u0107u fleksibilnost, omogu\u0107uju\u0107i razli\u010dite operatere za pokrivenost i dodatne podatke ako jedan SIM kartica istekne. Dodatne zna\u010dajke Webboat Plus 5G uklju\u010duju agregaciju operatera, koja koristi fleksibilne opcije propusnosti u LTE-u za spajanje vi\u0161e operaterskih bendova u jedan ve\u0107i kanal. Ova mogu\u0107nost zna\u010dajno pobolj\u0161ava brzinu podataka. Sustav tako\u0111er uklju\u010duje automatsku APN konfiguraciju, SMS upravljanje za pra\u0107enje kori\u0161tenja interneta, automatski na\u010din prebacivanja za satelitske internet ure\u0111aje na brodu i \u0161ifriranu real-time peer-to-peer vezu za daljinsko postavljanje i servis, \u0161to sve pobolj\u0161ava performanse i korisnost va\u0161eg integriranog morskog internetskog sustava. Tehni\u010dke specifikacije globalna kompatibilnost: Pogodno za Europu, Bliski Istok, Sjevernu i Ju\u017enu Ameriku, Australiju, Novi Zeland, Afriku i Aziju (izuzev\u0161i Kinu), Dimenzije antene: 250 mm promjera x 300 mm visine (10 x 12 in\u010da), Te\u017eina antene: 1,2 kg (2,65 lb), Dual Mini SIM sustav, Internet antene: 4 x 5G + 2 x 2.4\/5GHz MIMO Wi-Fi antene, 5G brzina preuzimanja: Do 2.5 Gbps, LTE CAT 16 brzina preuzimanja: Do 1 Gbps, WCDMA brzina preuzimanja: Maksimalno 42 Mbps, CPU: Arm Cortex-A7 800 MHz, RAM: 256 MB DDR3, Automatsko prebacivanje: Izme\u0111u registriranih Wi-Fi mre\u017ea i 4G, Automatska APN konfiguracija, SMS upravljanje, V-SAT\/SAT internet automatski prebacivanje, Prebacivanje s mobilnih podataka na vanjski Wi-Fi, \u0160ifrirana real-time peer-to-peer veza za daljinsko postavljanje i servis, Izvor napajanja: 10-30 VDC, Prosje\u010dna potro\u0161nja: 450 mA, Ethernet portovi: 2 (1 LAN + 1 WAN). Op\u0107e zna\u010dajke: 5G NR bendovi: n1\/n2\/n3\/n5\/n7\/n8\/n12\/n20\/n25\/n28\/n38\/n40\/n41\/n66\/n71\/n77\/n78\/n79 \u2013 n48 u razvoju, LTE-FDD bendovi: B1\/B2\/B3\/B4\/B5\/B7\/B8\/B12(B17)\/B13\/B14\/B18\/B19\/B20\/B25\/B26\/B28\/B29\/B30\/B32\/B66\/B71, LTE-TDD bendovi: B34\/B38\/39\/B40\/B41\/B42\/B43\/B48 LAA: B46 (podr\u017eava samo 2 x 2 MIMO), WCDMA bendovi: B1\/B2\/B3\/B4\/B5\/B6\/B8\/B19. Ovaj sveobuhvatan pregled Webboat Plus 5G Dual Micro SIM morska internet antena isti\u010de njegove napredne zna\u010dajke i mogu\u0107nosti, osiguravaju\u0107i da vlasnici brodova u\u017eivaju u pouzdanoj internetskoj povezanosti na moru.<\/p>\n","protected":false},"excerpt":{"rendered":"<p>Glomex 5G\/Wifi WebBoat Plus 5G antena &#8211; Webboat Plus 5G Dual Micro SIM morska internet antena je svestrana antena dizajnirana<\/p>\n","protected":false},"featured_media":5946926,"comment_status":"open","ping_status":"closed","template":"","meta":[],"product_brand":[2981],"product_cat":[1754],"product_tag":[],"class_list":{"0":"post-744798","1":"product","2":"type-product","3":"status-publish","4":"has-post-thumbnail","6":"product_brand-glomex-hr","7":"product_cat-tv-antene","9":"first","10":"instock","11":"shipping-taxable","12":"purchasable","13":"product-type-simple"},"_links":{"self":[{"href":"https:\/\/stoic-curie.212-227-153-4.plesk.page\/hr\/wp-json\/wp\/v2\/product\/744798","targetHints":{"allow":["GET"]}}],"collection":[{"href":"https:\/\/stoic-curie.212-227-153-4.plesk.page\/hr\/wp-json\/wp\/v2\/product"}],"about":[{"href":"https:\/\/stoic-curie.212-227-153-4.plesk.page\/hr\/wp-json\/wp\/v2\/types\/product"}],"replies":[{"embeddable":true,"href":"https:\/\/stoic-curie.212-227-153-4.plesk.page\/hr\/wp-json\/wp\/v2\/comments?post=744798"}],"version-history":[{"count":0,"href":"https:\/\/stoic-curie.212-227-153-4.plesk.page\/hr\/wp-json\/wp\/v2\/product\/744798\/revisions"}],"wp:featuredmedia":[{"embeddable":true,"href":"https:\/\/stoic-curie.212-227-153-4.plesk.page\/hr\/wp-json\/wp\/v2\/media\/5946926"}],"wp:attachment":[{"href":"https:\/\/stoic-curie.212-227-153-4.plesk.page\/hr\/wp-json\/wp\/v2\/media?parent=744798"}],"wp:term":[{"taxonomy":"product_brand","embeddable":true,"href":"https:\/\/stoic-curie.212-227-153-4.plesk.page\/hr\/wp-json\/wp\/v2\/product_brand?post=744798"},{"taxonomy":"product_cat","embeddable":true,"href":"https:\/\/stoic-curie.212-227-153-4.plesk.page\/hr\/wp-json\/wp\/v2\/product_cat?post=744798"},{"taxonomy":"product_tag","embeddable":true,"href":"https:\/\/stoic-curie.212-227-153-4.plesk.page\/hr\/wp-json\/wp\/v2\/product_tag?post=744798"}],"curies":[{"name":"wp","href":"https:\/\/api.w.org\/{rel}","templated":true}]}}