{"id":744806,"date":"2025-03-03T20:01:04","date_gmt":"2025-03-03T19:01:04","guid":{"rendered":"https:\/\/stoic-curie.212-227-153-4.plesk.page\/producto\/sidro-orka-70kg\/"},"modified":"2026-02-25T00:01:16","modified_gmt":"2026-02-25T00:01:16","slug":"sidro-orka-70kg","status":"publish","type":"product","link":"https:\/\/stoic-curie.212-227-153-4.plesk.page\/hr\/product\/sidro-orka-70kg\/","title":{"rendered":"Sidro Orka 70kg"},"content":{"rendered":"<p>Sidro Orka 70kg &#8211; <\/p>\n<p style=\"color: rgb(34, 34, 34); font-family: Arial, Helvetica, sans-serif; font-size: small;\">Predstavljamo na\u0161u posebnu sidro od galvaniziranog \u010delika Quick Grasp, dizajniranu za sve vrste morskog dna i pogodnu za svaku jedrilicu. Sidro ima valjak i sustav raspodjele te\u017eine koji omogu\u0107uju optimalni kut penetracije. Njegova velika konveksna povr\u0161ina osigurava sna\u017enu dr\u017ea\u010du.<\/p>\n<p style=\"color: rgb(34, 34, 34); font-family: Arial, Helvetica, sans-serif; font-size: small;\">Ovo jedinstveno sidro izra\u0111eno je od \u010delika od visokokvalitetnog galvaniziranog mangana i samopokrenuto je. Dobro je izbalansirano tako da slobodno pada iz pram\u010danih valjaka, \u010dine\u0107i ga savr\u0161enim za upotrebu s daljinski upravljanim vitlima. Te\u0161ka te\u017eina u no\u017enom dijelu jam\u010di da \u0107e se sidro aktivirati na morskom dnu pri udarcu.<\/p>\n<p style=\"color: rgb(34, 34, 34); font-family: Arial, Helvetica, sans-serif; font-size: small;\">S niskim te\u017ei\u0161tem i samopravnim dizajnom, Delta sidro brzo se postavlja, omogu\u0107uju\u0107i u\u010dinkovito sidrenje bez vu\u010de.<\/p>\n<p style=\"color: rgb(34, 34, 34); font-family: Arial, Helvetica, sans-serif; font-size: small;\">Klju\u010dne zna\u010dajke uklju\u010duju:<\/p>\n<ul style=\"color: rgb(34, 34, 34); font-family: Arial, Helvetica, sans-serif; font-size: small;\">\n<li>Izgradnja od visokokvalitetnog galvaniziranog \u010delika od mangana<\/li>\n<li>Jedinstveni profil dr\u0161ke<\/li>\n<li>Balastirana vrh<\/li>\n<li>Samopokretni dizajn<\/li>\n<li>Nisko te\u017ei\u0161te<\/li>\n<li>Geometrija koja se samostalno uspravlja<\/li>\n<li>\u010cetvrti trenuta\u010dno postavljanje<\/li>\n<li>Konzistentna i pouzdana izvedba<\/li>\n<\/ul>\n<p style=\"color: rgb(34, 34, 34); font-family: Arial, Helvetica, sans-serif; font-size: small;\">Ovo sidro je izvrstan izbor za ljubitelje brodova koji tra\u017ee kvalitetu i pouzdanost.<\/p>\n","protected":false},"excerpt":{"rendered":"<p>Sidro Orka 70kg &#8211; Predstavljamo na\u0161u posebnu sidro od galvaniziranog \u010delika Quick Grasp, dizajniranu za sve vrste morskog dna i<\/p>\n","protected":false},"featured_media":5946932,"comment_status":"open","ping_status":"closed","template":"","meta":[],"product_brand":[3086],"product_cat":[1866],"product_tag":[],"class_list":{"0":"post-744806","1":"product","2":"type-product","3":"status-publish","4":"has-post-thumbnail","6":"product_brand-maggigroup-hr","7":"product_cat-sidra-delta","9":"first","10":"instock","11":"shipping-taxable","12":"purchasable","13":"product-type-simple"},"_links":{"self":[{"href":"https:\/\/stoic-curie.212-227-153-4.plesk.page\/hr\/wp-json\/wp\/v2\/product\/744806","targetHints":{"allow":["GET"]}}],"collection":[{"href":"https:\/\/stoic-curie.212-227-153-4.plesk.page\/hr\/wp-json\/wp\/v2\/product"}],"about":[{"href":"https:\/\/stoic-curie.212-227-153-4.plesk.page\/hr\/wp-json\/wp\/v2\/types\/product"}],"replies":[{"embeddable":true,"href":"https:\/\/stoic-curie.212-227-153-4.plesk.page\/hr\/wp-json\/wp\/v2\/comments?post=744806"}],"version-history":[{"count":0,"href":"https:\/\/stoic-curie.212-227-153-4.plesk.page\/hr\/wp-json\/wp\/v2\/product\/744806\/revisions"}],"wp:featuredmedia":[{"embeddable":true,"href":"https:\/\/stoic-curie.212-227-153-4.plesk.page\/hr\/wp-json\/wp\/v2\/media\/5946932"}],"wp:attachment":[{"href":"https:\/\/stoic-curie.212-227-153-4.plesk.page\/hr\/wp-json\/wp\/v2\/media?parent=744806"}],"wp:term":[{"taxonomy":"product_brand","embeddable":true,"href":"https:\/\/stoic-curie.212-227-153-4.plesk.page\/hr\/wp-json\/wp\/v2\/product_brand?post=744806"},{"taxonomy":"product_cat","embeddable":true,"href":"https:\/\/stoic-curie.212-227-153-4.plesk.page\/hr\/wp-json\/wp\/v2\/product_cat?post=744806"},{"taxonomy":"product_tag","embeddable":true,"href":"https:\/\/stoic-curie.212-227-153-4.plesk.page\/hr\/wp-json\/wp\/v2\/product_tag?post=744806"}],"curies":[{"name":"wp","href":"https:\/\/api.w.org\/{rel}","templated":true}]}}