{"id":744807,"date":"2025-03-03T20:01:04","date_gmt":"2025-03-03T19:01:04","guid":{"rendered":"https:\/\/stoic-curie.212-227-153-4.plesk.page\/producto\/sidro-orka-40kg\/"},"modified":"2026-02-25T00:01:16","modified_gmt":"2026-02-25T00:01:16","slug":"sidro-orka-40kg","status":"publish","type":"product","link":"https:\/\/stoic-curie.212-227-153-4.plesk.page\/hr\/product\/sidro-orka-40kg\/","title":{"rendered":"Sidro Orka 40kg"},"content":{"rendered":"<p>Sidro Orka 40kg &#8211; <\/p>\n<p style=\"color: rgb(34, 34, 34); font-family: Arial, Helvetica, sans-serif; font-size: small;\">S ponosom predstavljamo na\u0161u posebnu sidro od galvaniziranog \u010delika Quick Grasp, pa\u017eljivo dizajnirano za razne uvjete morskog dna i prikladno za sve vrste plovila. Ovo sidro opremljeno je valjkom i sustavom raspodjele te\u017eine koji osigurava optimalni kut penetracije. Njegova \u0161iroka konveksna povr\u0161ina nudi izvanrednu snagu dr\u017eanja.<\/p>\n<p style=\"color: rgb(34, 34, 34); font-family: Arial, Helvetica, sans-serif; font-size: small;\">Izra\u0111eno od visokokvalitetnog galvaniziranog manganskog \u010delika, ovo sidro jedinstvenog dizajna in\u017eenjerski je konstruirano za samostalno lansiranje. Dizajnirano je da slobodno silazi s prednjih valjaka, \u0161to ga \u010dini izvanrednim izborom za kori\u0161tenje s daljinski upravljanim vitlima. Zna\u010dajna te\u017eina smje\u0161tena u pram\u010danom dijelu jam\u010di kontakt s morskim dnom prilikom dodira.<\/p>\n<p style=\"color: rgb(34, 34, 34); font-family: Arial, Helvetica, sans-serif; font-size: small;\">S niskim te\u017ei\u0161tem i dizajnom koji se samopravlja, sidro Orca brzo se postavlja, omogu\u0107uju\u0107i u\u010dinkovito sidrenje bez rizika od pomicanja.<\/p>\n<p style=\"color: rgb(34, 34, 34); font-family: Arial, Helvetica, sans-serif; font-size: small;\">Klju\u010dne zna\u010dajke uklju\u010duju:<\/p>\n<ul style=\"color: rgb(34, 34, 34); font-family: Arial, Helvetica, sans-serif; font-size: small;\">\n<li>Premium konstrukcija od galvaniziranog manganskog \u010delika<\/li>\n<li>Jedinstven profil stabljike<\/li>\n<li>Balastirani vrh<\/li>\n<li>Samostalno lansiranje<\/li>\n<li>Nisko te\u017ei\u0161te<\/li>\n<li>Samopravni dizajn<\/li>\n<li>Brzo postavljanje<\/li>\n<li>Dosljedna i pouzdana izvedba<\/li>\n<\/ul>\n<p style=\"color: rgb(34, 34, 34); font-family: Arial, Helvetica, sans-serif; font-size: small;\">Ovo sidro predstavlja izvrstan izbor za ljubitelje plovidbe koji daju prioritet kvaliteti i pouzdanosti.<\/p>\n","protected":false},"excerpt":{"rendered":"<p>Sidro Orka 40kg &#8211; S ponosom predstavljamo na\u0161u posebnu sidro od galvaniziranog \u010delika Quick Grasp, pa\u017eljivo dizajnirano za razne uvjete<\/p>\n","protected":false},"featured_media":5946932,"comment_status":"open","ping_status":"closed","template":"","meta":[],"product_brand":[3086],"product_cat":[1866],"product_tag":[],"class_list":{"0":"post-744807","1":"product","2":"type-product","3":"status-publish","4":"has-post-thumbnail","6":"product_brand-maggigroup-hr","7":"product_cat-sidra-delta","9":"first","10":"instock","11":"shipping-taxable","12":"purchasable","13":"product-type-simple"},"_links":{"self":[{"href":"https:\/\/stoic-curie.212-227-153-4.plesk.page\/hr\/wp-json\/wp\/v2\/product\/744807","targetHints":{"allow":["GET"]}}],"collection":[{"href":"https:\/\/stoic-curie.212-227-153-4.plesk.page\/hr\/wp-json\/wp\/v2\/product"}],"about":[{"href":"https:\/\/stoic-curie.212-227-153-4.plesk.page\/hr\/wp-json\/wp\/v2\/types\/product"}],"replies":[{"embeddable":true,"href":"https:\/\/stoic-curie.212-227-153-4.plesk.page\/hr\/wp-json\/wp\/v2\/comments?post=744807"}],"version-history":[{"count":0,"href":"https:\/\/stoic-curie.212-227-153-4.plesk.page\/hr\/wp-json\/wp\/v2\/product\/744807\/revisions"}],"wp:featuredmedia":[{"embeddable":true,"href":"https:\/\/stoic-curie.212-227-153-4.plesk.page\/hr\/wp-json\/wp\/v2\/media\/5946932"}],"wp:attachment":[{"href":"https:\/\/stoic-curie.212-227-153-4.plesk.page\/hr\/wp-json\/wp\/v2\/media?parent=744807"}],"wp:term":[{"taxonomy":"product_brand","embeddable":true,"href":"https:\/\/stoic-curie.212-227-153-4.plesk.page\/hr\/wp-json\/wp\/v2\/product_brand?post=744807"},{"taxonomy":"product_cat","embeddable":true,"href":"https:\/\/stoic-curie.212-227-153-4.plesk.page\/hr\/wp-json\/wp\/v2\/product_cat?post=744807"},{"taxonomy":"product_tag","embeddable":true,"href":"https:\/\/stoic-curie.212-227-153-4.plesk.page\/hr\/wp-json\/wp\/v2\/product_tag?post=744807"}],"curies":[{"name":"wp","href":"https:\/\/api.w.org\/{rel}","templated":true}]}}