{"id":744808,"date":"2025-03-03T20:01:04","date_gmt":"2025-03-03T19:01:04","guid":{"rendered":"https:\/\/stoic-curie.212-227-153-4.plesk.page\/producto\/orca-sidro-55kg\/"},"modified":"2026-02-25T00:01:16","modified_gmt":"2026-02-25T00:01:16","slug":"orca-sidro-55kg","status":"publish","type":"product","link":"https:\/\/stoic-curie.212-227-153-4.plesk.page\/hr\/product\/orca-sidro-55kg\/","title":{"rendered":"Orca sidro 55kg"},"content":{"rendered":"<p>Orca sidro 55kg &#8211; <\/p>\n<p style=\"color: rgb(34, 34, 34); font-family: Arial, Helvetica, sans-serif; font-size: small;\">S ponosom predstavljamo na\u0161 poseban sidro od pocin\u010danog \u010delika s brzim hvatom, stru\u010dno izra\u0111eno za razne tipove morskog dna i kompatibilno s bilo kojom brodicom. Ovo sidro opremljeno je kolutom i sustavom raspodjele te\u017eine koji osigurava idealan kut penetracije. Njegova \u0161iroka konkavna povr\u0161ina pru\u017ea izvanrednu snagu hvatanja.<\/p>\n<p style=\"color: rgb(34, 34, 34); font-family: Arial, Helvetica, sans-serif; font-size: small;\">Izra\u0111eno od vrhunskog pocin\u010danog mangan \u010delika, ovo jednostruko sidro dizajnirano je za automatsko postavljanje. Projektirano je da slobodno pada s prozora na pramcu, \u0161to ga \u010dini izvrsnom opcijom za kori\u0161tenje s daljinski upravljanim vitlima. Zna\u010dajan balast smje\u0161ten u dijelu s no\u017eicama osigurava da \u0107e se sidro aktivirati pri kontaktu s morskim dnom.<\/p>\n<p style=\"color: rgb(34, 34, 34); font-family: Arial, Helvetica, sans-serif; font-size: small;\">Zahvaljuju\u0107i niskom centru gravitacije i dizajnu koji se samostalno uspravlja, Delta sidro brzo postavlja, olak\u0161avaju\u0107i u\u010dinkovito sidrenje bez rizika od pomicanja.<\/p>\n<p style=\"color: rgb(34, 34, 34); font-family: Arial, Helvetica, sans-serif; font-size: small;\">Istaknute karakteristike uklju\u010duju:<\/p>\n<ul style=\"color: rgb(34, 34, 34); font-family: Arial, Helvetica, sans-serif; font-size: small;\">\n<li>Izrada od vrhunskog pocin\u010danog mangan \u010delika<\/li>\n<li>Prepoznatljiv profil stabljike<\/li>\n<li>Balastirana to\u010dka<\/li>\n<li>Samostalno postavljanje<\/li>\n<li>Nizak centar gravitacije<\/li>\n<li>Dizajn koji se samostalno uspravlja<\/li>\n<li>Brzo postavljanje<\/li>\n<li>Konzistentna i pouzdana izvedba<\/li>\n<\/ul>\n<p style=\"color: rgb(34, 34, 34); font-family: Arial, Helvetica, sans-serif; font-size: small;\">Ovo sidro je izvrstan izbor za ljubitelje plovidbe koji cijene kvalitetu i pouzdanost.<\/p>\n","protected":false},"excerpt":{"rendered":"<p>Orca sidro 55kg &#8211; S ponosom predstavljamo na\u0161 poseban sidro od pocin\u010danog \u010delika s brzim hvatom, stru\u010dno izra\u0111eno za razne<\/p>\n","protected":false},"featured_media":5946932,"comment_status":"open","ping_status":"closed","template":"","meta":[],"product_brand":[3086],"product_cat":[1866],"product_tag":[],"class_list":{"0":"post-744808","1":"product","2":"type-product","3":"status-publish","4":"has-post-thumbnail","6":"product_brand-maggigroup-hr","7":"product_cat-sidra-delta","9":"first","10":"instock","11":"shipping-taxable","12":"purchasable","13":"product-type-simple"},"_links":{"self":[{"href":"https:\/\/stoic-curie.212-227-153-4.plesk.page\/hr\/wp-json\/wp\/v2\/product\/744808","targetHints":{"allow":["GET"]}}],"collection":[{"href":"https:\/\/stoic-curie.212-227-153-4.plesk.page\/hr\/wp-json\/wp\/v2\/product"}],"about":[{"href":"https:\/\/stoic-curie.212-227-153-4.plesk.page\/hr\/wp-json\/wp\/v2\/types\/product"}],"replies":[{"embeddable":true,"href":"https:\/\/stoic-curie.212-227-153-4.plesk.page\/hr\/wp-json\/wp\/v2\/comments?post=744808"}],"version-history":[{"count":0,"href":"https:\/\/stoic-curie.212-227-153-4.plesk.page\/hr\/wp-json\/wp\/v2\/product\/744808\/revisions"}],"wp:featuredmedia":[{"embeddable":true,"href":"https:\/\/stoic-curie.212-227-153-4.plesk.page\/hr\/wp-json\/wp\/v2\/media\/5946932"}],"wp:attachment":[{"href":"https:\/\/stoic-curie.212-227-153-4.plesk.page\/hr\/wp-json\/wp\/v2\/media?parent=744808"}],"wp:term":[{"taxonomy":"product_brand","embeddable":true,"href":"https:\/\/stoic-curie.212-227-153-4.plesk.page\/hr\/wp-json\/wp\/v2\/product_brand?post=744808"},{"taxonomy":"product_cat","embeddable":true,"href":"https:\/\/stoic-curie.212-227-153-4.plesk.page\/hr\/wp-json\/wp\/v2\/product_cat?post=744808"},{"taxonomy":"product_tag","embeddable":true,"href":"https:\/\/stoic-curie.212-227-153-4.plesk.page\/hr\/wp-json\/wp\/v2\/product_tag?post=744808"}],"curies":[{"name":"wp","href":"https:\/\/api.w.org\/{rel}","templated":true}]}}