{"id":744809,"date":"2025-03-03T20:01:05","date_gmt":"2025-03-03T19:01:05","guid":{"rendered":"https:\/\/stoic-curie.212-227-153-4.plesk.page\/producto\/sidro-orka-33kg\/"},"modified":"2026-02-25T00:01:16","modified_gmt":"2026-02-25T00:01:16","slug":"sidro-orka-33kg","status":"publish","type":"product","link":"https:\/\/stoic-curie.212-227-153-4.plesk.page\/hr\/product\/sidro-orka-33kg\/","title":{"rendered":"Sidro Orka 33kg"},"content":{"rendered":"<p>Sidro Orka 33kg &#8211; <\/p>\n<p style=\"color: rgb(34, 34, 34); font-family: Arial, Helvetica, sans-serif; font-size: small;\">S ponosom predstavljamo na\u0161u posebnu sidro od pocin\u010danog \u010delika Quick Grasp, pa\u017eljivo izra\u0111enu za razne uvjete na dnu mora i pogodnu za sve vrste plovila. Ovo sidro ima valjak i sustav raspodjele te\u017eine koji jam\u010di idealan kut penetracije. Njegova velika konkavna povr\u0161ina pru\u017ea impresivnu snagu dr\u017eanja.<\/p>\n<p style=\"color: rgb(34, 34, 34); font-family: Arial, Helvetica, sans-serif; font-size: small;\">Izra\u0111eno od visokokvalitetnog pocin\u010danog manganovog \u010delika, ovo jedno-dijelno sidro dizajnirano je za samostalno spu\u0161tanje. In\u017eenjerski je osmi\u0161ljeno za slobodno spu\u0161tanje s prednjih valjaka, \u0161to ga \u010dini izvrsnom opcijom za kori\u0161tenje s daljinski upravljanim vitlima. Zna\u010dajna te\u017eina smje\u0161tena u prednjem dijelu osigurava da se sidro pove\u017ee s dnom mora nakon kontakta.<\/p>\n<p style=\"color: rgb(34, 34, 34); font-family: Arial, Helvetica, sans-serif; font-size: small;\">S niskim te\u017ei\u0161tem i samorazvijenim dizajnom, sidro Orca brzo se postavlja, omogu\u0107uju\u0107i u\u010dinkovito vezanje bez brige o pomicanju.<\/p>\n<p style=\"color: rgb(34, 34, 34); font-family: Arial, Helvetica, sans-serif; font-size: small;\">Klju\u010dne zna\u010dajke uklju\u010duju:<\/p>\n<ul style=\"color: rgb(34, 34, 34); font-family: Arial, Helvetica, sans-serif; font-size: small;\">\n<li>Visokokvalitetna konstrukcija od pocin\u010danog manganovog \u010delika<\/li>\n<li>Jedinstveni profil dr\u0161ke<\/li>\n<li>Te\u017einsko optere\u0107enje na vrhu<\/li>\n<li>Samostalno spu\u0161tanje<\/li>\n<li>Nisko te\u017ei\u0161te<\/li>\n<li>Samorazvijaju\u0107i dizajn<\/li>\n<li>Brzo postavljanje<\/li>\n<li>Pouzdana i dosljedna izvedba<\/li>\n<\/ul>\n<p style=\"color: rgb(34, 34, 34); font-family: Arial, Helvetica, sans-serif; font-size: small;\">Ovo sidro je izvrsna opcija za ljubitelje plovidbe koji cijene kvalitetu i pouzdanost.<\/p>\n","protected":false},"excerpt":{"rendered":"<p>Sidro Orka 33kg &#8211; S ponosom predstavljamo na\u0161u posebnu sidro od pocin\u010danog \u010delika Quick Grasp, pa\u017eljivo izra\u0111enu za razne uvjete<\/p>\n","protected":false},"featured_media":5946932,"comment_status":"open","ping_status":"closed","template":"","meta":[],"product_brand":[3086],"product_cat":[1866],"product_tag":[],"class_list":{"0":"post-744809","1":"product","2":"type-product","3":"status-publish","4":"has-post-thumbnail","6":"product_brand-maggigroup-hr","7":"product_cat-sidra-delta","9":"first","10":"instock","11":"shipping-taxable","12":"purchasable","13":"product-type-simple"},"_links":{"self":[{"href":"https:\/\/stoic-curie.212-227-153-4.plesk.page\/hr\/wp-json\/wp\/v2\/product\/744809","targetHints":{"allow":["GET"]}}],"collection":[{"href":"https:\/\/stoic-curie.212-227-153-4.plesk.page\/hr\/wp-json\/wp\/v2\/product"}],"about":[{"href":"https:\/\/stoic-curie.212-227-153-4.plesk.page\/hr\/wp-json\/wp\/v2\/types\/product"}],"replies":[{"embeddable":true,"href":"https:\/\/stoic-curie.212-227-153-4.plesk.page\/hr\/wp-json\/wp\/v2\/comments?post=744809"}],"version-history":[{"count":0,"href":"https:\/\/stoic-curie.212-227-153-4.plesk.page\/hr\/wp-json\/wp\/v2\/product\/744809\/revisions"}],"wp:featuredmedia":[{"embeddable":true,"href":"https:\/\/stoic-curie.212-227-153-4.plesk.page\/hr\/wp-json\/wp\/v2\/media\/5946932"}],"wp:attachment":[{"href":"https:\/\/stoic-curie.212-227-153-4.plesk.page\/hr\/wp-json\/wp\/v2\/media?parent=744809"}],"wp:term":[{"taxonomy":"product_brand","embeddable":true,"href":"https:\/\/stoic-curie.212-227-153-4.plesk.page\/hr\/wp-json\/wp\/v2\/product_brand?post=744809"},{"taxonomy":"product_cat","embeddable":true,"href":"https:\/\/stoic-curie.212-227-153-4.plesk.page\/hr\/wp-json\/wp\/v2\/product_cat?post=744809"},{"taxonomy":"product_tag","embeddable":true,"href":"https:\/\/stoic-curie.212-227-153-4.plesk.page\/hr\/wp-json\/wp\/v2\/product_tag?post=744809"}],"curies":[{"name":"wp","href":"https:\/\/api.w.org\/{rel}","templated":true}]}}