{"id":744810,"date":"2025-03-03T20:01:05","date_gmt":"2025-03-03T19:01:05","guid":{"rendered":"https:\/\/stoic-curie.212-227-153-4.plesk.page\/producto\/sidro-orka-20kg\/"},"modified":"2026-02-25T00:01:16","modified_gmt":"2026-02-25T00:01:16","slug":"sidro-orka-20kg","status":"publish","type":"product","link":"https:\/\/stoic-curie.212-227-153-4.plesk.page\/hr\/product\/sidro-orka-20kg\/","title":{"rendered":"Sidro Orka 20kg"},"content":{"rendered":"<p>Sidro Orka 20kg &#8211; <\/p>\n<p style=\"color: rgb(34, 34, 34); font-family: Arial, Helvetica, sans-serif; font-size: small;\">S velikim uzbu\u0111enjem dijelimo na\u0161u specijalnu sidro od pocin\u010danog \u010delika Quick Grasp! Dizajnirano je da se nosi s raznim uvjetima morskog dna i savr\u0161eno funkcionira za sve vrste plovila. Sa svojim valjkastim sustavom i sustavom raspodjele te\u017eine, posti\u017ee idealan kut penetracije. A ta velika konkavna povr\u0161ina? Osigurava iznimnu snagu dr\u017eanja!<\/p>\n<p style=\"color: rgb(34, 34, 34); font-family: Arial, Helvetica, sans-serif; font-size: small;\">Izra\u0111eno od visokokvalitetnog pocin\u010danog manganskog \u010delika, ovo sidro od jednog komada nudi jednostavnu upotrebu. Glatko se spu\u0161ta s prednjih valjaka, \u010dine\u0107i ga savr\u0161enim za daljinski upravljane vitlove. Osim toga, te\u017eak balast u prednjem dijelu poma\u017ee mu da se odmah uhvati za morsko dno.<\/p>\n<p style=\"color: rgb(34, 34, 34); font-family: Arial, Helvetica, sans-serif; font-size: small;\">Zahvaljuju\u0107i svom niskom te\u017ei\u0161tu i samopro\u010distu\u0107em dizajnu, sidro Orca brzo se postavlja, tako da mo\u017eete sidriti bez straha od pomicanja.<\/p>\n<p style=\"color: rgb(34, 34, 34); font-family: Arial, Helvetica, sans-serif; font-size: small;\">Pogledajte ove zanimljive zna\u010dajke:<\/p>\n<ul style=\"color: rgb(34, 34, 34); font-family: Arial, Helvetica, sans-serif; font-size: small;\">\n<li>Vrhunsku konstrukciju od pocin\u010danog manganskog \u010delika<\/li>\n<li>Jedinstveni profil \u0161anka<\/li>\n<li>Balastirana vrh<\/li>\n<li>Samostalna sposobnost lansiranja<\/li>\n<li>Nisko te\u017ei\u0161te<\/li>\n<li>Samopro\u010distaju\u0107i dizajn<\/li>\n<li>Brza postavka<\/li>\n<li>Pouzdana i dosljedna izvedba<\/li>\n<\/ul>\n<p style=\"color: rgb(34, 34, 34); font-family: Arial, Helvetica, sans-serif; font-size: small;\">Ovo sidro je izvrsan izbor za navija\u010de plovidbe koji cijene kvalitetu i pouzdanost!<\/p>\n","protected":false},"excerpt":{"rendered":"<p>Sidro Orka 20kg &#8211; S velikim uzbu\u0111enjem dijelimo na\u0161u specijalnu sidro od pocin\u010danog \u010delika Quick Grasp! Dizajnirano je da se<\/p>\n","protected":false},"featured_media":5946933,"comment_status":"open","ping_status":"closed","template":"","meta":[],"product_brand":[3086],"product_cat":[1866],"product_tag":[],"class_list":{"0":"post-744810","1":"product","2":"type-product","3":"status-publish","4":"has-post-thumbnail","6":"product_brand-maggigroup-hr","7":"product_cat-sidra-delta","9":"first","10":"instock","11":"shipping-taxable","12":"purchasable","13":"product-type-simple"},"_links":{"self":[{"href":"https:\/\/stoic-curie.212-227-153-4.plesk.page\/hr\/wp-json\/wp\/v2\/product\/744810","targetHints":{"allow":["GET"]}}],"collection":[{"href":"https:\/\/stoic-curie.212-227-153-4.plesk.page\/hr\/wp-json\/wp\/v2\/product"}],"about":[{"href":"https:\/\/stoic-curie.212-227-153-4.plesk.page\/hr\/wp-json\/wp\/v2\/types\/product"}],"replies":[{"embeddable":true,"href":"https:\/\/stoic-curie.212-227-153-4.plesk.page\/hr\/wp-json\/wp\/v2\/comments?post=744810"}],"version-history":[{"count":0,"href":"https:\/\/stoic-curie.212-227-153-4.plesk.page\/hr\/wp-json\/wp\/v2\/product\/744810\/revisions"}],"wp:featuredmedia":[{"embeddable":true,"href":"https:\/\/stoic-curie.212-227-153-4.plesk.page\/hr\/wp-json\/wp\/v2\/media\/5946933"}],"wp:attachment":[{"href":"https:\/\/stoic-curie.212-227-153-4.plesk.page\/hr\/wp-json\/wp\/v2\/media?parent=744810"}],"wp:term":[{"taxonomy":"product_brand","embeddable":true,"href":"https:\/\/stoic-curie.212-227-153-4.plesk.page\/hr\/wp-json\/wp\/v2\/product_brand?post=744810"},{"taxonomy":"product_cat","embeddable":true,"href":"https:\/\/stoic-curie.212-227-153-4.plesk.page\/hr\/wp-json\/wp\/v2\/product_cat?post=744810"},{"taxonomy":"product_tag","embeddable":true,"href":"https:\/\/stoic-curie.212-227-153-4.plesk.page\/hr\/wp-json\/wp\/v2\/product_tag?post=744810"}],"curies":[{"name":"wp","href":"https:\/\/api.w.org\/{rel}","templated":true}]}}