{"id":744811,"date":"2025-03-03T20:01:05","date_gmt":"2025-03-03T19:01:05","guid":{"rendered":"https:\/\/stoic-curie.212-227-153-4.plesk.page\/producto\/sidro-orka-25kg\/"},"modified":"2026-02-25T00:01:16","modified_gmt":"2026-02-25T00:01:16","slug":"sidro-orka-25kg","status":"publish","type":"product","link":"https:\/\/stoic-curie.212-227-153-4.plesk.page\/hr\/product\/sidro-orka-25kg\/","title":{"rendered":"Sidro Orka 25kg"},"content":{"rendered":"<p>Sidro Orka 25kg &#8211; <\/p>\n<p style=\"color: rgb(34, 34, 34); font-family: Arial, Helvetica, sans-serif; font-size: small;\">S uzbu\u0111enjem predstavljamo na\u0161u Specijalnu Galvaniziranu \u010celi\u010dnu Brzu Sidrenu Pojedinca! Dizajnirana je za upravljanje razli\u010ditim uvjetima morskog dna i izvrsno funkcionira za sve vrste plovila. S rolnom i sustavom raspodjele te\u017eine, osigurava idealan kut prodora. Osim toga, njezina velika konkavna povr\u0161ina pru\u017ea ozbiljnu snagu zadr\u017eavanja.<\/p>\n<p style=\"color: rgb(34, 34, 34); font-family: Arial, Helvetica, sans-serif; font-size: small;\">Izra\u0111ena od vrhunske galvanizirane manganske \u010delika, ovo jedno\u010dvano sidro je zami\u0161ljeno za samoinicijativno spu\u0161tanje. Lako se spu\u0161ta s prednjih valjaka, \u0161to ga \u010dini fantasti\u010dnim izborom za daljinski upravljane vitlove. Te\u0161ki balast u prednjem dijelu poma\u017ee mu da odmah zagrabi morsko dno.<\/p>\n<p style=\"color: rgb(34, 34, 34); font-family: Arial, Helvetica, sans-serif; font-size: small;\">Zahvaljuju\u0107i niskom te\u017ei\u0161tu i samospravljaju\u0107em dizajnu, sidro Orca brzo se postavlja, tako da mo\u017eete u\u010dinkovito sidriti bez brige o pomicanju.<\/p>\n<p style=\"color: rgb(34, 34, 34); font-family: Arial, Helvetica, sans-serif; font-size: small;\">Evo nekoliko klju\u010dnih zna\u010dajki:<\/p>\n<ul style=\"color: rgb(34, 34, 34); font-family: Arial, Helvetica, sans-serif; font-size: small;\">\n<li>Konstrukcija od visokokvalitetnog galvaniziranog manganskog \u010delika<\/li>\n<li>Jedinstveni profil stabljike<\/li>\n<li>Balastirana vrh<\/li>\n<li>Kapacitet samoinicijativnog spu\u0161tanja<\/li>\n<li>Nisko te\u017ei\u0161te<\/li>\n<li>Samospravljaju\u0107i dizajn<\/li>\n<li>Brzo postavljanje<\/li>\n<li>Pouzdana i stalna izvedba<\/li>\n<\/ul>\n<p style=\"color: rgb(34, 34, 34); font-family: Arial, Helvetica, sans-serif; font-size: small;\">Ovo sidro je odli\u010dan izbor za ljubitelje plovidbe koji cijene kvalitetu i pouzdanost!<\/p>\n","protected":false},"excerpt":{"rendered":"<p>Sidro Orka 25kg &#8211; S uzbu\u0111enjem predstavljamo na\u0161u Specijalnu Galvaniziranu \u010celi\u010dnu Brzu Sidrenu Pojedinca! Dizajnirana je za upravljanje razli\u010ditim uvjetima<\/p>\n","protected":false},"featured_media":5946933,"comment_status":"open","ping_status":"closed","template":"","meta":[],"product_brand":[3086],"product_cat":[1866],"product_tag":[],"class_list":{"0":"post-744811","1":"product","2":"type-product","3":"status-publish","4":"has-post-thumbnail","6":"product_brand-maggigroup-hr","7":"product_cat-sidra-delta","9":"first","10":"instock","11":"shipping-taxable","12":"purchasable","13":"product-type-simple"},"_links":{"self":[{"href":"https:\/\/stoic-curie.212-227-153-4.plesk.page\/hr\/wp-json\/wp\/v2\/product\/744811","targetHints":{"allow":["GET"]}}],"collection":[{"href":"https:\/\/stoic-curie.212-227-153-4.plesk.page\/hr\/wp-json\/wp\/v2\/product"}],"about":[{"href":"https:\/\/stoic-curie.212-227-153-4.plesk.page\/hr\/wp-json\/wp\/v2\/types\/product"}],"replies":[{"embeddable":true,"href":"https:\/\/stoic-curie.212-227-153-4.plesk.page\/hr\/wp-json\/wp\/v2\/comments?post=744811"}],"version-history":[{"count":0,"href":"https:\/\/stoic-curie.212-227-153-4.plesk.page\/hr\/wp-json\/wp\/v2\/product\/744811\/revisions"}],"wp:featuredmedia":[{"embeddable":true,"href":"https:\/\/stoic-curie.212-227-153-4.plesk.page\/hr\/wp-json\/wp\/v2\/media\/5946933"}],"wp:attachment":[{"href":"https:\/\/stoic-curie.212-227-153-4.plesk.page\/hr\/wp-json\/wp\/v2\/media?parent=744811"}],"wp:term":[{"taxonomy":"product_brand","embeddable":true,"href":"https:\/\/stoic-curie.212-227-153-4.plesk.page\/hr\/wp-json\/wp\/v2\/product_brand?post=744811"},{"taxonomy":"product_cat","embeddable":true,"href":"https:\/\/stoic-curie.212-227-153-4.plesk.page\/hr\/wp-json\/wp\/v2\/product_cat?post=744811"},{"taxonomy":"product_tag","embeddable":true,"href":"https:\/\/stoic-curie.212-227-153-4.plesk.page\/hr\/wp-json\/wp\/v2\/product_tag?post=744811"}],"curies":[{"name":"wp","href":"https:\/\/api.w.org\/{rel}","templated":true}]}}