{"id":744812,"date":"2025-03-03T20:01:06","date_gmt":"2025-03-03T19:01:06","guid":{"rendered":"https:\/\/stoic-curie.212-227-153-4.plesk.page\/producto\/sidro-orka-15kg\/"},"modified":"2026-02-25T00:01:16","modified_gmt":"2026-02-25T00:01:16","slug":"sidro-orka-15kg","status":"publish","type":"product","link":"https:\/\/stoic-curie.212-227-153-4.plesk.page\/hr\/product\/sidro-orka-15kg\/","title":{"rendered":"Sidro Orka 15kg"},"content":{"rendered":"<p>Sidro Orka 15kg &#8211; <\/p>\n<p style=\"color: rgb(34, 34, 34); font-family: Arial, Helvetica, sans-serif; font-size: small;\">Sa odu\u0161evljenjem predstavljamo na\u0161u specijalnu brzo hvataljku od pocin\u010danog \u010delika. Ova sidra su dizajnirana za vrhunske performanse u raznim uvjetima morskog dna i prikladna su za sve vrste plovila. Njihov sustav raspodjele te\u017eine omogu\u0107uje postizanje optimalnog kuta prodiranja. Velika konkavna povr\u0161ina nudi izvanrednu snagu dr\u017eanja.<\/p>\n<p style=\"color: rgb(34, 34, 34); font-family: Arial, Helvetica, sans-serif; font-size: small;\">Izra\u0111ena od vrhunskog pocin\u010danog manganskog \u010delika, ovo jedno dijelno sidro dizajnirano je za jednostavnu upotrebu. Lako se ispu\u0161ta iz prednjih valjaka, \u0161to ga \u010dini kompatibilnim s daljinskim vitlovima. Osim toga, te\u0161ki balast smje\u0161ten u dijelu s vrhom osigurava da se sidro brzo u\u010dvrsti na morskom dnu.<\/p>\n<p style=\"color: rgb(34, 34, 34); font-family: Arial, Helvetica, sans-serif; font-size: small;\">S niskim te\u017ei\u0161tem i dizajnom koji se samostalno uspravlja, sidro Orca u\u010dinkovito se postavlja, omogu\u0107uju\u0107i vam da sidrite s povjerenjem, bez brige o pomjeranju.<\/p>\n<p style=\"color: rgb(34, 34, 34); font-family: Arial, Helvetica, sans-serif; font-size: small;\">Evo nekoliko zna\u010dajnih karakteristika:<\/p>\n<ul style=\"color: rgb(34, 34, 34); font-family: Arial, Helvetica, sans-serif; font-size: small;\">\n<li>Izrada od vrhunskog pocin\u010danog manganskog \u010delika<\/li>\n<li>Karakteristi\u010dni profil stablai\u0107a<\/li>\n<li>Balastirani vrh<\/li>\n<li>Samostalno ispu\u0161tanje<\/li>\n<li>Nisko te\u017ei\u0161te<\/li>\n<li>Dizajn koji se samostalno uspravlja<\/li>\n<li>Brzo postavljanje<\/li>\n<li>Pouzdane i dosljedne performanse<\/li>\n<\/ul>\n<p style=\"color: rgb(34, 34, 34); font-family: Arial, Helvetica, sans-serif; font-size: small;\">Ovo sidro je fantasti\u010dna opcija za ljubitelje plovidbe koji cijene kvalitetu i pouzdanost.<\/p>\n","protected":false},"excerpt":{"rendered":"<p>Sidro Orka 15kg &#8211; Sa odu\u0161evljenjem predstavljamo na\u0161u specijalnu brzo hvataljku od pocin\u010danog \u010delika. Ova sidra su dizajnirana za vrhunske<\/p>\n","protected":false},"featured_media":5946933,"comment_status":"open","ping_status":"closed","template":"","meta":[],"product_brand":[3086],"product_cat":[1866],"product_tag":[],"class_list":{"0":"post-744812","1":"product","2":"type-product","3":"status-publish","4":"has-post-thumbnail","6":"product_brand-maggigroup-hr","7":"product_cat-sidra-delta","9":"first","10":"instock","11":"shipping-taxable","12":"purchasable","13":"product-type-simple"},"_links":{"self":[{"href":"https:\/\/stoic-curie.212-227-153-4.plesk.page\/hr\/wp-json\/wp\/v2\/product\/744812","targetHints":{"allow":["GET"]}}],"collection":[{"href":"https:\/\/stoic-curie.212-227-153-4.plesk.page\/hr\/wp-json\/wp\/v2\/product"}],"about":[{"href":"https:\/\/stoic-curie.212-227-153-4.plesk.page\/hr\/wp-json\/wp\/v2\/types\/product"}],"replies":[{"embeddable":true,"href":"https:\/\/stoic-curie.212-227-153-4.plesk.page\/hr\/wp-json\/wp\/v2\/comments?post=744812"}],"version-history":[{"count":0,"href":"https:\/\/stoic-curie.212-227-153-4.plesk.page\/hr\/wp-json\/wp\/v2\/product\/744812\/revisions"}],"wp:featuredmedia":[{"embeddable":true,"href":"https:\/\/stoic-curie.212-227-153-4.plesk.page\/hr\/wp-json\/wp\/v2\/media\/5946933"}],"wp:attachment":[{"href":"https:\/\/stoic-curie.212-227-153-4.plesk.page\/hr\/wp-json\/wp\/v2\/media?parent=744812"}],"wp:term":[{"taxonomy":"product_brand","embeddable":true,"href":"https:\/\/stoic-curie.212-227-153-4.plesk.page\/hr\/wp-json\/wp\/v2\/product_brand?post=744812"},{"taxonomy":"product_cat","embeddable":true,"href":"https:\/\/stoic-curie.212-227-153-4.plesk.page\/hr\/wp-json\/wp\/v2\/product_cat?post=744812"},{"taxonomy":"product_tag","embeddable":true,"href":"https:\/\/stoic-curie.212-227-153-4.plesk.page\/hr\/wp-json\/wp\/v2\/product_tag?post=744812"}],"curies":[{"name":"wp","href":"https:\/\/api.w.org\/{rel}","templated":true}]}}