{"id":744813,"date":"2025-03-03T20:01:06","date_gmt":"2025-03-03T19:01:06","guid":{"rendered":"https:\/\/stoic-curie.212-227-153-4.plesk.page\/producto\/orca-sidro-6kg\/"},"modified":"2026-02-25T00:01:16","modified_gmt":"2026-02-25T00:01:16","slug":"orca-sidro-6kg","status":"publish","type":"product","link":"https:\/\/stoic-curie.212-227-153-4.plesk.page\/hr\/product\/orca-sidro-6kg\/","title":{"rendered":"Orca sidro 6kg"},"content":{"rendered":"<p>Orca sidro 6kg &#8211; <\/p>\n<p><span style=\"color: rgb(34, 34, 34); font-family: Arial, Helvetica, sans-serif; font-size: small;\">Sa zadovoljstvom predstavljamo na\u0161 poseban sidro za brzo hvatanje od pocin\u010danog \u010delika, koje je savr\u0161eno dizajnirano za u\u010dinkovito djelovanje u razli\u010ditim uvjetima morskog dna i prikladno za sve vrste plovila. Ovo sidro je izra\u0111eno od visokokvalitetnog pocin\u010danog manganskog \u010delika, \u0161to osigurava izdr\u017eljivost i snagu. Ima jedinstveni profil dr\u0161ke i balastnu to\u010dku, koji zajedno omogu\u0107uju brzo i sigurno sidrenje. Me\u0111u njegovim klju\u010dnim zna\u010dajkama su sposobnost samostalnog ispu\u0161tanja, nizak centar gravitacije i pouzdana izvedba. Ove osobine \u010dine ga izvanrednim izborom za ljubitelje plovidbe koji vrednuju kvalitetu i pouzdanost u svojoj opremi. Bilo da ste iskusni moreplovec ili vikend plovidbenik, ovo sidro \u0107e zasigurno zadovoljiti va\u0161e potrebe i pobolj\u0161ati va\u0161e iskustvo na vodi.<\/span><\/p>\n","protected":false},"excerpt":{"rendered":"<p>Orca sidro 6kg &#8211; Sa zadovoljstvom predstavljamo na\u0161 poseban sidro za brzo hvatanje od pocin\u010danog \u010delika, koje je savr\u0161eno dizajnirano<\/p>\n","protected":false},"featured_media":5946933,"comment_status":"open","ping_status":"closed","template":"","meta":[],"product_brand":[3086],"product_cat":[1866],"product_tag":[],"class_list":{"0":"post-744813","1":"product","2":"type-product","3":"status-publish","4":"has-post-thumbnail","6":"product_brand-maggigroup-hr","7":"product_cat-sidra-delta","9":"first","10":"instock","11":"shipping-taxable","12":"purchasable","13":"product-type-simple"},"_links":{"self":[{"href":"https:\/\/stoic-curie.212-227-153-4.plesk.page\/hr\/wp-json\/wp\/v2\/product\/744813","targetHints":{"allow":["GET"]}}],"collection":[{"href":"https:\/\/stoic-curie.212-227-153-4.plesk.page\/hr\/wp-json\/wp\/v2\/product"}],"about":[{"href":"https:\/\/stoic-curie.212-227-153-4.plesk.page\/hr\/wp-json\/wp\/v2\/types\/product"}],"replies":[{"embeddable":true,"href":"https:\/\/stoic-curie.212-227-153-4.plesk.page\/hr\/wp-json\/wp\/v2\/comments?post=744813"}],"version-history":[{"count":0,"href":"https:\/\/stoic-curie.212-227-153-4.plesk.page\/hr\/wp-json\/wp\/v2\/product\/744813\/revisions"}],"wp:featuredmedia":[{"embeddable":true,"href":"https:\/\/stoic-curie.212-227-153-4.plesk.page\/hr\/wp-json\/wp\/v2\/media\/5946933"}],"wp:attachment":[{"href":"https:\/\/stoic-curie.212-227-153-4.plesk.page\/hr\/wp-json\/wp\/v2\/media?parent=744813"}],"wp:term":[{"taxonomy":"product_brand","embeddable":true,"href":"https:\/\/stoic-curie.212-227-153-4.plesk.page\/hr\/wp-json\/wp\/v2\/product_brand?post=744813"},{"taxonomy":"product_cat","embeddable":true,"href":"https:\/\/stoic-curie.212-227-153-4.plesk.page\/hr\/wp-json\/wp\/v2\/product_cat?post=744813"},{"taxonomy":"product_tag","embeddable":true,"href":"https:\/\/stoic-curie.212-227-153-4.plesk.page\/hr\/wp-json\/wp\/v2\/product_tag?post=744813"}],"curies":[{"name":"wp","href":"https:\/\/api.w.org\/{rel}","templated":true}]}}