{"id":744814,"date":"2025-03-03T20:01:06","date_gmt":"2025-03-03T19:01:06","guid":{"rendered":"https:\/\/stoic-curie.212-227-153-4.plesk.page\/producto\/orca-sidro-10kg\/"},"modified":"2026-02-25T00:01:16","modified_gmt":"2026-02-25T00:01:16","slug":"orca-sidro-10kg","status":"publish","type":"product","link":"https:\/\/stoic-curie.212-227-153-4.plesk.page\/hr\/product\/orca-sidro-10kg\/","title":{"rendered":"Orca sidro 10kg"},"content":{"rendered":"<p>Orca sidro 10kg &#8211; <\/p>\n<p style=\"color: rgb(34, 34, 34); font-family: Arial, Helvetica, sans-serif; font-size: small;\">S ponosom vam predstavljamo na\u0161u posebnu sidrenu kuku od pocin\u010danog \u010delika Quick Grasp, dizajniranu za razli\u010dite uvjete morskog dna i pogodnu za sve vrste plovila. Njegov sustav s valjkom i raspodjela te\u017eine osiguravaju optimalnu penetraciju, dok velika konveksna povr\u0161ina pru\u017ea sna\u017enu sidrenu mo\u0107.<\/p>\n<p style=\"color: rgb(34, 34, 34); font-family: Arial, Helvetica, sans-serif; font-size: small;\">Izra\u0111ena od vrhunskog pocin\u010danog mangan \u010delika, ova jedinica sidra lako se upotrebljava s prednjih valjaka i dobro sura\u0111uje s daljinski upravljanim vitlima. Njegova te\u0161ka balastna to\u010dka omogu\u0107ava brzo osiguranje na morskom dnu.<\/p>\n<p style=\"color: rgb(34, 34, 34); font-family: Arial, Helvetica, sans-serif; font-size: small;\">Klju\u010dne karakteristike uklju\u010duju:<\/p>\n<ul style=\"color: rgb(34, 34, 34); font-family: Arial, Helvetica, sans-serif; font-size: small;\">\n<li>Vrhunski pocin\u010dani mangan \u010delik<\/li>\n<li>Jedinstveni profil dr\u0161ke<\/li>\n<li>Balastna to\u010dka<\/li>\n<li>Sposobnost automatskog postavljanja<\/li>\n<li>Niska sredi\u0161nja gravitacija<\/li>\n<li>Samopro\u010di\u0161\u0107avaju\u0107i dizajn<\/li>\n<li>Brza mogu\u0107nost postavljanja<\/li>\n<li>Pouzdana izvedba<\/li>\n<\/ul>\n<p style=\"color: rgb(34, 34, 34); font-family: Arial, Helvetica, sans-serif; font-size: small;\">Ovo sidro je odli\u010dan izbor za ljubitelje plovidbe koji te\u017ee kvaliteti i pouzdanosti.<\/p>\n","protected":false},"excerpt":{"rendered":"<p>Orca sidro 10kg &#8211; S ponosom vam predstavljamo na\u0161u posebnu sidrenu kuku od pocin\u010danog \u010delika Quick Grasp, dizajniranu za razli\u010dite<\/p>\n","protected":false},"featured_media":5946933,"comment_status":"open","ping_status":"closed","template":"","meta":[],"product_brand":[3086],"product_cat":[1866],"product_tag":[],"class_list":{"0":"post-744814","1":"product","2":"type-product","3":"status-publish","4":"has-post-thumbnail","6":"product_brand-maggigroup-hr","7":"product_cat-sidra-delta","9":"first","10":"instock","11":"shipping-taxable","12":"purchasable","13":"product-type-simple"},"_links":{"self":[{"href":"https:\/\/stoic-curie.212-227-153-4.plesk.page\/hr\/wp-json\/wp\/v2\/product\/744814","targetHints":{"allow":["GET"]}}],"collection":[{"href":"https:\/\/stoic-curie.212-227-153-4.plesk.page\/hr\/wp-json\/wp\/v2\/product"}],"about":[{"href":"https:\/\/stoic-curie.212-227-153-4.plesk.page\/hr\/wp-json\/wp\/v2\/types\/product"}],"replies":[{"embeddable":true,"href":"https:\/\/stoic-curie.212-227-153-4.plesk.page\/hr\/wp-json\/wp\/v2\/comments?post=744814"}],"version-history":[{"count":0,"href":"https:\/\/stoic-curie.212-227-153-4.plesk.page\/hr\/wp-json\/wp\/v2\/product\/744814\/revisions"}],"wp:featuredmedia":[{"embeddable":true,"href":"https:\/\/stoic-curie.212-227-153-4.plesk.page\/hr\/wp-json\/wp\/v2\/media\/5946933"}],"wp:attachment":[{"href":"https:\/\/stoic-curie.212-227-153-4.plesk.page\/hr\/wp-json\/wp\/v2\/media?parent=744814"}],"wp:term":[{"taxonomy":"product_brand","embeddable":true,"href":"https:\/\/stoic-curie.212-227-153-4.plesk.page\/hr\/wp-json\/wp\/v2\/product_brand?post=744814"},{"taxonomy":"product_cat","embeddable":true,"href":"https:\/\/stoic-curie.212-227-153-4.plesk.page\/hr\/wp-json\/wp\/v2\/product_cat?post=744814"},{"taxonomy":"product_tag","embeddable":true,"href":"https:\/\/stoic-curie.212-227-153-4.plesk.page\/hr\/wp-json\/wp\/v2\/product_tag?post=744814"}],"curies":[{"name":"wp","href":"https:\/\/api.w.org\/{rel}","templated":true}]}}