{"id":744829,"date":"2025-03-03T20:01:11","date_gmt":"2025-03-03T19:01:11","guid":{"rendered":"https:\/\/stoic-curie.212-227-153-4.plesk.page\/producto\/kit-antifouling-prospeed-large\/"},"modified":"2026-02-25T00:01:16","modified_gmt":"2026-02-25T00:01:16","slug":"kit-antifouling-prospeed-large","status":"publish","type":"product","link":"https:\/\/stoic-curie.212-227-153-4.plesk.page\/hr\/product\/kit-antifouling-prospeed-large\/","title":{"rendered":"Kit Antifouling ProSpeed Large"},"content":{"rendered":"<p>Kit Antifouling ProSpeed Large &#8211; Sprje\u010dava vezanje i rast morskih faune i flore na propelerima i bazama zbog niske kriti\u010dne povr\u0161inske napetosti. Ne sadr\u017ei spojeve bakra ili kositra niti druge toksi\u010dne tvari koje mogu uzrokovati zaga\u0111enje okoli\u0161a. Koristi se kao preventivni premaz protiv naslaga za propeler i prijenos. Budu\u0107i da ne sadr\u017ei bakar, pogodna je za upotrebu u blizini stra\u017enjih pogona, kormila, podvodnih svjetala, izmjenjiva\u010da i drugih potisnika pramca. Premaz za 3,4 m2. Sadr\u017eaj: &#8211; 4 Propclean krpe &#8211; 2 Propclean krpe &#8211; 2 x 240 ml Osnova za etching &#8211; 2 x 60 ml Oja\u010diva\u010d za etching &#8211; 1 x 320 ml ClearCot prozirnog laka.<\/p>\n","protected":false},"excerpt":{"rendered":"<p>Kit Antifouling ProSpeed Large &#8211; Sprje\u010dava vezanje i rast morskih faune i flore na propelerima i bazama zbog niske kriti\u010dne<\/p>\n","protected":false},"featured_media":5946943,"comment_status":"open","ping_status":"closed","template":"","meta":[],"product_brand":[3276],"product_cat":[1634],"product_tag":[],"class_list":{"0":"post-744829","1":"product","2":"type-product","3":"status-publish","4":"has-post-thumbnail","6":"product_brand-propspeed-hr","7":"product_cat-brodske-boje","9":"first","10":"outofstock","11":"shipping-taxable","12":"purchasable","13":"product-type-simple"},"_links":{"self":[{"href":"https:\/\/stoic-curie.212-227-153-4.plesk.page\/hr\/wp-json\/wp\/v2\/product\/744829","targetHints":{"allow":["GET"]}}],"collection":[{"href":"https:\/\/stoic-curie.212-227-153-4.plesk.page\/hr\/wp-json\/wp\/v2\/product"}],"about":[{"href":"https:\/\/stoic-curie.212-227-153-4.plesk.page\/hr\/wp-json\/wp\/v2\/types\/product"}],"replies":[{"embeddable":true,"href":"https:\/\/stoic-curie.212-227-153-4.plesk.page\/hr\/wp-json\/wp\/v2\/comments?post=744829"}],"version-history":[{"count":0,"href":"https:\/\/stoic-curie.212-227-153-4.plesk.page\/hr\/wp-json\/wp\/v2\/product\/744829\/revisions"}],"wp:featuredmedia":[{"embeddable":true,"href":"https:\/\/stoic-curie.212-227-153-4.plesk.page\/hr\/wp-json\/wp\/v2\/media\/5946943"}],"wp:attachment":[{"href":"https:\/\/stoic-curie.212-227-153-4.plesk.page\/hr\/wp-json\/wp\/v2\/media?parent=744829"}],"wp:term":[{"taxonomy":"product_brand","embeddable":true,"href":"https:\/\/stoic-curie.212-227-153-4.plesk.page\/hr\/wp-json\/wp\/v2\/product_brand?post=744829"},{"taxonomy":"product_cat","embeddable":true,"href":"https:\/\/stoic-curie.212-227-153-4.plesk.page\/hr\/wp-json\/wp\/v2\/product_cat?post=744829"},{"taxonomy":"product_tag","embeddable":true,"href":"https:\/\/stoic-curie.212-227-153-4.plesk.page\/hr\/wp-json\/wp\/v2\/product_tag?post=744829"}],"curies":[{"name":"wp","href":"https:\/\/api.w.org\/{rel}","templated":true}]}}