{"id":744833,"date":"2025-03-03T20:01:13","date_gmt":"2025-03-03T19:01:13","guid":{"rendered":"https:\/\/stoic-curie.212-227-153-4.plesk.page\/producto\/sidro-hall-75kg\/"},"modified":"2026-02-25T00:01:16","modified_gmt":"2026-02-25T00:01:16","slug":"sidro-hall-75kg","status":"publish","type":"product","link":"https:\/\/stoic-curie.212-227-153-4.plesk.page\/hr\/product\/sidro-hall-75kg\/","title":{"rendered":"Sidro Hall 75kg"},"content":{"rendered":"<p>Sidro Hall 75kg &#8211; <\/p>\n<p style=\"color: rgb(34, 34, 34); font-family: Arial, Helvetica, sans-serif; font-size: small;\">Hallova sidra, tako\u0111er poznata kao Admiralty Pattern Hall sidra, je tradicionalna sidra koja savr\u0161eno odgovara u sidri\u0161te. Ima lijep oblik i \u010dvrstu dr\u0161ku, izra\u0111enu od \u010dvrstog lijevanog \u010delika i vru\u0107e pocin\u010dana za dodatnu izdr\u017eljivost. Ovaj vremenski testirani dizajn je pouzdan u cijeloj pomorskoj industriji za osiguranje velikih plovila, brodova i \u010damaca u lukama, marinama i otvorenim sustavima sidrenja.<\/p>\n<p style=\"color: rgb(34, 34, 34); font-family: Arial, Helvetica, sans-serif; font-size: small;\">Izvorno razvijen u 19. stolje\u0107u za pomorsku upotrebu, Hallova sidra ostaje popularna i danas zbog svoje izvrsne snage dr\u017eanja i sposobnosti da se u\u010dinkovito ukorijeni u raznim morskim dnom. Dizajnirana je za stalno i polustalno sidrenje, a izvrsno funkcionira na pje\u0161\u010danim, blatnim ili stjenovitim povr\u0161inama. Ova svestranost \u010dini je idealnim izborom za komercijalne i industrijske pomorske operacije.<\/p>\n<p style=\"color: rgb(34, 34, 34); font-family: Arial, Helvetica, sans-serif; font-size: small;\">Bilo da postavljate sidri\u0161te, osiguravate veliko komercijalno plovilo ili upravljate infrastrukturom u prometnom brodogradili\u0161tu ili luci, Hallova sidra pru\u017ea dugotrajnu stabilnost i sigurnost.<\/p>\n<p style=\"color: rgb(34, 34, 34); font-family: Arial, Helvetica, sans-serif; font-size: small;\"><strong>Klju\u010dne zna\u010dajke:<\/strong><\/p>\n<ul style=\"color: rgb(34, 34, 34); font-family: Arial, Helvetica, sans-serif; font-size: small;\">\n<li>Tradicionalni Admiralty Pattern dizajn za maksimalnu snagu i pouzdanost<\/li>\n<li>Idealno za sidrenje velikih plovila, brodova i komercijalnih pomorskih plovila<\/li>\n<li>Pogodno za trajne ili polutrajne sustave sidrenja<\/li>\n<li>U\u010dinkovito na stjenovitom, pje\u0161\u010danom i blatnom morskom dnu<\/li>\n<li>Robusna konstrukcija s pocin\u010danom zavr\u0161nom obradom za otpornost na koroziju<\/li>\n<li>Dostupno u vi\u0161e veli\u010dina<\/li>\n<\/ul>\n","protected":false},"excerpt":{"rendered":"<p>Sidro Hall 75kg &#8211; Hallova sidra, tako\u0111er poznata kao Admiralty Pattern Hall sidra, je tradicionalna sidra koja savr\u0161eno odgovara u<\/p>\n","protected":false},"featured_media":5936428,"comment_status":"open","ping_status":"closed","template":"","meta":[],"product_brand":[3086],"product_cat":[1864],"product_tag":[],"class_list":{"0":"post-744833","1":"product","2":"type-product","3":"status-publish","4":"has-post-thumbnail","6":"product_brand-maggigroup-hr","7":"product_cat-sidra-hall","9":"first","10":"instock","11":"shipping-taxable","12":"purchasable","13":"product-type-simple"},"_links":{"self":[{"href":"https:\/\/stoic-curie.212-227-153-4.plesk.page\/hr\/wp-json\/wp\/v2\/product\/744833","targetHints":{"allow":["GET"]}}],"collection":[{"href":"https:\/\/stoic-curie.212-227-153-4.plesk.page\/hr\/wp-json\/wp\/v2\/product"}],"about":[{"href":"https:\/\/stoic-curie.212-227-153-4.plesk.page\/hr\/wp-json\/wp\/v2\/types\/product"}],"replies":[{"embeddable":true,"href":"https:\/\/stoic-curie.212-227-153-4.plesk.page\/hr\/wp-json\/wp\/v2\/comments?post=744833"}],"version-history":[{"count":0,"href":"https:\/\/stoic-curie.212-227-153-4.plesk.page\/hr\/wp-json\/wp\/v2\/product\/744833\/revisions"}],"wp:featuredmedia":[{"embeddable":true,"href":"https:\/\/stoic-curie.212-227-153-4.plesk.page\/hr\/wp-json\/wp\/v2\/media\/5936428"}],"wp:attachment":[{"href":"https:\/\/stoic-curie.212-227-153-4.plesk.page\/hr\/wp-json\/wp\/v2\/media?parent=744833"}],"wp:term":[{"taxonomy":"product_brand","embeddable":true,"href":"https:\/\/stoic-curie.212-227-153-4.plesk.page\/hr\/wp-json\/wp\/v2\/product_brand?post=744833"},{"taxonomy":"product_cat","embeddable":true,"href":"https:\/\/stoic-curie.212-227-153-4.plesk.page\/hr\/wp-json\/wp\/v2\/product_cat?post=744833"},{"taxonomy":"product_tag","embeddable":true,"href":"https:\/\/stoic-curie.212-227-153-4.plesk.page\/hr\/wp-json\/wp\/v2\/product_tag?post=744833"}],"curies":[{"name":"wp","href":"https:\/\/api.w.org\/{rel}","templated":true}]}}