{"id":744834,"date":"2025-03-03T20:01:13","date_gmt":"2025-03-03T19:01:13","guid":{"rendered":"https:\/\/stoic-curie.212-227-153-4.plesk.page\/producto\/sidro-od-nehrdajuceg-celika-ultra-12kg\/"},"modified":"2026-02-25T00:01:16","modified_gmt":"2026-02-25T00:01:16","slug":"sidro-od-nehrdajuceg-celika-ultra-12kg","status":"publish","type":"product","link":"https:\/\/stoic-curie.212-227-153-4.plesk.page\/hr\/product\/sidro-od-nehrdajuceg-celika-ultra-12kg\/","title":{"rendered":"Sidro od nehr\u0111aju\u0107eg \u010delika Ultra 12kg"},"content":{"rendered":"<p>Sidro od nehr\u0111aju\u0107eg \u010delika Ultra 12kg &#8211; <\/p>\n<p style=\"color: rgb(34, 34, 34); font-family: Arial, Helvetica, sans-serif; font-size: small;\"><strong>Ankera od 12 kg (26 lbs) od 316 nehr\u0111aju\u0107eg \u010delika<\/strong><\/p>\n<p style=\"color: rgb(34, 34, 34); font-family: Arial, Helvetica, sans-serif; font-size: small;\">Predstavljamo najistaknutije anker od nehr\u0111aju\u0107eg \u010delika na svijetu, poznato po svom izvanrednom hvatanju i snazi dr\u017eanja. Ovaj anker je dizajniran s optimalnom distribucijom te\u017eine, osiguravaju\u0107i da je ispravno postavljen pod idealnim kutom za u\u010dinkovito probijanje. Njegova konveksna povr\u0161ina jam\u010di \u010dvrsto dr\u017eanje u raznim uvjetima mora i vjetra. Nadalje, inovativni dizajn stra\u017enje baze sprje\u010dava uvijanje lanca na stablu, omogu\u0107uju\u0107i sigurnu i jednostavnu obnovu iz bilo kakvih mogu\u0107ih zapleta.<\/p>\n<p style=\"color: rgb(34, 34, 34); font-family: Arial, Helvetica, sans-serif; font-size: small;\">ULTRA serija ankera utjelovljuje vrhunac tehnologije i obrtnog umije\u0107a. Svaki anker ru\u010dno je izra\u0111en od 316 nehr\u0111aju\u0107eg \u010delika i poliran do izvanrednog zavr\u0161etka, jam\u010de\u0107i proizvod neusporedive kvalitete. ULTRA Anker je svestran i sigurno se uklapa na prednju valjak jedrilica do 30 ft, motornih brodova do 33 ft i katamarana do 27 ft.<\/p>\n<p style=\"color: rgb(34, 34, 34); font-family: Arial, Helvetica, sans-serif; font-size: small;\">ULTRA Anker ilustrira va\u017enost odgovaraju\u0107e distribucije te\u017eine i dizajna kako u postavljanju tako i u povla\u010denju va\u0161eg ankera. Naro\u010dito je zanimljivo da bi svaki ULTRA Anker, kada ga okrenete, intuitivno se vratio u svoju napada\u010dku poziciju.<\/p>\n<p style=\"color: rgb(34, 34, 34); font-family: Arial, Helvetica, sans-serif; font-size: small;\">Ova izvanredna izvedba rezultat je inovativnih patentiranih zna\u010dajki ankera, uklju\u010duju\u0107i zakrivljeni, olovom punjeni vrh za neposrednu penetraciju, \u0161uplju dr\u0161ku za optimalnu raspodjelu te\u017eine, konveksne bazne povr\u0161ine za maksimalnu snagu dr\u017eanja, i velike bo\u010dne krila koje sprje\u010davaju otpu\u0161tanje tijekom promjenjivih uvjeta vjetra ili plime. Osim toga, svaki anker je dizajniran za jednostavno obnavljanje zahvaljuju\u0107i ravnoj rotacijskoj povr\u0161ini smje\u0161tenoj na donjoj strani baze.<\/p>\n<p style=\"color: rgb(34, 34, 34); font-family: Arial, Helvetica, sans-serif; font-size: small;\">ULTRA Anker odgovara svim vrstama plovila i sigurno se uklapa na prednji valjak. ULTRA anker asortiman dostupan je u veli\u010dinama od 5 kg (11 lbs) do 360 kg (800 lbs). Izra\u0111en od najboljih materijala u Europi od strane specijaliziranih in\u017eenjera, ULTRA anker ima do\u017eivotno jamstvo.<\/p>\n<p style=\"color: rgb(34, 34, 34); font-family: Arial, Helvetica, sans-serif; font-size: small;\"><strong>Klju\u010dne zna\u010dajke:<\/strong><\/p>\n<ul style=\"color: rgb(34, 34, 34); font-family: Arial, Helvetica, sans-serif; font-size: small;\">\n<li>U\u010dinkovito se aktivira pri prvom bacanju.<\/li>\n<li>Odmah dr\u017ei i ne vu\u010de.<\/li>\n<li>Ugne\u017e\u0111uje se dublje, osiguravaju\u0107i odli\u010dnu podr\u0161ku pri rastu\u0107im vjetrovima.<\/li>\n<li>Ostaje sigurno i s promjenom smjera vjetra.<\/li>\n<li>Kompatibilno s remenicama plovila bez pote\u0161ko\u0107a.<\/li>\n<li>Automatski napreduje naprijed i prirodno se uskla\u0111uje da se smjesti na remenicu.<\/li>\n<li>Izra\u010dunato od 316L i 318LN nehr\u0111aju\u0107eg \u010delika, \u010dime se ukida potreba za galvanizacijom.<\/li>\n<\/ul>\n<p style=\"color: rgb(34, 34, 34); font-family: Arial, Helvetica, sans-serif; font-size: small;\">Odaberite ULTRA Anker za neusporedivu izvedbu i pouzdanost tijekom va\u0161ih nauti\u010dkih izleta.<\/p>\n","protected":false},"excerpt":{"rendered":"<p>Sidro od nehr\u0111aju\u0107eg \u010delika Ultra 12kg &#8211; Ankera od 12 kg (26 lbs) od 316 nehr\u0111aju\u0107eg \u010delika Predstavljamo najistaknutije anker<\/p>\n","protected":false},"featured_media":5946951,"comment_status":"open","ping_status":"closed","template":"","meta":[],"product_brand":[3496],"product_cat":[1867],"product_tag":[],"class_list":{"0":"post-744834","1":"product","2":"type-product","3":"status-publish","4":"has-post-thumbnail","6":"product_brand-ultra-marine-hr","7":"product_cat-sidra-ultra","9":"first","10":"outofstock","11":"shipping-taxable","12":"purchasable","13":"product-type-simple"},"_links":{"self":[{"href":"https:\/\/stoic-curie.212-227-153-4.plesk.page\/hr\/wp-json\/wp\/v2\/product\/744834","targetHints":{"allow":["GET"]}}],"collection":[{"href":"https:\/\/stoic-curie.212-227-153-4.plesk.page\/hr\/wp-json\/wp\/v2\/product"}],"about":[{"href":"https:\/\/stoic-curie.212-227-153-4.plesk.page\/hr\/wp-json\/wp\/v2\/types\/product"}],"replies":[{"embeddable":true,"href":"https:\/\/stoic-curie.212-227-153-4.plesk.page\/hr\/wp-json\/wp\/v2\/comments?post=744834"}],"version-history":[{"count":0,"href":"https:\/\/stoic-curie.212-227-153-4.plesk.page\/hr\/wp-json\/wp\/v2\/product\/744834\/revisions"}],"wp:featuredmedia":[{"embeddable":true,"href":"https:\/\/stoic-curie.212-227-153-4.plesk.page\/hr\/wp-json\/wp\/v2\/media\/5946951"}],"wp:attachment":[{"href":"https:\/\/stoic-curie.212-227-153-4.plesk.page\/hr\/wp-json\/wp\/v2\/media?parent=744834"}],"wp:term":[{"taxonomy":"product_brand","embeddable":true,"href":"https:\/\/stoic-curie.212-227-153-4.plesk.page\/hr\/wp-json\/wp\/v2\/product_brand?post=744834"},{"taxonomy":"product_cat","embeddable":true,"href":"https:\/\/stoic-curie.212-227-153-4.plesk.page\/hr\/wp-json\/wp\/v2\/product_cat?post=744834"},{"taxonomy":"product_tag","embeddable":true,"href":"https:\/\/stoic-curie.212-227-153-4.plesk.page\/hr\/wp-json\/wp\/v2\/product_tag?post=744834"}],"curies":[{"name":"wp","href":"https:\/\/api.w.org\/{rel}","templated":true}]}}