{"id":744835,"date":"2025-03-03T20:01:14","date_gmt":"2025-03-03T19:01:14","guid":{"rendered":"https:\/\/stoic-curie.212-227-153-4.plesk.page\/producto\/sidro-od-nehrdajuceg-celika-ultra-16kg\/"},"modified":"2026-02-25T00:01:16","modified_gmt":"2026-02-25T00:01:16","slug":"sidro-od-nehrdajuceg-celika-ultra-16kg","status":"publish","type":"product","link":"https:\/\/stoic-curie.212-227-153-4.plesk.page\/hr\/product\/sidro-od-nehrdajuceg-celika-ultra-16kg\/","title":{"rendered":"Sidro od nehr\u0111aju\u0107eg \u010delika Ultra 16kg"},"content":{"rendered":"<p>Sidro od nehr\u0111aju\u0107eg \u010delika Ultra 16kg &#8211; <\/p>\n<p style=\"color: rgb(34, 34, 34); font-family: Arial, Helvetica, sans-serif; font-size: small;\">Ultra Marine stavlja naglasak na kvalitetu i dizajn, a trebali biste i vi. Anker od 16 kg (35 lbs) od nehr\u0111aju\u0107eg \u010delika 316 nudi optimalnu raspodjelu te\u017eine, osiguravaju\u0107i pravilno pozicioniranje i idealni kut penetracije. Njegova konkavna povr\u0161ina jam\u010di sigurno dr\u017eanje u raznim morskim i vjetrovitim uvjetima. Osim toga, jedinstveni oblik stra\u017enje baze sprje\u010dava uvijanje lanca oko stabljike, olak\u0161avaju\u0107i sigurnu i jednostavnu obnovu sidra iz svake zapetljanosti.<\/p>\n<p style=\"color: rgb(34, 34, 34); font-family: Arial, Helvetica, sans-serif; font-size: small;\">ULTRA asortiman sidara predstavlja vrhunac sidrenja tehnologije i dizajna. Svako sidro je pomno ru\u010dno izra\u0111eno od nehr\u0111aju\u0107eg \u010delika 316 i ru\u010dno polirano, \u0161to odra\u017eava opredijeljenost prema izvrsnosti. ULTRA sidro je kompatibilno sa svim vrstama plovila i sigurno se montira na prednju valjku, \u0161to ga \u010dini pogodnim za jedrilice do 35 ft, motorne \u010damce do 40 ft i katamarane do 32 ft.<\/p>\n<p style=\"color: rgb(34, 34, 34); font-family: Arial, Helvetica, sans-serif; font-size: small;\">Izra\u0111eni od 316 nehr\u0111aju\u0107eg \u010delika i ru\u010dno polirani, Ultra sidra predstavljaju va\u017enost pravilnog rasporeda te\u017eine i dizajna prilikom postavljanja i dizanja sidra. Osobito, ako okrenete bilo koje Ultra sidro, ono se automatski vra\u0107a u napadnu poziciju. Ova izvanredna izvedba rezultat je inovativnih patentiranih zna\u010dajki navedenih u nastavku. Svako sidro je dizajnirano za jednostavno va\u0111enje, zahvaljuju\u0107i ravnoj rotiraju\u0107oj povr\u0161ini na donjoj bazi. Ultra sidra su pogodna za sve vrste plovila i mogu se sigurno postaviti na prednjem valjku. Standardne veli\u010dine sidra kre\u0107u se od 5 kg do 360 kg, a ve\u0107a sidra dostupna su na zahtjev. Koriste\u0107i najbolje materijale u Europi i izra\u0111ene od strane specijaliziranih in\u017eenjera, Ultra sidra dolaze s do\u017eivotnom garancijom protiv proizvodnih nedostataka pod normalnim uvjetima i upotrebi.<\/p>\n<p style=\"color: rgb(34, 34, 34); font-family: Arial, Helvetica, sans-serif; font-size: small;\"><strong>Jedinstvene Zna\u010dajke<\/strong><\/p>\n<ul style=\"color: rgb(34, 34, 34); font-family: Arial, Helvetica, sans-serif; font-size: small;\">\n<li>\n<p><strong>\u0160uplji Stabljika<\/strong>: Koncentrira te\u017einu na vrhu sidra za pobolj\u0161ane performanse.<\/p>\n<\/li>\n<li>\n<p><strong>Cijevna Konstrukcija<\/strong>: Sprje\u010dava sidro da le\u017ei na svom le\u0111ima, omogu\u0107uju\u0107i mu trenutni povratak u napadnu poziciju i ispravno u\u010ditavanje u prednju valjku.<\/p>\n<\/li>\n<li>\n<p><strong>Vrhu Punjenim Olovom<\/strong>: Olovo umetnuto u vrh sidra optimizira raspodjelu te\u017eine, osiguravaju\u0107i u\u010dinkovitu penetraciju u izazovnim uvjetima dna.<\/p>\n<\/li>\n<li>\n<p><strong>To\u010dka za Sprje\u010davanje Ogrebanja<\/strong>: Smje\u0161tena na dnu, ova zna\u010dajka spre\u010dava povla\u010denje i osigurava trenutno postavljanje kada je sidro u pokretu.<\/p>\n<\/li>\n<li>\n<p><strong>Zakrivljeni Vrhu<\/strong>: Silueta dolje orijentirane vrha sidra jam\u010di kontinuirano postavljanje u nepovoljnim vremenskim uvjetima, dok njezini kutovi olak\u0161avaju trenuta\u010dno postavljanje i ako sidro nije u optimalnoj napadnoj poziciji.<\/p>\n<\/li>\n<li>\n<p><strong>Maksimalna Snaga Dr\u017eanja Osnova<\/strong>: Konkavna baza\/uvalo nalikuje lopati, pru\u017eaju\u0107i izuzetnu snagu dr\u017eanja s ve\u0107om povr\u0161inom od konvencionalnih sidara, \u0161to rezultira sigurnijim sidrom koje se ne\u0107e otpustiti.<\/p>\n<\/li>\n<li>\n<p><strong>Oja\u010dano Oko<\/strong>: Dizajniran da izdr\u017ei ekstremne optere\u0107enja, oja\u010dano oko stabljike se ne\u0107e savijati, lomiti ili otkazati.<\/p>\n<\/li>\n<li>\n<p><strong>Ravna Donja Plo\u010da<\/strong>: Kada po\u010dnete podizati anker s morskog dna, on se okre\u0107e na ravnom dijelu i po\u010dinje se otpu\u0161tati, pod uvjetom da se brod nalazi neposredno iznad sidra.<\/p>\n<\/li>\n<li>\n<p><strong>Bo\u010dne Krilne Plo\u010de<\/strong>: ULTRA sidro ostaje sigurno u promjenjivim uvjetima vjetra ili plimom, provode\u0107i potpunu rotaciju od 180 stupnjeva (dok je jo\u0161 uvijek zakopano) preko svoje du\u017eine. Ova zna\u010dajka tako\u0111er poma\u017ee u transportu i odr\u017eava kontinuiranu geometriju na prednjim valjcima.<\/p>\n<\/li>\n<li>\n<p><strong>Barijera protiv Zapetljavanja Lanca<\/strong>: Ovaj inovativni dizajn sprje\u010dava da se lanac omota oko stabljike, osiguravaju\u0107i da sidro mo\u017ee pravodobno postaviti. Tako\u0111er olak\u0161ava transport i odr\u017eava kontinuiranu geometriju sidra na prednjim valjcima.<\/p>\n<\/li>\n<li>\n<p><strong>Detalji o Te\u017eini Sidra<\/strong>: Te\u017eina sidra je utisnuta u stabljiku, jasno ozna\u010davaju\u0107i veli\u010dinu i u kg i u lbs.<\/p>\n<\/li>\n<li>\n<p><strong>Serijski Broj<\/strong>: Svako ULTRA sidro je otisnuto s jedinstvenim serijskim brojem, osiguravaju\u0107i da va\u0161e sidro bude uvijek prepoznatljivo.<\/p>\n<\/li>\n<\/ul>\n","protected":false},"excerpt":{"rendered":"<p>Sidro od nehr\u0111aju\u0107eg \u010delika Ultra 16kg &#8211; Ultra Marine stavlja naglasak na kvalitetu i dizajn, a trebali biste i vi.<\/p>\n","protected":false},"featured_media":5946951,"comment_status":"open","ping_status":"closed","template":"","meta":[],"product_brand":[3496],"product_cat":[1867],"product_tag":[],"class_list":{"0":"post-744835","1":"product","2":"type-product","3":"status-publish","4":"has-post-thumbnail","6":"product_brand-ultra-marine-hr","7":"product_cat-sidra-ultra","9":"first","10":"instock","11":"shipping-taxable","12":"purchasable","13":"product-type-simple"},"_links":{"self":[{"href":"https:\/\/stoic-curie.212-227-153-4.plesk.page\/hr\/wp-json\/wp\/v2\/product\/744835","targetHints":{"allow":["GET"]}}],"collection":[{"href":"https:\/\/stoic-curie.212-227-153-4.plesk.page\/hr\/wp-json\/wp\/v2\/product"}],"about":[{"href":"https:\/\/stoic-curie.212-227-153-4.plesk.page\/hr\/wp-json\/wp\/v2\/types\/product"}],"replies":[{"embeddable":true,"href":"https:\/\/stoic-curie.212-227-153-4.plesk.page\/hr\/wp-json\/wp\/v2\/comments?post=744835"}],"version-history":[{"count":0,"href":"https:\/\/stoic-curie.212-227-153-4.plesk.page\/hr\/wp-json\/wp\/v2\/product\/744835\/revisions"}],"wp:featuredmedia":[{"embeddable":true,"href":"https:\/\/stoic-curie.212-227-153-4.plesk.page\/hr\/wp-json\/wp\/v2\/media\/5946951"}],"wp:attachment":[{"href":"https:\/\/stoic-curie.212-227-153-4.plesk.page\/hr\/wp-json\/wp\/v2\/media?parent=744835"}],"wp:term":[{"taxonomy":"product_brand","embeddable":true,"href":"https:\/\/stoic-curie.212-227-153-4.plesk.page\/hr\/wp-json\/wp\/v2\/product_brand?post=744835"},{"taxonomy":"product_cat","embeddable":true,"href":"https:\/\/stoic-curie.212-227-153-4.plesk.page\/hr\/wp-json\/wp\/v2\/product_cat?post=744835"},{"taxonomy":"product_tag","embeddable":true,"href":"https:\/\/stoic-curie.212-227-153-4.plesk.page\/hr\/wp-json\/wp\/v2\/product_tag?post=744835"}],"curies":[{"name":"wp","href":"https:\/\/api.w.org\/{rel}","templated":true}]}}