{"id":744836,"date":"2025-03-03T20:01:14","date_gmt":"2025-03-03T19:01:14","guid":{"rendered":"https:\/\/stoic-curie.212-227-153-4.plesk.page\/producto\/sidro-od-nehrdajuceg-celika-ultra-21kg\/"},"modified":"2026-02-25T00:01:16","modified_gmt":"2026-02-25T00:01:16","slug":"sidro-od-nehrdajuceg-celika-ultra-21kg","status":"publish","type":"product","link":"https:\/\/stoic-curie.212-227-153-4.plesk.page\/hr\/product\/sidro-od-nehrdajuceg-celika-ultra-21kg\/","title":{"rendered":"Sidro od nehr\u0111aju\u0107eg \u010delika Ultra 21kg"},"content":{"rendered":"<p>Sidro od nehr\u0111aju\u0107eg \u010delika Ultra 21kg &#8211; <\/p>\n<p><strong>Anker Ultra od 21 kg (46 lbs) od nehr\u0111aju\u0107eg \u010delika 316<\/strong><\/p>\n<p>ULTRA asortiman sidara predstavlja vrhunac sidrene tehnologije i dizajna. Svako ULTRA sidro ru\u010dno je izra\u0111eno od nehr\u0111aju\u0107eg \u010delika 316 i polirano do savr\u0161enstva, osiguravaju\u0107i proizvod koji utjelovljuje izvrsnost. Ovo sidro je kompatibilno sa svim vrstama plovila i sigurno se fiksira na prednji valjak, \u0161to ga \u010dini pogodnim za jedrilice do 12,5 m, motornjake do 14,3 m i katamarane do 11,6 m.<\/p>\n<p>Sa vi\u0161e od 12.000 zadovoljnih kupaca, izniman dizajn Ultramarine isti\u010de va\u017enost pravilne raspodjele te\u017eine prilikom postavljanja i povla\u010denja sidra. Naime, ako okrenete bilo koje ULTRA sidro, automatski \u0107e se vratiti u napada\u010dku poziciju. Fokusi smo na prakti\u010dnoj upotrebi i izvedbi doveli su do inovativnih patentiranih zna\u010dajki koje pobolj\u0161avaju funkcionalnost svakog ULTRA sidra.<\/p>\n<p>Klju\u010dne zna\u010dajke uklju\u010duju:<\/p>\n<ul>\n<li><strong>Zakrivena vrh s olovom<\/strong>: Osigurava trenutnu penetraciju u morsko dno.<\/li>\n<li><strong>\u0160uplja dr\u0161ka<\/strong>: Koncentrira te\u017einu za optimalnu raspodjelu.<\/li>\n<li><strong>Uvu\u010dena baza<\/strong>: Maksimizira snagu dr\u017eanja.<\/li>\n<li><strong>Velike bo\u010dne krilne plo\u010de<\/strong>: Sprje\u010davaju otpu\u0161tanje tijekom promjene uvjeta vjetra ili plime.<\/li>\n<li><strong>Ravna povr\u0161ina za okretanje<\/strong>: Olak\u0161ava lak povratak s morskog dna.<\/li>\n<\/ul>\n<p>ULTRA sidro dolazi u veli\u010dinama od 5 kg (11 lbs) do 360 kg (800 lbs), a ve\u0107a sidra dostupna su na zahtjev. Izra\u0111eno od najboljih materijala u Europi i proizvedeno od strane specijaliziranih in\u017eenjera, svako ULTRA sidro dolazi s do\u017eivotnom garancijom.<\/p>\n<p><strong>Istaknute performanse:<\/strong><\/p>\n<ul>\n<li>Hvata se pri prvom bacanju.<\/li>\n<li>Dr\u017ei odmah i ne vu\u010de.<\/li>\n<li>Uklopi se dublje, zadr\u017eavaju\u0107i izvrstan hvat pod pove\u0107anim vjetrom.<\/li>\n<li>Ostaje sigurno i uz promjene u smjeru vjetra.<\/li>\n<li>Funkcionira bez problema kada je montirano na pu\u017enice plovila.<\/li>\n<li>Automatski se poravnava za slijetanje na pu\u017enicu.<\/li>\n<li>Izra\u0111eno od 316L i 318LN nehr\u0111aju\u0107eg \u010delika, \u010dime se eliminira potreba za galvanizacijom.<\/li>\n<\/ul>\n<p><strong>Dizajnerske karakteristike:<\/strong><\/p>\n<ul>\n<li><strong>\u0160uplja dr\u0161ka<\/strong>: Koncentrira te\u017einu na vrhu sidra radi pobolj\u0161ane izvedbe.<\/li>\n<li><strong>Cijevna konstrukcija<\/strong>: Sprje\u010dava da sidro le\u017ei na le\u0111ima, omogu\u0107uju\u0107i trenuta\u010dan povratak u napada\u010dku poziciju i pravilno optere\u0107enje u prednjem valjku.<\/li>\n<li><strong>Vrhun sa olovom<\/strong>: Optimizira raspodjelu te\u017eine za u\u010dinkovitu penetraciju u izazovnim uvjetima morskog dna.<\/li>\n<li><strong>To\u010dka za hvatanje ogrebotina<\/strong>: Postavljena na dnu kako bi se sprije\u010dilo vu\u010denje i osiguralo trenutno postavljanje kada se sidro pomi\u010de.<\/li>\n<li><strong>Zakrivjena to\u010dka<\/strong>: Dizajnirana da osigura kontinuirano postavljanje u nepovoljnim vremenskim uvjetima, omogu\u0107uju\u0107i trenutno postavljanje \u010dak i ako sidro nije u idealnoj poziciji.<\/li>\n<li><strong>Osnova maksimalne snage dr\u017eanja<\/strong>: Dizajn s uvijenim krilom podsje\u0107a na lopatu, pru\u017eaju\u0107i superiornu snagu dr\u017eanja s ve\u0107om povr\u0161inom od konvencionalnih sidra, \u0161to rezultira sigurnijim dr\u017eanjem.<\/li>\n<li><strong>Ravna donja strana<\/strong>: Omogu\u0107uje sidru da se okre\u0107e i lako osloba\u0111a p\u0159i povratku, pod uvjetom da se \u010damac nalazi izravno iznad sidra.<\/li>\n<li><strong>Bo\u010dne krilne plo\u010de<\/strong>: Sprje\u010dava otpu\u0161tanje tijekom promjene uvjeta vjetra ili plime, dopu\u0161taju\u0107i potpunu rotaciju od 180 stupnjeva dok je jo\u0161 uvijek zakopana, osiguravaju\u0107i \u010dvrsto dr\u017eanje.<\/li>\n<li><strong>Barijera za sprje\u010davanje zaplitanja<\/strong>: Sprje\u010dava zaplitanje sidrene lance oko \u0161uplje dr\u0161ke, osiguravaju\u0107i pouzdan postav i mogu\u0107nost u\u010dvr\u0161\u0107enja sustava.<\/li>\n<li><strong>Oja\u010dano oko<\/strong>: Dizajnirano da izdr\u017ei ekstremnu optere\u0107enja bez savijanja, pucanja ili otkazivanja.<\/li>\n<li><strong>Detalji o te\u017eini sidra<\/strong>: Te\u017eina je otisnuta na dr\u0161ci, jasno ozna\u010davaju\u0107i veli\u010dinu sidra u kilogramima i funtama.<\/li>\n<li><strong>Serijski broj<\/strong>: Svako ULTRA sidro je ozna\u010deno jedinstvenim serijskim brojem za jednostavnu identifikaciju.<\/li>\n<\/ul>\n<p>Ukratko, ULTRA asortiman sidara kombinira inovativan dizajn s visokokvalitetnim materijalima kako bi pru\u017eio izvanredne performanse i pouzdanost za sve vlasnike plovila.<\/p>\n","protected":false},"excerpt":{"rendered":"<p>Sidro od nehr\u0111aju\u0107eg \u010delika Ultra 21kg &#8211; Anker Ultra od 21 kg (46 lbs) od nehr\u0111aju\u0107eg \u010delika 316 ULTRA asortiman<\/p>\n","protected":false},"featured_media":5946951,"comment_status":"open","ping_status":"closed","template":"","meta":[],"product_brand":[3496],"product_cat":[1867],"product_tag":[],"class_list":{"0":"post-744836","1":"product","2":"type-product","3":"status-publish","4":"has-post-thumbnail","6":"product_brand-ultra-marine-hr","7":"product_cat-sidra-ultra","9":"first","10":"instock","11":"shipping-taxable","12":"purchasable","13":"product-type-simple"},"_links":{"self":[{"href":"https:\/\/stoic-curie.212-227-153-4.plesk.page\/hr\/wp-json\/wp\/v2\/product\/744836","targetHints":{"allow":["GET"]}}],"collection":[{"href":"https:\/\/stoic-curie.212-227-153-4.plesk.page\/hr\/wp-json\/wp\/v2\/product"}],"about":[{"href":"https:\/\/stoic-curie.212-227-153-4.plesk.page\/hr\/wp-json\/wp\/v2\/types\/product"}],"replies":[{"embeddable":true,"href":"https:\/\/stoic-curie.212-227-153-4.plesk.page\/hr\/wp-json\/wp\/v2\/comments?post=744836"}],"version-history":[{"count":0,"href":"https:\/\/stoic-curie.212-227-153-4.plesk.page\/hr\/wp-json\/wp\/v2\/product\/744836\/revisions"}],"wp:featuredmedia":[{"embeddable":true,"href":"https:\/\/stoic-curie.212-227-153-4.plesk.page\/hr\/wp-json\/wp\/v2\/media\/5946951"}],"wp:attachment":[{"href":"https:\/\/stoic-curie.212-227-153-4.plesk.page\/hr\/wp-json\/wp\/v2\/media?parent=744836"}],"wp:term":[{"taxonomy":"product_brand","embeddable":true,"href":"https:\/\/stoic-curie.212-227-153-4.plesk.page\/hr\/wp-json\/wp\/v2\/product_brand?post=744836"},{"taxonomy":"product_cat","embeddable":true,"href":"https:\/\/stoic-curie.212-227-153-4.plesk.page\/hr\/wp-json\/wp\/v2\/product_cat?post=744836"},{"taxonomy":"product_tag","embeddable":true,"href":"https:\/\/stoic-curie.212-227-153-4.plesk.page\/hr\/wp-json\/wp\/v2\/product_tag?post=744836"}],"curies":[{"name":"wp","href":"https:\/\/api.w.org\/{rel}","templated":true}]}}