{"id":744837,"date":"2025-03-03T20:01:14","date_gmt":"2025-03-03T19:01:14","guid":{"rendered":"https:\/\/stoic-curie.212-227-153-4.plesk.page\/producto\/sidro-od-nehrdajuceg-celika-ultra-35kg\/"},"modified":"2026-02-25T00:01:16","modified_gmt":"2026-02-25T00:01:16","slug":"sidro-od-nehrdajuceg-celika-ultra-35kg","status":"publish","type":"product","link":"https:\/\/stoic-curie.212-227-153-4.plesk.page\/hr\/product\/sidro-od-nehrdajuceg-celika-ultra-35kg\/","title":{"rendered":"Sidro od nehr\u0111aju\u0107eg \u010delika Ultra 35kg"},"content":{"rendered":"<p>Sidro od nehr\u0111aju\u0107eg \u010delika Ultra 35kg &#8211; ULTRA sidro je najbolji izbor u svijetu sidrenja, poznato po svojoj iznimnoj mo\u0107i dr\u017eanja i sposobnostima. Njegova optimalna raspodjela te\u017eine osigurava ispravno postavljanje i idealni kut prodora, dok konkavna povr\u0161ina jam\u010di sigurno dr\u017eanje u raznim morskim i vremenskim uvjetima. Jedinstveni dizajn stra\u017enje baze sprje\u010dava uvijanje lanca na dr\u0161ki, olak\u0161avaju\u0107i sigurnu i jednostavnu akciju oporavka iz bilo kakvih zapleta. ULTRA sidra predstavljaju vrhunac tehnologije i dizajna sidra. Svako sidro pa\u017eljivo je ru\u010dno izra\u0111eno od nehr\u0111aju\u0107eg \u010delika 316 i polirano do savr\u0161enstva, osiguravaju\u0107i proizvod izvanredne kvalitete. Ovo sidro je kompatibilno s raznim plovilima, sigurno se postavlja na prednje valjak jedrilica do 52 stope, brodova do 60 stopa i katamarana do 48 stopa. Ovo sidro nagla\u0161ava va\u017enost pravilne raspodjele te\u017eine i dizajna prilikom postavljanja i va\u0111enja. Osobito je va\u017eno napomenuti da se bilo koje ULTRA sidro automatski vu\u010de natrag u svoju poziciju napada kada ga preokrenete. Impresivna izvedba ULTRA sidra rezultat je inovativnih patentiranih karakteristika, koje uklju\u010duju zakrivenu, olovnu vrh za trenutno probijanje, \u0161uplji gornji dio za optimalnu raspodjelu te\u017eine, konkavne povr\u0161ine baze za maksimalnu snagu dr\u017eanja i velike bo\u010dne krila koje sprje\u010davaju otpu\u0161tanje tijekom promjenjivih vjetrova ili plime. Nadalje, ravna osovina na donjoj strani omogu\u0107ava lako va\u0111enje. ULTRA sidro dostupno je u veli\u010dinama od 5 kg (11 lbs) do 360 kg (800 lbs). Izra\u0111eno od najkvalitetnijih materijala u Europi i proizvedeno od strane specijaliziranih in\u017eenjera, svako ULTRA sidro podr\u017eano je do\u017eivotnom garancijom. Klju\u010dne karakteristike: Momentano zaranjanje: Sidro se u\u010dvrsti prilikom prvog pada, dr\u017ei se \u010dvrsto bez povla\u010denja. Pobolj\u0161ana snaga dr\u017eanja: Sidro se ukopava dublje i odr\u017eava odli\u010dan grip pod pove\u0107anim vjetrom, ostaju\u0107i sigurno \u010dak i uz promjene u smjeru vjetra. Bez napora povuci: Sidro se automatski usmjerava za lako va\u0111enje kada je postavljeno na \u010dam\u010danu koloturnicu. Izdr\u017eljiva konstrukcija: Izra\u0111eno od nehr\u0111aju\u0107eg \u010delika 316L i 318LN, bez potrebe za galvanizacijom. Tehni\u010dke specifikacije: \u0160uplji stablo: Koncentrira te\u017einu na vrhu sidra za pobolj\u0161ane performanse. Cijevna konstrukcija: Sprje\u010dava sidro da le\u017ei na le\u0111ima, \u0161to omogu\u0107ava trenutno vra\u0107anje u napada\u010dku poziciju i pravilno u\u010ditavanje na prednji valjak. Olovna to\u010dka: Osigurava optimalnu raspodjelu te\u017eine za u\u010dinkovito prodiranje u izazovnim uvjetima dna. To\u010dka za za\u0161titu od ogrebotina: Smje\u0161tena dolje kako bi sprije\u010dila klizanje i olak\u0161ala trenutnu postavku. Zakrivljena to\u010dka: Dizajnirana kako bi osigurala kontinuirano postavljanje pod nepovoljnim vremenskim uvjetima, poma\u017ee u trenuta\u010dnom postavljanju \u010dak i ako nije savr\u0161eno poravnato. Maksimalna sila odr\u017eavanja: Konkavna baza sli\u010di lopati, pru\u017eaju\u0107i superiornu snagu dr\u017eanja s ve\u0107om povr\u0161inom od tradicionalnih sidara, \u0161to rezultira sigurnijim dr\u017eanjem. Ravna donja strana: Olak\u0161ava lako va\u0111enje rotiraju\u0107i na ravnom dijelu kada se podi\u017ee s morskog dna (brod bi trebao biti izravno iznad sidra). Bo\u010dne krila: Sprje\u010davaju ispu\u0161tanje u promjenjivim uvjetima vjetra ili plime, omogu\u0107uju\u0107i kompletnu rotaciju od 180 stupnjeva dok ostaje zakopana, i poma\u017eu u transportu i poravnanju na prednjim valjcima. Bar za za\u0161titu od uvijanja lanca: Sprje\u010dava da se lanac omota oko dr\u0161ke, osiguravaju\u0107i da sidro mo\u017ee ispravno postaviti i omogu\u0107ava povezivanje trake. Oja\u010dano oko: Dizajnirana da podnese ekstremne terete bez savijanja, pucanja ili neuspjeha. Detalji o te\u017eini sidra: Te\u017eina je otisnuta na dr\u0161ci, ozna\u010davaju\u0107i veli\u010dinu sidra u kilogramima i funtama. Serijski broj: Svako ULTRA sidro je otisnuto jedinstvenim serijskim brojem za jednostavnu identifikaciju. U sa\u017eetku, ULTRA sidro kombinira napredni dizajn i visokokvalitetne materijale kako bi pru\u017eilo izvanredne performanse i pouzdanost za sve zaljubljenike u navigaciju.<\/p>\n","protected":false},"excerpt":{"rendered":"<p>Sidro od nehr\u0111aju\u0107eg \u010delika Ultra 35kg &#8211; ULTRA sidro je najbolji izbor u svijetu sidrenja, poznato po svojoj iznimnoj mo\u0107i<\/p>\n","protected":false},"featured_media":5946951,"comment_status":"open","ping_status":"closed","template":"","meta":[],"product_brand":[3496],"product_cat":[1867],"product_tag":[],"class_list":{"0":"post-744837","1":"product","2":"type-product","3":"status-publish","4":"has-post-thumbnail","6":"product_brand-ultra-marine-hr","7":"product_cat-sidra-ultra","9":"first","10":"instock","11":"shipping-taxable","12":"purchasable","13":"product-type-simple"},"_links":{"self":[{"href":"https:\/\/stoic-curie.212-227-153-4.plesk.page\/hr\/wp-json\/wp\/v2\/product\/744837","targetHints":{"allow":["GET"]}}],"collection":[{"href":"https:\/\/stoic-curie.212-227-153-4.plesk.page\/hr\/wp-json\/wp\/v2\/product"}],"about":[{"href":"https:\/\/stoic-curie.212-227-153-4.plesk.page\/hr\/wp-json\/wp\/v2\/types\/product"}],"replies":[{"embeddable":true,"href":"https:\/\/stoic-curie.212-227-153-4.plesk.page\/hr\/wp-json\/wp\/v2\/comments?post=744837"}],"version-history":[{"count":0,"href":"https:\/\/stoic-curie.212-227-153-4.plesk.page\/hr\/wp-json\/wp\/v2\/product\/744837\/revisions"}],"wp:featuredmedia":[{"embeddable":true,"href":"https:\/\/stoic-curie.212-227-153-4.plesk.page\/hr\/wp-json\/wp\/v2\/media\/5946951"}],"wp:attachment":[{"href":"https:\/\/stoic-curie.212-227-153-4.plesk.page\/hr\/wp-json\/wp\/v2\/media?parent=744837"}],"wp:term":[{"taxonomy":"product_brand","embeddable":true,"href":"https:\/\/stoic-curie.212-227-153-4.plesk.page\/hr\/wp-json\/wp\/v2\/product_brand?post=744837"},{"taxonomy":"product_cat","embeddable":true,"href":"https:\/\/stoic-curie.212-227-153-4.plesk.page\/hr\/wp-json\/wp\/v2\/product_cat?post=744837"},{"taxonomy":"product_tag","embeddable":true,"href":"https:\/\/stoic-curie.212-227-153-4.plesk.page\/hr\/wp-json\/wp\/v2\/product_tag?post=744837"}],"curies":[{"name":"wp","href":"https:\/\/api.w.org\/{rel}","templated":true}]}}