{"id":744838,"date":"2025-03-03T20:01:15","date_gmt":"2025-03-03T19:01:15","guid":{"rendered":"https:\/\/stoic-curie.212-227-153-4.plesk.page\/producto\/sidro-od-nehrdajuceg-celika-ultra-45kg\/"},"modified":"2026-02-25T00:01:16","modified_gmt":"2026-02-25T00:01:16","slug":"sidro-od-nehrdajuceg-celika-ultra-45kg","status":"publish","type":"product","link":"https:\/\/stoic-curie.212-227-153-4.plesk.page\/hr\/product\/sidro-od-nehrdajuceg-celika-ultra-45kg\/","title":{"rendered":"Sidro od nehr\u0111aju\u0107eg \u010delika Ultra 45kg"},"content":{"rendered":"<p>Sidro od nehr\u0111aju\u0107eg \u010delika Ultra 45kg &#8211; <\/p>\n<p>Nehr\u0111aju\u0107i \u010deli\u010dni sidro najbolji je na svijetu za prianjanje i dr\u017eanje. Savr\u0161ena raspodjela te\u017eine uvijek omogu\u0107ava pravilno postavljanje s optimalnim kutom penetracije, dok konkavna povr\u0161ina jam\u010di sigurnu dr\u017eljivost u svim uvjetima mora ili vjetra. Poseban oblik stra\u017enjeg dijela baze sprje\u010dava uvijanje lanca na stablu i omogu\u0107ava sigurnu i jednostavnu \u0438\u0437\u0432\u043b\u0430\u0447\u0435\u045a\u0435 sidra iz bilo kakvog zaplitanja.<\/p>\n<p style=\"color: rgb(34, 34, 34); font-family: Arial, Helvetica, sans-serif; font-size: small;\"><strong>Sidro od nehr\u0111aju\u0107eg \u010delika 316, 45 kg (100 lbs)<\/strong><\/p>\n<p style=\"color: rgb(34, 34, 34); font-family: Arial, Helvetica, sans-serif; font-size: small;\">ULTRA sidra predstavljaju naprednu tehnologiju sidrenja i dizajn. Svako sidro pedantno je izra\u0111eno ru\u010dno od nehr\u0111aju\u0107eg \u010delika 316 i visokog sjaja, osiguravaju\u0107i proizvod koji ilustrira kvalitetu i izdr\u017eljivost. ULTRA sidro je kompatibilno s raznim vrstama plovila, sigurno se postavljaju\u0107i na prednju valjku jedrilica do 58 ft, motornih brodova do 66 ft, i katamarana do 53 ft.<\/p>\n<p style=\"color: rgb(34, 34, 34); font-family: Arial, Helvetica, sans-serif; font-size: small;\">Ovo sidro isti\u010de va\u017enost pravilne raspodjele te\u017eine i dizajna za u\u010dinkovito postavljanje i izvla\u010denje. Naime, ako obrnemo bilo koje ULTRA sidro, automatski \u0107e se vratiti u svoju optimalnu napada\u010dku poziciju.<\/p>\n<p style=\"color: rgb(34, 34, 34); font-family: Arial, Helvetica, sans-serif; font-size: small;\">Izvrsne performanse ULTRA sidra proizlaze iz njegovih inovativnih patentiranih zna\u010dajki, uklju\u010duju\u0107i zakrivenu, olovom punjenu to\u010dku za trenutnu penetraciju, \u0161uplji vrat za optimalnu raspodjelu te\u017eine, konkavne povr\u0161ine baze za maksimalnu snagu dr holda i velike bo\u010dne krilne plo\u010de koje sprje\u010davaju otpu\u0161tanje tijekom promjenjivih uvjeta vjetra ili plime. Nadalje, ravna pivotna povr\u0161ina na donjoj strani baze omogu\u0107ava lagano izvla\u010denje.<\/p>\n<p style=\"color: rgb(34, 34, 34); font-family: Arial, Helvetica, sans-serif; font-size: small;\">Dizajnirano za sve vrste plovila, ULTRA sidro sigurno se postavlja na prednju valjku. Raspon uklju\u010duje veli\u010dine od 5 kg (11 lbs) do 360 kg (800 lbs). Svako ULTRA sidro izra\u0111eno je od najboljih materijala u Europi od strane stru\u010dnih in\u017eenjera i dolazi s do\u017eivotnim jamstvom.<\/p>\n<p style=\"color: rgb(34, 34, 34); font-family: Arial, Helvetica, sans-serif; font-size: small;\"><strong>Klju\u010dne zna\u010dajke:<\/strong><\/p>\n<ul style=\"color: rgb(34, 34, 34); font-family: Arial, Helvetica, sans-serif; font-size: small;\">\n<li>Aktivira se pri prvom ispu\u0161tanju.<\/li>\n<li>Osigurava trenuta\u010dno zadr\u017eavanje i ne vu\u010de.<\/li>\n<li>Ukopava se dublje, odr\u017eavaju\u0107i sna\u017eno dr\u017eanje pod pove\u0107anim uvjetima vjetra.<\/li>\n<li>Ostaje siguran \u010dak i pri promjenama vjetrovitih smjerova.<\/li>\n<li>Funkcionira besprijekorno kada je montiran na uzde plovila.<\/li>\n<li>Automatski se pokre\u0107e naprijed i prirodno se poravnava kako bi se smjestio na uzde.<\/li>\n<li>Izra\u0111eno od 316L i 318LN nehr\u0111aju\u0107eg \u010delika, eliminiraju\u0107i potrebu za galvanizacijom.<\/li>\n<\/ul>\n","protected":false},"excerpt":{"rendered":"<p>Sidro od nehr\u0111aju\u0107eg \u010delika Ultra 45kg &#8211; Nehr\u0111aju\u0107i \u010deli\u010dni sidro najbolji je na svijetu za prianjanje i dr\u017eanje. Savr\u0161ena raspodjela<\/p>\n","protected":false},"featured_media":5946951,"comment_status":"open","ping_status":"closed","template":"","meta":[],"product_brand":[3496],"product_cat":[1867],"product_tag":[],"class_list":{"0":"post-744838","1":"product","2":"type-product","3":"status-publish","4":"has-post-thumbnail","6":"product_brand-ultra-marine-hr","7":"product_cat-sidra-ultra","9":"first","10":"instock","11":"shipping-taxable","12":"purchasable","13":"product-type-simple"},"_links":{"self":[{"href":"https:\/\/stoic-curie.212-227-153-4.plesk.page\/hr\/wp-json\/wp\/v2\/product\/744838","targetHints":{"allow":["GET"]}}],"collection":[{"href":"https:\/\/stoic-curie.212-227-153-4.plesk.page\/hr\/wp-json\/wp\/v2\/product"}],"about":[{"href":"https:\/\/stoic-curie.212-227-153-4.plesk.page\/hr\/wp-json\/wp\/v2\/types\/product"}],"replies":[{"embeddable":true,"href":"https:\/\/stoic-curie.212-227-153-4.plesk.page\/hr\/wp-json\/wp\/v2\/comments?post=744838"}],"version-history":[{"count":0,"href":"https:\/\/stoic-curie.212-227-153-4.plesk.page\/hr\/wp-json\/wp\/v2\/product\/744838\/revisions"}],"wp:featuredmedia":[{"embeddable":true,"href":"https:\/\/stoic-curie.212-227-153-4.plesk.page\/hr\/wp-json\/wp\/v2\/media\/5946951"}],"wp:attachment":[{"href":"https:\/\/stoic-curie.212-227-153-4.plesk.page\/hr\/wp-json\/wp\/v2\/media?parent=744838"}],"wp:term":[{"taxonomy":"product_brand","embeddable":true,"href":"https:\/\/stoic-curie.212-227-153-4.plesk.page\/hr\/wp-json\/wp\/v2\/product_brand?post=744838"},{"taxonomy":"product_cat","embeddable":true,"href":"https:\/\/stoic-curie.212-227-153-4.plesk.page\/hr\/wp-json\/wp\/v2\/product_cat?post=744838"},{"taxonomy":"product_tag","embeddable":true,"href":"https:\/\/stoic-curie.212-227-153-4.plesk.page\/hr\/wp-json\/wp\/v2\/product_tag?post=744838"}],"curies":[{"name":"wp","href":"https:\/\/api.w.org\/{rel}","templated":true}]}}