{"id":744839,"date":"2025-03-03T20:01:15","date_gmt":"2025-03-03T19:01:15","guid":{"rendered":"https:\/\/stoic-curie.212-227-153-4.plesk.page\/producto\/sidro-od-nehrdajuceg-celika-ultra-60kg\/"},"modified":"2026-02-25T00:01:16","modified_gmt":"2026-02-25T00:01:16","slug":"sidro-od-nehrdajuceg-celika-ultra-60kg","status":"publish","type":"product","link":"https:\/\/stoic-curie.212-227-153-4.plesk.page\/hr\/product\/sidro-od-nehrdajuceg-celika-ultra-60kg\/","title":{"rendered":"Sidro od nehr\u0111aju\u0107eg \u010delika Ultra 60kg"},"content":{"rendered":"<p>Sidro od nehr\u0111aju\u0107eg \u010delika Ultra 60kg &#8211; <\/p>\n<p>Nehr\u0111aju\u0107i \u010deli\u010dni sidro, broj jedan u svijetu za hvat i dr\u017eanje. Savr\u0161ena raspodjela te\u017eine uvijek omogu\u0107ava ispravno pozicioniranje s optimalnim kutom penetracije, dok konkavna povr\u0161ina jam\u010di sigurno dr\u017eanje u bilo kojim morskim ili vremenskim uvjetima. Poseban oblik stra\u017enjeg dijela baze spre\u010dava uvijanje lanca na stalku i omogu\u0107ava sigurnu i laku obnovu sidra iz svake zate\u010dene situacije.<\/p>\n<p><strong>60 kg (132 lbs) sidro od nehr\u0111aju\u0107eg \u010delika 316<\/strong><\/p>\n<p>ULTRA sidro serija predstavlja vrhunac tehnologije sidrenja i majstorstva. Svako sidro pa\u017eljivo je izra\u0111eno od nehr\u0111aju\u0107eg \u010delika 316 i polirano do besprijekornog zavr\u0161etka, osiguravaju\u0107i proizvod koji utjelovljuje superiornu kvalitetu. ULTRA sidro je dizajnirano za kompatibilnost s raznim plovilima, \u010dvrsto zakovano na prednjem valjku jedrilica do 20 m, motornih \u010damaca do 22 m i katamarana do 18 m.<\/p>\n<p>ULTRA sidro nagla\u0161ava va\u017enost u\u010dinkovite raspodjele te\u017eine i dizajna kako pri postavljanju tako i pri podizanju sidra. Zanimljivo je da, ako okrenete bilo koje ULTRA sidro, ono instinktivno vra\u0107a svoju napada\u010dku poziciju.<\/p>\n<p>Ova iznimna izvedba mo\u017ee se pripisati inovativnim patentiranim zna\u010dajkama sidra, uklju\u010duju\u0107i zakrivenu, olovkom ispunjenu vrh za trenutnu penetraciju, \u0161uplju osovinu koja optimizira raspodjelu te\u017eine, konkavne povr\u0161ine baze koje maksimiziraju snagu dr\u017eanja i velike bo\u010dne krilne plo\u010de koje spre\u010davaju ispu\u0161tanje tijekom promjenljivih uvjeta vjetra ili plime. Osim toga, ravna pivotna povr\u0161ina smje\u0161tena na donjoj osnovi omogu\u0107uje jednostavno podizanje.<\/p>\n<p>ULTRA sidro je dostupno u rasponu veli\u010dina od 5 kg (11 lbs) do 360 kg (800 lbs). Izra\u0111eno od najkvalitetnijih materijala iz Europe i proizvedeno od strane stru\u010dnih in\u017eenjera, svako ULTRA sidro pokriveno je do\u017eivotnom garancijom.<\/p>\n<p><strong>Klju\u010dne Zna\u010dajke:<\/strong><\/p>\n<ul>\n<li><strong>Instant Postavljanje:<\/strong> Sidro se zakva\u010di pri prvom padu, osiguravaju\u0107i se odmah bez vu\u010de.<\/li>\n<li><strong>Duboko Sahranjivanje:<\/strong> Ukopava se dublje u morsko dno, odr\u017eavaju\u0107i izvanrednu snagu dr\u017eanja \u010dak i kada uvjeti vjetra postanu ja\u010di.<\/li>\n<li><strong>Stabilnost:<\/strong> Sidro ostaje \u010dvrsto na svom mjestu unato\u010d promjenama u smjeru vjetra i ne stvara komplikacije kada je pri\u010dvr\u0161\u0107eno na remenicu plovila.<\/li>\n<li><strong>Automatsko Poravnavanje:<\/strong> Prirodno se poravnava kako bi se smjestilo na remenici, osiguravaju\u0107i optimalnu funkcionalnost.<\/li>\n<li><strong>Trajnost:<\/strong> Izra\u0111eno od nehr\u0111aju\u0107eg \u010delika 316L i 318LN, nije potrebno galvanizirati.<\/li>\n<\/ul>\n<p><strong>Inovacije u Dizajnu:<\/strong><\/p>\n<ul>\n<li><strong>\u0160uplji Stabljik:<\/strong> Koncentrira te\u017einu na vrhu sidra, pobolj\u0161avaju\u0107i performanse.<\/li>\n<li><strong>Cijevna Konstrukcija:<\/strong> Sprje\u010dava da se sidro nasloni na svoju stra\u017enju stranu, omogu\u0107uju\u0107i trenutni povratak u napada\u010dki polo\u017eaj i ispravno u\u010ditavanje na prednjem valjku.<\/li>\n<li><strong>Vrh ispunjen Olovom:<\/strong> Pobolj\u0161ava raspodjelu te\u017eine, osiguravaju\u0107i u\u010dinkovitu penetraciju u izazovnim morskim uvjetima.<\/li>\n<li><strong>To\u010dka protiv grebanja:<\/strong> Smje\u0161tena na dnu da sprije\u010di vu\u010du i olak\u0161a trenutnu postavljanje kada se sidro kre\u0107e.<\/li>\n<li><strong>Zakrivljeni Vrh:<\/strong> Osmi\u0161ljen da jam\u010di kontinuirano postavljanje u nepovoljnim vremenskim uvjetima, poma\u017eu\u0107i pri odmahanjavanju \u010dak i ako nije savr\u0161eno pozicionirano.<\/li>\n<li><strong>Osnovna Maksimalna Sila Dr\u017eanja:<\/strong> Konkavna osnova nalikuje lopatici, daju\u0107i superiornu snagu dr\u017eanja s ve\u0107om povr\u0161inom od tradicionalnih sidara, \u0161to rezultira sigurnijim dr\u017eanjem.<\/li>\n<li><strong>Ravna Donja Strana:<\/strong> Kada se sidro podi\u017ee, okre\u0107e se na ravnoj povr\u0161ini, omogu\u0107uju\u0107i lako osloba\u0111anje (plovilo bi trebalo biti izravno iznad sidra).<\/li>\n<li><strong>Skriveni Bo\u010dni Krilci:<\/strong> Sprje\u010dava ispu\u0161tanje tijekom promjenjivih vjetrovitih ili plimskih stanja, omogu\u0107uju\u0107i potpunu rotaciju od 180 stupnjeva dok ostaje zakopana. Ova zna\u010dajka tako\u0111e poma\u017ee u transportu i odr\u017eava kontinuiranu geometriju na prednjim valjcima.<\/li>\n<li><strong>Bara protiv pobune lanaca:<\/strong> Sprje\u010dava da se lanac omota oko osovine, osiguravaju\u0107i da sidro pravilno postavi. Ovaj dizajn tako\u0111er olak\u0161ava transport i odr\u017eava geometriju sidra na prednjim valjcima.<\/li>\n<li><strong>Oja\u010dano Oko:<\/strong> Oja\u010dano oko mo\u017ee izdr\u017eati ekstremne optere\u0107enja bez savijanja, pucanja ili kvarova.<\/li>\n<li><strong>Detalji Te\u017eine Sidra:<\/strong> Te\u017eina sidra je otisnuta na stabljici, jasno ozna\u010davaju\u0107i veli\u010dinu u kilogramima i funtama.<\/li>\n<li><strong>Serijski Broj:<\/strong> Svako ULTRA sidro je otisnuto jedinstvenim serijskim brojem radi jednostavne identifikacije.<\/li>\n<\/ul>\n<p>Zaklju\u010dno, ULTRA sidro serija spaja inovativni dizajn s materijalima visokog kvaliteta kako bi pru\u017eila sidrenu re\u0161enje na koje se vlasnici brodova mogu osloniti. S \u010dvrstim opredeljenjem za performanse i pouzdanost, ovo sidro je neizostavan dodatak svakoj plovilu.<\/p>\n","protected":false},"excerpt":{"rendered":"<p>Sidro od nehr\u0111aju\u0107eg \u010delika Ultra 60kg &#8211; Nehr\u0111aju\u0107i \u010deli\u010dni sidro, broj jedan u svijetu za hvat i dr\u017eanje. Savr\u0161ena raspodjela<\/p>\n","protected":false},"featured_media":5946951,"comment_status":"open","ping_status":"closed","template":"","meta":[],"product_brand":[3496],"product_cat":[1867],"product_tag":[],"class_list":{"0":"post-744839","1":"product","2":"type-product","3":"status-publish","4":"has-post-thumbnail","6":"product_brand-ultra-marine-hr","7":"product_cat-sidra-ultra","9":"first","10":"outofstock","11":"shipping-taxable","12":"purchasable","13":"product-type-simple"},"_links":{"self":[{"href":"https:\/\/stoic-curie.212-227-153-4.plesk.page\/hr\/wp-json\/wp\/v2\/product\/744839","targetHints":{"allow":["GET"]}}],"collection":[{"href":"https:\/\/stoic-curie.212-227-153-4.plesk.page\/hr\/wp-json\/wp\/v2\/product"}],"about":[{"href":"https:\/\/stoic-curie.212-227-153-4.plesk.page\/hr\/wp-json\/wp\/v2\/types\/product"}],"replies":[{"embeddable":true,"href":"https:\/\/stoic-curie.212-227-153-4.plesk.page\/hr\/wp-json\/wp\/v2\/comments?post=744839"}],"version-history":[{"count":0,"href":"https:\/\/stoic-curie.212-227-153-4.plesk.page\/hr\/wp-json\/wp\/v2\/product\/744839\/revisions"}],"wp:featuredmedia":[{"embeddable":true,"href":"https:\/\/stoic-curie.212-227-153-4.plesk.page\/hr\/wp-json\/wp\/v2\/media\/5946951"}],"wp:attachment":[{"href":"https:\/\/stoic-curie.212-227-153-4.plesk.page\/hr\/wp-json\/wp\/v2\/media?parent=744839"}],"wp:term":[{"taxonomy":"product_brand","embeddable":true,"href":"https:\/\/stoic-curie.212-227-153-4.plesk.page\/hr\/wp-json\/wp\/v2\/product_brand?post=744839"},{"taxonomy":"product_cat","embeddable":true,"href":"https:\/\/stoic-curie.212-227-153-4.plesk.page\/hr\/wp-json\/wp\/v2\/product_cat?post=744839"},{"taxonomy":"product_tag","embeddable":true,"href":"https:\/\/stoic-curie.212-227-153-4.plesk.page\/hr\/wp-json\/wp\/v2\/product_tag?post=744839"}],"curies":[{"name":"wp","href":"https:\/\/api.w.org\/{rel}","templated":true}]}}