{"id":744842,"date":"2025-03-03T20:01:16","date_gmt":"2025-03-03T19:01:16","guid":{"rendered":"https:\/\/stoic-curie.212-227-153-4.plesk.page\/producto\/ultra-ring-za-spasavanje-sidra-16-45kg\/"},"modified":"2026-02-25T00:01:16","modified_gmt":"2026-02-25T00:01:16","slug":"ultra-ring-za-spasavanje-sidra-16-45kg","status":"publish","type":"product","link":"https:\/\/stoic-curie.212-227-153-4.plesk.page\/hr\/product\/ultra-ring-za-spasavanje-sidra-16-45kg\/","title":{"rendered":"Ultra ring za spa\u0161avanje sidra 16-45kg"},"content":{"rendered":"<p>Ultra ring za spa\u0161avanje sidra 16-45kg &#8211; <\/p>\n<p><strong>Ultra Anchor Ring UAR 45 &#8211; 11kg Prsten za sidro od nehr\u0111aju\u0107eg \u010delika<\/strong><\/p>\n<p>Ovaj prsten za sidro, napravljen od nehr\u0111aju\u0107eg \u010delika, osmi\u0161ljen je tako da vam pomogne da lako podignete sidro koje bi moglo biti zarobljeno ili da dodate dodatnu te\u017einu lancu, \u010dime se pobolj\u0161ava u\u010dinkovitost sidra.<\/p>\n<p>Ova moderna naprava od nehr\u0111aju\u0107eg \u010delika ima dvije namjene: funkcionira kao pomo\u0107nik za sidro, koji mo\u017ee biti poznat i kao an\u0111eo, prijatelj, \u010duvar ili kellet. Poma\u017ee u smanjenju opsega sidrenog lanca u uskim sidri\u0161tima i tijekom laganih do umjerenih vjetrovitih uvjeta. Osim toga, mo\u017ee poslu\u017eiti kao alat za va\u0111enje sidra ako se zaplete.<\/p>\n<p>Ultra prsten se lako mo\u017ee pri\u010dvrstiti na lanac kroz svoj otvor i ne\u0107e imati problema s klizanjem niz lanac.<\/p>\n<p><strong>Aparat za hitno va\u0111enje sidra<\/strong><\/p>\n<p>Zahvaljuju\u0107i svom glatkom dizajnu od nehr\u0111aju\u0107eg \u010delika, Ultra prsten se bez napora spu\u0161ta niz lanac i preko \u0161pice sidra. Povla\u010denjem u\u017eeta u suprotnom smjeru od lanca, mo\u017eete osloboditi sidro od bilo kakvih prepreka, zna\u010dajno pove\u0107avaju\u0107i \u0161anse za uspje\u0161no va\u0111enje. Ova zna\u010dajka je osobito va\u017ena kada su uvjeti nesigurni za ulazak u vodu ili kada je vidljivost slaba.<\/p>\n<p>Ultra Anchor Ring omogu\u0107ava kra\u0107i opseg smanjenjem du\u017eine lanca potrebne za sigurno sidrenje. Ovo je posebno korisno u podru\u010djima s ograni\u010denim sidri\u0161tima i tijekom laganih do umjerenih vjetrovitih uvjeta. Ultra prsten pove\u0107ava sigurnost dodavanjem 11KG te\u017eine lanku, \u0161to minimizira podru\u010dje oscilacija plovila i djeluje kao amortizer, pobolj\u0161avaju\u0107i udobnost dok je plovilo sidreno smanjuju\u0107i pokret broda.<\/p>\n","protected":false},"excerpt":{"rendered":"<p>Ultra ring za spa\u0161avanje sidra 16-45kg &#8211; Ultra Anchor Ring UAR 45 &#8211; 11kg Prsten za sidro od nehr\u0111aju\u0107eg \u010delika<\/p>\n","protected":false},"featured_media":5946955,"comment_status":"open","ping_status":"closed","template":"","meta":[],"product_brand":[3496],"product_cat":[1867],"product_tag":[],"class_list":{"0":"post-744842","1":"product","2":"type-product","3":"status-publish","4":"has-post-thumbnail","6":"product_brand-ultra-marine-hr","7":"product_cat-sidra-ultra","9":"first","10":"instock","11":"shipping-taxable","12":"purchasable","13":"product-type-simple"},"_links":{"self":[{"href":"https:\/\/stoic-curie.212-227-153-4.plesk.page\/hr\/wp-json\/wp\/v2\/product\/744842","targetHints":{"allow":["GET"]}}],"collection":[{"href":"https:\/\/stoic-curie.212-227-153-4.plesk.page\/hr\/wp-json\/wp\/v2\/product"}],"about":[{"href":"https:\/\/stoic-curie.212-227-153-4.plesk.page\/hr\/wp-json\/wp\/v2\/types\/product"}],"replies":[{"embeddable":true,"href":"https:\/\/stoic-curie.212-227-153-4.plesk.page\/hr\/wp-json\/wp\/v2\/comments?post=744842"}],"version-history":[{"count":0,"href":"https:\/\/stoic-curie.212-227-153-4.plesk.page\/hr\/wp-json\/wp\/v2\/product\/744842\/revisions"}],"wp:featuredmedia":[{"embeddable":true,"href":"https:\/\/stoic-curie.212-227-153-4.plesk.page\/hr\/wp-json\/wp\/v2\/media\/5946955"}],"wp:attachment":[{"href":"https:\/\/stoic-curie.212-227-153-4.plesk.page\/hr\/wp-json\/wp\/v2\/media?parent=744842"}],"wp:term":[{"taxonomy":"product_brand","embeddable":true,"href":"https:\/\/stoic-curie.212-227-153-4.plesk.page\/hr\/wp-json\/wp\/v2\/product_brand?post=744842"},{"taxonomy":"product_cat","embeddable":true,"href":"https:\/\/stoic-curie.212-227-153-4.plesk.page\/hr\/wp-json\/wp\/v2\/product_cat?post=744842"},{"taxonomy":"product_tag","embeddable":true,"href":"https:\/\/stoic-curie.212-227-153-4.plesk.page\/hr\/wp-json\/wp\/v2\/product_tag?post=744842"}],"curies":[{"name":"wp","href":"https:\/\/api.w.org\/{rel}","templated":true}]}}