{"id":744843,"date":"2025-03-03T20:01:17","date_gmt":"2025-03-03T19:01:17","guid":{"rendered":"https:\/\/stoic-curie.212-227-153-4.plesk.page\/producto\/ultra-ring-za-spasavanje-sidra-27-80kg\/"},"modified":"2026-02-25T00:01:16","modified_gmt":"2026-02-25T00:01:16","slug":"ultra-ring-za-spasavanje-sidra-27-80kg","status":"publish","type":"product","link":"https:\/\/stoic-curie.212-227-153-4.plesk.page\/hr\/product\/ultra-ring-za-spasavanje-sidra-27-80kg\/","title":{"rendered":"Ultra ring za spa\u0161avanje sidra 27-80kg"},"content":{"rendered":"<p>Ultra ring za spa\u0161avanje sidra 27-80kg &#8211; <\/p>\n<p style=\"color: rgb(34, 34, 34); font-family: Arial, Helvetica, sans-serif; font-size: small;\"><strong>Ultra Anchor Ring UAR 80 &#8211; Prsten za sidro od nehr\u0111aju\u0107eg \u010delika 14,5 kg<\/strong><\/p>\n<p style=\"color: rgb(34, 34, 34); font-family: Arial, Helvetica, sans-serif; font-size: small;\">Ultra Anchor Ring UAR 80 je prsten za sidro od nehr\u0111aju\u0107eg \u010delika te\u017eak 14,5 kg, dizajniran da vam olak\u0161a povratak zapletenog sidra ili da doda te\u017einu lan\u010danoj vezi, \u010dime pobolj\u0161ava u\u010dinkovitost sidra.<\/p>\n<p style=\"color: rgb(34, 34, 34); font-family: Arial, Helvetica, sans-serif; font-size: small;\">Ovaj polirani alat od nehr\u0111aju\u0107eg \u010delika slu\u017ei dvostrukoj svrsi: djeluje kao &#8220;sidro prijatelj&#8221;, poznato i kao &#8220;an\u0111eo&#8221;, &#8220;chum&#8221;, &#8220;sentinel&#8221; ili &#8220;kellet&#8221;, \u0161to poma\u017ee u smanjenju opsega lan\u010danog sidra u uskim sidri\u0161tima i tijekom laganih do umjerenih vjetrovitih uvjeta. Osim toga, funkcionira kao alat za povratak sidra ako sidro postane zapleteno.<\/p>\n<p style=\"color: rgb(34, 34, 34); font-family: Arial, Helvetica, sans-serif; font-size: small;\">Ultra Ring se mo\u017ee lako pri\u010dvrstiti na lanac kroz svoju otvor i nesmetano se spu\u0161ta niz lanac.<\/p>\n<p style=\"color: rgb(34, 34, 34); font-family: Arial, Helvetica, sans-serif; font-size: small;\"><strong>Alat za hitno vra\u0107anje sidra<\/strong><\/p>\n<p style=\"color: rgb(34, 34, 34); font-family: Arial, Helvetica, sans-serif; font-size: small;\">Zahvaljuju\u0107i svom poliranom dizajnu od nehr\u0111aju\u0107eg \u010delika, Ultra Ring se lako spu\u0161ta niz lanac i preko stabljike sidra. Povla\u010denjem u\u017eeta u suprotnom smjeru od lanca, mo\u017eete osloboditi sidro od prepreka, \u010dime zna\u010dajno pove\u0107avate \u0161anse za vra\u0107anje. Ova zna\u010dajka posebno je va\u017ena kada uvjeti nisu sigurni za ulazak u vodu ili kada je vidljivost slaba.<\/p>\n<p style=\"color: rgb(34, 34, 34); font-family: Arial, Helvetica, sans-serif; font-size: small;\"><strong>Kellet za lanac sidra, prijatelj, an\u0111eo, sentinel ili chum<\/strong><\/p>\n<p style=\"color: rgb(34, 34, 34); font-family: Arial, Helvetica, sans-serif; font-size: small;\">Ultra Anchor Ring omogu\u0107uje kra\u0107i opseg smanjenjem duljine lanca potrebnog za sigurno sidrenje. Ovo je posebno korisno u podru\u010djima s ograni\u010denim sidri\u0161tima i tijekom laganih do umjerenih brzina vjetra. Ultra Ring pove\u0107ava sigurnost dodavanjem te\u017eine (8,2 kg &#8211; 14,5 kg) lancu, \u0161to smanjuje podru\u010dje ljuljanja plovila i djeluje kao amortizer, pobolj\u0161avaju\u0107i udobnost dok ste usidreni smanjuju\u0107i gibanje broda.<\/p>\n","protected":false},"excerpt":{"rendered":"<p>Ultra ring za spa\u0161avanje sidra 27-80kg &#8211; Ultra Anchor Ring UAR 80 &#8211; Prsten za sidro od nehr\u0111aju\u0107eg \u010delika 14,5<\/p>\n","protected":false},"featured_media":5946955,"comment_status":"open","ping_status":"closed","template":"","meta":[],"product_brand":[3496],"product_cat":[1867],"product_tag":[],"class_list":{"0":"post-744843","1":"product","2":"type-product","3":"status-publish","4":"has-post-thumbnail","6":"product_brand-ultra-marine-hr","7":"product_cat-sidra-ultra","9":"first","10":"outofstock","11":"shipping-taxable","12":"purchasable","13":"product-type-simple"},"_links":{"self":[{"href":"https:\/\/stoic-curie.212-227-153-4.plesk.page\/hr\/wp-json\/wp\/v2\/product\/744843","targetHints":{"allow":["GET"]}}],"collection":[{"href":"https:\/\/stoic-curie.212-227-153-4.plesk.page\/hr\/wp-json\/wp\/v2\/product"}],"about":[{"href":"https:\/\/stoic-curie.212-227-153-4.plesk.page\/hr\/wp-json\/wp\/v2\/types\/product"}],"replies":[{"embeddable":true,"href":"https:\/\/stoic-curie.212-227-153-4.plesk.page\/hr\/wp-json\/wp\/v2\/comments?post=744843"}],"version-history":[{"count":0,"href":"https:\/\/stoic-curie.212-227-153-4.plesk.page\/hr\/wp-json\/wp\/v2\/product\/744843\/revisions"}],"wp:featuredmedia":[{"embeddable":true,"href":"https:\/\/stoic-curie.212-227-153-4.plesk.page\/hr\/wp-json\/wp\/v2\/media\/5946955"}],"wp:attachment":[{"href":"https:\/\/stoic-curie.212-227-153-4.plesk.page\/hr\/wp-json\/wp\/v2\/media?parent=744843"}],"wp:term":[{"taxonomy":"product_brand","embeddable":true,"href":"https:\/\/stoic-curie.212-227-153-4.plesk.page\/hr\/wp-json\/wp\/v2\/product_brand?post=744843"},{"taxonomy":"product_cat","embeddable":true,"href":"https:\/\/stoic-curie.212-227-153-4.plesk.page\/hr\/wp-json\/wp\/v2\/product_cat?post=744843"},{"taxonomy":"product_tag","embeddable":true,"href":"https:\/\/stoic-curie.212-227-153-4.plesk.page\/hr\/wp-json\/wp\/v2\/product_tag?post=744843"}],"curies":[{"name":"wp","href":"https:\/\/api.w.org\/{rel}","templated":true}]}}