{"id":744844,"date":"2025-03-03T20:01:17","date_gmt":"2025-03-03T19:01:17","guid":{"rendered":"https:\/\/stoic-curie.212-227-153-4.plesk.page\/producto\/sidreni-konektor-ultra-za-lanac-od-8-10-mm\/"},"modified":"2026-02-25T00:01:16","modified_gmt":"2026-02-25T00:01:16","slug":"sidreni-konektor-ultra-za-lanac-od-8-10-mm","status":"publish","type":"product","link":"https:\/\/stoic-curie.212-227-153-4.plesk.page\/hr\/product\/sidreni-konektor-ultra-za-lanac-od-8-10-mm\/","title":{"rendered":"Sidreni konektor Ultra za lanac od 8-10 mm"},"content":{"rendered":"<p>Sidreni konektor Ultra za lanac od 8-10 mm &#8211; <\/p>\n<p style=\"color: rgb(34, 34, 34); font-family: Arial, Helvetica, sans-serif; font-size: small;\">UFS10-35 ULTRA Flip Swivel za lance od 8 do 10mm ili 5\/16&#8243; do 3\/8&#8243; &#8211; sposoban podr\u017eati sidra do 35kg\/77lbs. Ovaj RINA certificirani spojnik od nehr\u0111aju\u0107eg \u010delika opremljen je kugli\u010dnim zglobom i Teflon o-prstenom, omogu\u0107uju\u0107i sidru da se automatski poravna u vodi\u010du bez prepreka ili naprezanja na vitlu, \u010dime se sprje\u010dava zapletanje lanca.<\/p>\n<p style=\"color: rgb(34, 34, 34); font-family: Arial, Helvetica, sans-serif; font-size: small;\">ULTRA Flip Swivel je inovativno dizajniran sidreni spoj koji povezuje lanac i sidro bez potrebe za dodatnim \u0161kalama. Izra\u0111en je od 316 nehr\u0111aju\u0107eg \u010delika i ru\u010dno poliran za elegantan izgled, ULTRA Flip Swivel je i robustan i elegantan, uklanjaju\u0107i potrebu za zaklopnim klinovima ili sigurnosnim \u017eicama. Dizajniran je za sidra te\u017eine do 35kg\/77lbs.<\/p>\n<p style=\"color: rgb(34, 34, 34); font-family: Arial, Helvetica, sans-serif; font-size: small;\">Proizveden u Turskoj, ULTRA Flip Swivel se izdvaja svojom jedinstvenom konstrukcijom koja omogu\u0107uje neometanu povezanost izme\u0111u lanca i sidra. Polirana konstrukcija od 316 nehr\u0111aju\u0107eg \u010delika ne samo da pobolj\u0161ava vizualnu privla\u010dnost na pramcu, ve\u0107 tako\u0111er jam\u010di dugotrajnu izdr\u017eljivost.<\/p>\n<p style=\"color: rgb(34, 34, 34); font-family: Arial, Helvetica, sans-serif; font-size: small;\">Snaga kida ULTRA Flip Swivela obi\u010dno je ve\u0107a od snage lanca na koji je pri\u010dvr\u0161\u0107en, dopu\u0161taju\u0107i rotaciju od 30 stupnjeva i potpunu 360-stupanjsku rotaciju. ULTRA Flip Swivel sadr\u017ei specijalizirani preklopni \u010dep i stra\u017enju most koji poma\u017eu u vra\u0107anju sidra u pravom smjeru kada se vu\u010de natrag u pram\u010dani vodilicu. Ovaj promi\u0161ljeni dizajn, u kombinaciji s rotacijskim mogu\u0107nostima spojnika, pojednostavljuje i pobolj\u0161ava sigurnost postavljanja i vra\u0107anja va\u0161eg sidra.<\/p>\n<p style=\"color: rgb(34, 34, 34); font-family: Arial, Helvetica, sans-serif; font-size: small;\">\u0160esterokutne glave za zaklju\u010davanje uklanjaju potrebu za dodatnim navojnim vijcima za osiguranje spojnih pinova. Svaki ULTRA Flip Swivel ima svoju snagu kida jasno ozna\u010denu na stra\u017enjoj strani svog jednog dijela tijela, \u010dime osigurava pouzdanost. Ovaj dizajn je optimiziran za kori\u0161tenje s ULTRA sidrima, postignuv\u0161i idealnu ravnote\u017eu.<\/p>\n<p style=\"color: rgb(34, 34, 34); font-family: Arial, Helvetica, sans-serif; font-size: small;\">ULTRA Flip Swivel ima standardno jamstvo od 5 godina i sadr\u017ei inovativne dizajnerske elemente koji ga \u010dine najsuvremenijim sidrenim spojnikom na tr\u017ei\u0161tu danas.<\/p>\n","protected":false},"excerpt":{"rendered":"<p>Sidreni konektor Ultra za lanac od 8-10 mm &#8211; UFS10-35 ULTRA Flip Swivel za lance od 8 do 10mm ili<\/p>\n","protected":false},"featured_media":5946957,"comment_status":"open","ping_status":"closed","template":"","meta":[],"product_brand":[3496],"product_cat":[1867],"product_tag":[],"class_list":{"0":"post-744844","1":"product","2":"type-product","3":"status-publish","4":"has-post-thumbnail","6":"product_brand-ultra-marine-hr","7":"product_cat-sidra-ultra","9":"first","10":"instock","11":"shipping-taxable","12":"purchasable","13":"product-type-simple"},"_links":{"self":[{"href":"https:\/\/stoic-curie.212-227-153-4.plesk.page\/hr\/wp-json\/wp\/v2\/product\/744844","targetHints":{"allow":["GET"]}}],"collection":[{"href":"https:\/\/stoic-curie.212-227-153-4.plesk.page\/hr\/wp-json\/wp\/v2\/product"}],"about":[{"href":"https:\/\/stoic-curie.212-227-153-4.plesk.page\/hr\/wp-json\/wp\/v2\/types\/product"}],"replies":[{"embeddable":true,"href":"https:\/\/stoic-curie.212-227-153-4.plesk.page\/hr\/wp-json\/wp\/v2\/comments?post=744844"}],"version-history":[{"count":0,"href":"https:\/\/stoic-curie.212-227-153-4.plesk.page\/hr\/wp-json\/wp\/v2\/product\/744844\/revisions"}],"wp:featuredmedia":[{"embeddable":true,"href":"https:\/\/stoic-curie.212-227-153-4.plesk.page\/hr\/wp-json\/wp\/v2\/media\/5946957"}],"wp:attachment":[{"href":"https:\/\/stoic-curie.212-227-153-4.plesk.page\/hr\/wp-json\/wp\/v2\/media?parent=744844"}],"wp:term":[{"taxonomy":"product_brand","embeddable":true,"href":"https:\/\/stoic-curie.212-227-153-4.plesk.page\/hr\/wp-json\/wp\/v2\/product_brand?post=744844"},{"taxonomy":"product_cat","embeddable":true,"href":"https:\/\/stoic-curie.212-227-153-4.plesk.page\/hr\/wp-json\/wp\/v2\/product_cat?post=744844"},{"taxonomy":"product_tag","embeddable":true,"href":"https:\/\/stoic-curie.212-227-153-4.plesk.page\/hr\/wp-json\/wp\/v2\/product_tag?post=744844"}],"curies":[{"name":"wp","href":"https:\/\/api.w.org\/{rel}","templated":true}]}}