{"id":744845,"date":"2025-03-03T20:01:17","date_gmt":"2025-03-03T19:01:17","guid":{"rendered":"https:\/\/stoic-curie.212-227-153-4.plesk.page\/producto\/sidreni-konektor-ultra-za-lanac-10-13\/"},"modified":"2026-02-25T00:01:16","modified_gmt":"2026-02-25T00:01:16","slug":"sidreni-konektor-ultra-za-lanac-10-13","status":"publish","type":"product","link":"https:\/\/stoic-curie.212-227-153-4.plesk.page\/hr\/product\/sidreni-konektor-ultra-za-lanac-10-13\/","title":{"rendered":"Sidreni konektor Ultra za lanac 10\/13"},"content":{"rendered":"<p>Sidreni konektor Ultra za lanac 10\/13 &#8211; <\/p>\n<p style=\"color: rgb(34, 34, 34); font-family: Arial, Helvetica, sans-serif; font-size: small;\"><strong>Ultra Flip Swivel iz Ultra Marine<\/strong><\/p>\n<p style=\"color: rgb(34, 34, 34); font-family: Arial, Helvetica, sans-serif; font-size: small;\">Predstavljamo Ultra Flip Swivel, robusni spojnik lanaca dizajniran za morsku uporabu. Izra\u0111en od 316 nehr\u0111aju\u0107eg \u010delika i ru\u010dno poliran za izdr\u017eljivost, ovaj spojnik sigurno povezuje sidro i lanac bez potrebe za dodatnim karabinama. Uklju\u010duje ljepilo za zaklju\u010davanje navoja i nudi RINA certificirani okretni spojnik s kuglastim zglobom i Teflon o-prstenom, omogu\u0107uju\u0107i sidru da se automatski pozicionira u vodi\u010du za valjanje.<\/p>\n<p style=\"color: rgb(34, 34, 34); font-family: Arial, Helvetica, sans-serif; font-size: small;\"><strong>\u0160to se nalazi u kutiji:<\/strong><\/p>\n<ul style=\"color: rgb(34, 34, 34); font-family: Arial, Helvetica, sans-serif; font-size: small;\">\n<li>Flip Swivel<\/li>\n<li>Kuka za ko\u010denje<\/li>\n<li>Odgovaraju\u0107e veli\u010dine Allen klju\u010devi<\/li>\n<\/ul>\n<p style=\"color: rgb(34, 34, 34); font-family: Arial, Helvetica, sans-serif; font-size: small;\"><strong>Specifikacije:<\/strong><\/p>\n<ul style=\"color: rgb(34, 34, 34); font-family: Arial, Helvetica, sans-serif; font-size: small;\">\n<li>Izra\u0111eno od 316 nehr\u0111aju\u0107eg \u010delika u \u010ce\u0161koj<\/li>\n<li>Garancija proizvo\u0111a\u010da od 3 godine<\/li>\n<li>Svaka jedinica je otisnuta s nosivo\u0161\u0107u proizvo\u0111a\u010da<\/li>\n<li>Dizajnirano za prekora\u010denje naprezanja tipi\u010dnih sidrenih lanaca<\/li>\n<li>Omogu\u0107ava 360-stupanjsko okretanje i 30 stupnjeva artikulacije<\/li>\n<li>Jednodijelno tijelo s preklopnim vrhom za ispravno povla\u010denje sidra<\/li>\n<li>Sigurni zatvara\u010di s heksagonalnom glavom<\/li>\n<\/ul>\n<p style=\"color: rgb(34, 34, 34); font-family: Arial, Helvetica, sans-serif; font-size: small;\"><strong>Klju\u010dne zna\u010dajke i pogodnosti:<\/strong><\/p>\n<ul style=\"color: rgb(34, 34, 34); font-family: Arial, Helvetica, sans-serif; font-size: small;\">\n<li><strong>Jednodijelni dizajn:<\/strong> Maksimalna \u010dvrsto\u0107a s CNC obra\u0111enim tijelom.<\/li>\n<li><strong>Univerzalna kompatibilnost:<\/strong> Radi s ve\u0107inom dizajna sidra.<\/li>\n<li><strong>Samo\u010diste\u0107a kugla:<\/strong> Omogu\u0107uje glatko 360-stupanjsko rotiranje.<\/li>\n<li><strong>Sigurni zatvara\u010di:<\/strong> Sprje\u010davaju slu\u010dajno otpu\u0161tanje.<\/li>\n<li><strong>Teflon o-prsten:<\/strong> Smanjuje trenje za glatko djelovanje.<\/li>\n<li><strong>Preklopni vrh:<\/strong> Poma\u017ee sidru da se ispravi ako je izvu\u010deno naopako.<\/li>\n<li><strong>Zaobljeni kutovi:<\/strong> \u0161tite palubu i posadu od ozljeda.<\/li>\n<li><strong>Otvor grla:<\/strong> Prilago\u0111en specifi\u010dnim veli\u010dinama lanaca.<\/li>\n<li><strong>Garancija:<\/strong> Dolazi s standardnom petogodi\u0161njom garancijom.<\/li>\n<\/ul>\n<p style=\"color: rgb(34, 34, 34); font-family: Arial, Helvetica, sans-serif; font-size: small;\"><strong>Informacije o nosivosti:<\/strong><\/p>\n<p style=\"color: rgb(34, 34, 34); font-family: Arial, Helvetica, sans-serif; font-size: small;\">Nosivost u vertikalnoj vu\u010di je ozna\u010dena, dok je nosivost pri bo\u010dnom savijanju jedna tre\u0107ina te vrijednosti.<\/p>\n<p style=\"color: rgb(34, 34, 34); font-family: Arial, Helvetica, sans-serif; font-size: small;\"><strong>Inovativne zna\u010dajke:<\/strong><\/p>\n<p style=\"color: rgb(34, 34, 34); font-family: Arial, Helvetica, sans-serif; font-size: small;\">Dizajn uklju\u010duje stra\u017enji most za laku rotaciju, zaobljene kutove kako bi se sprije\u010dila o\u0161te\u0107enja te neokretni zaklju\u010davaju\u0107i vijak za pobolj\u0161anu sigurnost.<\/p>\n","protected":false},"excerpt":{"rendered":"<p>Sidreni konektor Ultra za lanac 10\/13 &#8211; Ultra Flip Swivel iz Ultra Marine Predstavljamo Ultra Flip Swivel, robusni spojnik lanaca<\/p>\n","protected":false},"featured_media":5946957,"comment_status":"open","ping_status":"closed","template":"","meta":[],"product_brand":[3496],"product_cat":[1867],"product_tag":[],"class_list":{"0":"post-744845","1":"product","2":"type-product","3":"status-publish","4":"has-post-thumbnail","6":"product_brand-ultra-marine-hr","7":"product_cat-sidra-ultra","9":"first","10":"instock","11":"shipping-taxable","12":"purchasable","13":"product-type-simple"},"_links":{"self":[{"href":"https:\/\/stoic-curie.212-227-153-4.plesk.page\/hr\/wp-json\/wp\/v2\/product\/744845","targetHints":{"allow":["GET"]}}],"collection":[{"href":"https:\/\/stoic-curie.212-227-153-4.plesk.page\/hr\/wp-json\/wp\/v2\/product"}],"about":[{"href":"https:\/\/stoic-curie.212-227-153-4.plesk.page\/hr\/wp-json\/wp\/v2\/types\/product"}],"replies":[{"embeddable":true,"href":"https:\/\/stoic-curie.212-227-153-4.plesk.page\/hr\/wp-json\/wp\/v2\/comments?post=744845"}],"version-history":[{"count":0,"href":"https:\/\/stoic-curie.212-227-153-4.plesk.page\/hr\/wp-json\/wp\/v2\/product\/744845\/revisions"}],"wp:featuredmedia":[{"embeddable":true,"href":"https:\/\/stoic-curie.212-227-153-4.plesk.page\/hr\/wp-json\/wp\/v2\/media\/5946957"}],"wp:attachment":[{"href":"https:\/\/stoic-curie.212-227-153-4.plesk.page\/hr\/wp-json\/wp\/v2\/media?parent=744845"}],"wp:term":[{"taxonomy":"product_brand","embeddable":true,"href":"https:\/\/stoic-curie.212-227-153-4.plesk.page\/hr\/wp-json\/wp\/v2\/product_brand?post=744845"},{"taxonomy":"product_cat","embeddable":true,"href":"https:\/\/stoic-curie.212-227-153-4.plesk.page\/hr\/wp-json\/wp\/v2\/product_cat?post=744845"},{"taxonomy":"product_tag","embeddable":true,"href":"https:\/\/stoic-curie.212-227-153-4.plesk.page\/hr\/wp-json\/wp\/v2\/product_tag?post=744845"}],"curies":[{"name":"wp","href":"https:\/\/api.w.org\/{rel}","templated":true}]}}