{"id":744846,"date":"2025-03-03T20:01:18","date_gmt":"2025-03-03T19:01:18","guid":{"rendered":"https:\/\/stoic-curie.212-227-153-4.plesk.page\/producto\/vrtuljak-za-sidro-ultra-za-lanac-od-12-do-16-mm\/"},"modified":"2026-02-25T00:01:16","modified_gmt":"2026-02-25T00:01:16","slug":"vrtuljak-za-sidro-ultra-za-lanac-od-12-do-16-mm","status":"publish","type":"product","link":"https:\/\/stoic-curie.212-227-153-4.plesk.page\/hr\/product\/vrtuljak-za-sidro-ultra-za-lanac-od-12-do-16-mm\/","title":{"rendered":"Vrtuljak za sidro Ultra za lanac od 12 do 16 mm"},"content":{"rendered":"<p>Vrtuljak za sidro Ultra za lanac od 12 do 16 mm &#8211; <\/p>\n<p style=\"color: rgb(34, 34, 34); font-family: Arial, Helvetica, sans-serif; font-size: small;\"><strong>Ultra Flip Swivel od Ultra Marine<\/strong><\/p>\n<p style=\"color: rgb(34, 34, 34); font-family: Arial, Helvetica, sans-serif; font-size: small;\">Predstavljamo sna\u017ean i inovativan spojnik za lanac! Ultra Flip Swivel sadr\u017ei sidreni okretni spojnik i kuku izra\u0111ene od 316 nehr\u0111aju\u0107eg \u010delika, koja je ru\u010dno polirana za izdr\u017eljivost. Ovaj spojnik sigurno povezuje sidro i lanac, osiguravaju\u0107i pouzdan dr\u017ea\u010d bez potrebe za dodatnim \u0161akalima. Uklju\u010deno je ljepilo za zaklju\u010davanje navoja radi dodatne sigurnosti. RINA certificirani spojnik od nehr\u0111aju\u0107eg \u010delika uklju\u010duje kugli\u010dni zglob i Teflonovu brtvu, \u0161to omogu\u0107uje da se sidro automatski postavi u vodilicu bez zapreka ili zastoja na vitlu. Ultra Marine Flip Swivel predstavlja izvanredan morski dizajn i in\u017eenjerstvo, nude\u0107i rje\u0161enje za povezivanje sidra u jednom dijelu koje eliminira potrebu za dodatnim \u0161akalima.<\/p>\n<p style=\"color: rgb(34, 34, 34); font-family: Arial, Helvetica, sans-serif; font-size: small;\"><strong>\u0160to je uklju\u010deno u kutiju:<\/strong><\/p>\n<ul style=\"color: rgb(34, 34, 34); font-family: Arial, Helvetica, sans-serif; font-size: small;\">\n<li>Flip Swivel<\/li>\n<li>Kuka za ko\u010denje<\/li>\n<li>Prikladno veli\u010dine Alen klju\u010devi<\/li>\n<\/ul>\n<p style=\"color: rgb(34, 34, 34); font-family: Arial, Helvetica, sans-serif; font-size: small;\"><strong>Ultra Flip Swivel specifikacije:<\/strong><\/p>\n<ul style=\"color: rgb(34, 34, 34); font-family: Arial, Helvetica, sans-serif; font-size: small;\">\n<li>Izra\u0111eno od 316 nehr\u0111aju\u0107eg \u010delika od strane Ultra Marine Anchors u \u010ce\u0161koj<\/li>\n<li>Tro godine jamstva proizvo\u0111a\u010da<\/li>\n<li>Svaka jedinica je pojedina\u010dno \u017eigosana s maksimalnim optere\u0107enjem proizvo\u0111a\u010da<\/li>\n<li>Dizajnirano za osiguranje da naprezanje na razbijanje prema\u0161uje ono tipi\u010dnog sidrenog lanca iste veli\u010dine<\/li>\n<li>Omogu\u0107uje 360-stupanjsko okretanje i 30 stupnjeva artikulacije<\/li>\n<li>Tijelo u jednom dijelu s preklopnim naborom osigurava da se sidro uvijek izvla\u010di u ispravnom polo\u017eaju<\/li>\n<li>\u0160esterokutni vijak za zaklju\u010davanje ne zahtijeva dodatne sigurnosne mjere<\/li>\n<\/ul>\n<p style=\"color: rgb(34, 34, 34); font-family: Arial, Helvetica, sans-serif; font-size: small;\"><strong>Ultra Flip Swivel \u010dinjenice, karakteristike i prednosti:<\/strong><\/p>\n<ul style=\"color: rgb(34, 34, 34); font-family: Arial, Helvetica, sans-serif; font-size: small;\">\n<li><strong>Rje\u0161enje u jednom dijelu:<\/strong>&nbsp;CNC obra\u0111ena tijela i glave u jednom komadu, s integriranim sfernim kuglicama, osigurava maksimalnu snagu.<\/li>\n<li><strong>Univerzalna kompatibilnost:<\/strong>&nbsp;Prikladno za ve\u0107inu dizajna sidra, ne samo za Ultra sidra.<\/li>\n<li><strong>Samoo\u010di\u0161\u0107uju\u0107a polu-sferna kuglica:<\/strong>&nbsp;Omogu\u0107uje 360-stupanjsko okretanje.<\/li>\n<li><strong>Sigurni \u0161esterokutni vijci:<\/strong>&nbsp;Osigurava da je zaklju\u010davaju\u0107i vijak potpuno siguran i ne mo\u017ee se slu\u010dajno otpustiti; Alen klju\u010devi za drugi kraj su uklju\u010deni.<\/li>\n<li><strong>Teflon brtva:<\/strong>&nbsp;Unutarnja brtva smanjuje trenje metala pod optere\u0107enjem, osiguravaju\u0107i nisku otpornost i glatku operaciju.<\/li>\n<li><strong>Preklopni nabor:<\/strong>&nbsp;Ako je sidro izvu\u010deno naopa\u010dke, preklopni nabor poma\u017ee sidru da se ispravi na valjku.<\/li>\n<li><strong>Zaobljeni uglovi:<\/strong>&nbsp;Sprije\u010davaju potencijalna o\u0161te\u0107enja palube i smanjuju rizik od ozljede posade.<\/li>\n<li><strong>Otvor grla:<\/strong>&nbsp;Specijalno dizajniran za odgovaraju\u0107u veli\u010dinu lanca.<\/li>\n<li><strong>Specifikacije:<\/strong>&nbsp;Veli\u010dina lanca i maksimalno optere\u0107enje predstavljeni su na stra\u017enjoj strani spojnika.<\/li>\n<li><strong>Jamstvo:<\/strong>&nbsp;Svi ULTRA okretni spojnici dolaze s standardnim jamstvom od pet godina.<\/li>\n<\/ul>\n<p style=\"color: rgb(34, 34, 34); font-family: Arial, Helvetica, sans-serif; font-size: small;\"><strong>Informacije o optere\u0107enju:<\/strong><\/p>\n<ul style=\"color: rgb(34, 34, 34); font-family: Arial, Helvetica, sans-serif; font-size: small;\">\n<li>BL = Optere\u0107enje na razbijanje u vertikalnom vu\u010di.<\/li>\n<li>Optere\u0107enje na bo\u010dno savijanje je jedna tre\u0107ina optere\u0107enja na vertikalnu vu\u010du.<\/li>\n<\/ul>\n<p style=\"color: rgb(34, 34, 34); font-family: Arial, Helvetica, sans-serif; font-size: small;\"><strong>Inovativne karakteristike:<\/strong><\/p>\n<ol style=\"color: rgb(34, 34, 34); font-family: Arial, Helvetica, sans-serif; font-size: small;\">\n<li>Povratni most omogu\u0107uje lako okretanje stablinske ru\u010dke sidra.<\/li>\n<li>Zaobljeni uglovi poma\u017eu izbje\u0107i o\u0161te\u0107enja povr\u0161ina koje dolaze u dodir.<\/li>\n<li>Preklopni nabor osigurava da se sidro ispravno postavi na valjak.<\/li>\n<li>Teflonova unutarnja O-brtva osigurava nisku otpornost i glatku operaciju, sprje\u010davaju\u0107i trenje metala pod optere\u0107enjem.<\/li>\n<li>Kugli\u010dni zglob omogu\u0107uje maksimalno kretanje uz zadr\u017eavanje \u010dvrsto\u0107e.<\/li>\n<li>Otvor grla je optimalno dizajniran za sve veli\u010dine lanaca.<\/li>\n<li>Zaklju\u010davaju\u0107i vijak ne mo\u017ee se rotirati niti olabaviti, \u010dime se pove\u0107ava sigurnost.<\/li>\n<li>Veli\u010dina lanca i optere\u0107enje na razbijanje jasno su ozna\u010deni na stra\u017enjoj strani.<\/li>\n<\/ol>\n","protected":false},"excerpt":{"rendered":"<p>Vrtuljak za sidro Ultra za lanac od 12 do 16 mm &#8211; Ultra Flip Swivel od Ultra Marine Predstavljamo sna\u017ean<\/p>\n","protected":false},"featured_media":5946957,"comment_status":"open","ping_status":"closed","template":"","meta":[],"product_brand":[3496],"product_cat":[1867],"product_tag":[],"class_list":{"0":"post-744846","1":"product","2":"type-product","3":"status-publish","4":"has-post-thumbnail","6":"product_brand-ultra-marine-hr","7":"product_cat-sidra-ultra","9":"first","10":"instock","11":"shipping-taxable","12":"purchasable","13":"product-type-simple"},"_links":{"self":[{"href":"https:\/\/stoic-curie.212-227-153-4.plesk.page\/hr\/wp-json\/wp\/v2\/product\/744846","targetHints":{"allow":["GET"]}}],"collection":[{"href":"https:\/\/stoic-curie.212-227-153-4.plesk.page\/hr\/wp-json\/wp\/v2\/product"}],"about":[{"href":"https:\/\/stoic-curie.212-227-153-4.plesk.page\/hr\/wp-json\/wp\/v2\/types\/product"}],"replies":[{"embeddable":true,"href":"https:\/\/stoic-curie.212-227-153-4.plesk.page\/hr\/wp-json\/wp\/v2\/comments?post=744846"}],"version-history":[{"count":0,"href":"https:\/\/stoic-curie.212-227-153-4.plesk.page\/hr\/wp-json\/wp\/v2\/product\/744846\/revisions"}],"wp:featuredmedia":[{"embeddable":true,"href":"https:\/\/stoic-curie.212-227-153-4.plesk.page\/hr\/wp-json\/wp\/v2\/media\/5946957"}],"wp:attachment":[{"href":"https:\/\/stoic-curie.212-227-153-4.plesk.page\/hr\/wp-json\/wp\/v2\/media?parent=744846"}],"wp:term":[{"taxonomy":"product_brand","embeddable":true,"href":"https:\/\/stoic-curie.212-227-153-4.plesk.page\/hr\/wp-json\/wp\/v2\/product_brand?post=744846"},{"taxonomy":"product_cat","embeddable":true,"href":"https:\/\/stoic-curie.212-227-153-4.plesk.page\/hr\/wp-json\/wp\/v2\/product_cat?post=744846"},{"taxonomy":"product_tag","embeddable":true,"href":"https:\/\/stoic-curie.212-227-153-4.plesk.page\/hr\/wp-json\/wp\/v2\/product_tag?post=744846"}],"curies":[{"name":"wp","href":"https:\/\/api.w.org\/{rel}","templated":true}]}}