{"id":744851,"date":"2025-03-03T20:01:19","date_gmt":"2025-03-03T19:01:19","guid":{"rendered":"https:\/\/stoic-curie.212-227-153-4.plesk.page\/producto\/mostic-na-napuhavanje-tiki-250-x-50-x-15-cm\/"},"modified":"2026-02-25T00:01:16","modified_gmt":"2026-02-25T00:01:16","slug":"mostic-na-napuhavanje-tiki-250-x-50-x-15-cm","status":"publish","type":"product","link":"https:\/\/stoic-curie.212-227-153-4.plesk.page\/hr\/product\/mostic-na-napuhavanje-tiki-250-x-50-x-15-cm\/","title":{"rendered":"Mosti\u0107 na napuhavanje Tiki 250 x 50 x 15 cm"},"content":{"rendered":"<p>Mosti\u0107 na napuhavanje Tiki 250 x 50 x 15 cm &#8211; <\/p>\n<p style=\"color: rgb(34, 34, 34); font-family: Arial, Helvetica, sans-serif; font-size: small;\">Predstavljamo Inflatable SUP Gangway Tiki 250: lagano, izdr\u017eljivo i svestrano re\u0161enje za ukrcavanje na \u010damce. Ova gangway pru\u017ea odli\u010dnu stabilnost bez potrebe za klinovima, osiguravaju\u0107i da ne klizi i da ne o\u0161te\u0107uje krmu. Omogu\u0107ava siguran prolaz za osobe s invaliditetom i ljubimce. Pored toga, mo\u017ee poslu\u017eiti za razli\u010dite svrhe, funkcioni\u0161u\u0107i kao daske za stajanje, vodeni madrac, bo\u010dni fender ili platforma za odr\u017eavanje trupa.<\/p>\n<p style=\"color: rgb(34, 34, 34); font-family: Arial, Helvetica, sans-serif; font-size: small;\">Izra\u0111ena od specijalnog vi\u0161eslojnog tkanina PVC premazanog sa oja\u010danom unutra\u0161njom strukturom, ova gangway je izrazito otporna na habanje, UV zrake i morsku sredinu. Dolazi sa stalcima, rukohvatnom u\u017eadi, prstenima od nehr\u0111aju\u0107eg \u010delika, sklopivim dokerima i kitom za popravku. Preporu\u010deni pritisak za napuhavanje je 1000 mbar (15 psi).<\/p>\n<p style=\"color: rgb(34, 34, 34); font-family: Arial, Helvetica, sans-serif; font-size: small;\">Inovativna naduvava vrata Tiki Yachting su dizajnirana za olak\u0161avanje ukrcavanja na \u010damce uz pridr\u017eavanje strogih standarda kvalitete i prakti\u010dnosti. Uz to, \u010dvrsta je i sigurna, s rukohvatima na svim modelima osim 200. Njena lagana konstrukcija je zna\u010dajna prednost, olak\u0161avaju\u0107i upravljanje i smanjuju\u0107i trud potreban za rukovanje.<\/p>\n<p style=\"color: rgb(34, 34, 34); font-family: Arial, Helvetica, sans-serif; font-size: small;\">Ova gangway ne zahteva odr\u017eavanje i napravljena je da traje, osiguravaju\u0107i dug \u017eivotni vek \u010dak i pri intenzivnoj upotrebi. Instalacija je brza i jednostavna, traje samo pet minuta koriste\u0107i ru\u010dni ili elektri\u010dni pumpu, \u0161tede\u0107i korisnicima dragoceno vreme.<\/p>\n<p style=\"color: rgb(34, 34, 34); font-family: Arial, Helvetica, sans-serif; font-size: small;\">Kada je ispuhana, gangway se mo\u017ee kompaktno skladi\u0161titi, zauzimaju\u0107i samo 70x40x15 cm prostora na va\u0161em \u010damcu. Ova funkcija \u0161tednje prostora \u010dini je idealnom za manje prostore.<\/p>\n<p style=\"color: rgb(34, 34, 34); font-family: Arial, Helvetica, sans-serif; font-size: small;\">Za pobolj\u0161anu \u010dvrsto\u0107u, na\u0161i modeli 250 i 300 uklju\u010duju dvostruku komoru i sustav dvostrukog martingala, \u0161to ja\u010da stabilnost gangway-a i osigurava maksimalnu sigurnost korisnicima. \u0160tavi\u0161e, gangway se mo\u017ee koristiti sa ili bez odvojivih za\u0161titnih ograda, pru\u017eaju\u0107i fleksibilnost za prilago\u0111avanje specifi\u010dnim potrebama.<\/p>\n<p style=\"color: rgb(34, 34, 34); font-family: Arial, Helvetica, sans-serif; font-size: small;\">Odvojiva podloga za habanje je jo\u0161 jedna va\u017ena karakteristika na\u0161e gangway, nude\u0107i \u010dvrstu i sigurnu vezu sa dokerom. Ova podloga tako\u0111e \u0161titi naduvanu strukturu od o\u0161te\u0107enja, produ\u017euju\u0107i \u017eivotni vek proizvoda.<\/p>\n<p style=\"color: rgb(34, 34, 34); font-family: Arial, Helvetica, sans-serif; font-size: small;\">Ukratko, na\u0161a gangway je sofisticirani proizvod koji kombinuje sigurnost, prakti\u010dnost i izdr\u017eljivost. Dizajnirana je da ispuni visoke zahteve korisnika, pru\u017eaju\u0107i efikasno i pouzdano re\u0161enje za ukrcavanje na \u010damce.<\/p>\n<p style=\"color: rgb(34, 34, 34); font-family: Arial, Helvetica, sans-serif; font-size: small;\"><strong>Tehni\u010dke specifikacije Inflatable Access Gateway Tiki Yachting:<\/strong><\/p>\n<ul style=\"color: rgb(34, 34, 34); font-family: Arial, Helvetica, sans-serif; font-size: small;\">\n<li><strong>Dimenzije:<\/strong>&nbsp;200x60x15 cm \u2013&nbsp;<strong>Te\u017eina:<\/strong>&nbsp;7 kg \u2013&nbsp;<strong>Vreme napuhavanja:<\/strong>&nbsp;3 minuta \u2013&nbsp;<strong>Sklopljena veli\u010dina:<\/strong>&nbsp;70x40x10 cm (bez za\u0161titne ograde)<\/li>\n<li><strong>Dimenzije:<\/strong>&nbsp;250x60x15 cm \u2013&nbsp;<strong>Te\u017eina:<\/strong>&nbsp;9 kg \u2013&nbsp;<strong>Vreme napuhavanja:<\/strong>&nbsp;4 minuta \u2013&nbsp;<strong>Sklopljena veli\u010dina:<\/strong>&nbsp;70x40x15 cm (sa za\u0161titnom ogradom)<\/li>\n<li><strong>Dimenzije:<\/strong>&nbsp;300x60x15 cm \u2013&nbsp;<strong>Te\u017eina:<\/strong>&nbsp;11 kg \u2013&nbsp;<strong>Vreme napuhavanja:<\/strong>&nbsp;5 minuta \u2013&nbsp;<strong>Sklopljena veli\u010dina:<\/strong>&nbsp;70x40x15 cm (sa za\u0161titnom ogradom)<\/li>\n<\/ul>\n<p style=\"color: rgb(34, 34, 34); font-family: Arial, Helvetica, sans-serif; font-size: small;\">Izra\u0111ena koriste\u0107i DROPSTITCH visokoodpornu PVC tehnologiju, sa sa\u010dmom tkanjem koje ima ravnomerno raspore\u0111ene poliester niti. Uklju\u010dena je torba za skladi\u0161tenje radi prakti\u010dnosti.<\/p>\n","protected":false},"excerpt":{"rendered":"<p>Mosti\u0107 na napuhavanje Tiki 250 x 50 x 15 cm &#8211; Predstavljamo Inflatable SUP Gangway Tiki 250: lagano, izdr\u017eljivo i<\/p>\n","protected":false},"featured_media":5946966,"comment_status":"open","ping_status":"closed","template":"","meta":[],"product_brand":[3206],"product_cat":[1612],"product_tag":[],"class_list":{"0":"post-744851","1":"product","2":"type-product","3":"status-publish","4":"has-post-thumbnail","6":"product_brand-nova-argonautica-hr","7":"product_cat-gangways-za-brodove","9":"first","10":"instock","11":"shipping-taxable","12":"purchasable","13":"product-type-simple"},"_links":{"self":[{"href":"https:\/\/stoic-curie.212-227-153-4.plesk.page\/hr\/wp-json\/wp\/v2\/product\/744851","targetHints":{"allow":["GET"]}}],"collection":[{"href":"https:\/\/stoic-curie.212-227-153-4.plesk.page\/hr\/wp-json\/wp\/v2\/product"}],"about":[{"href":"https:\/\/stoic-curie.212-227-153-4.plesk.page\/hr\/wp-json\/wp\/v2\/types\/product"}],"replies":[{"embeddable":true,"href":"https:\/\/stoic-curie.212-227-153-4.plesk.page\/hr\/wp-json\/wp\/v2\/comments?post=744851"}],"version-history":[{"count":0,"href":"https:\/\/stoic-curie.212-227-153-4.plesk.page\/hr\/wp-json\/wp\/v2\/product\/744851\/revisions"}],"wp:featuredmedia":[{"embeddable":true,"href":"https:\/\/stoic-curie.212-227-153-4.plesk.page\/hr\/wp-json\/wp\/v2\/media\/5946966"}],"wp:attachment":[{"href":"https:\/\/stoic-curie.212-227-153-4.plesk.page\/hr\/wp-json\/wp\/v2\/media?parent=744851"}],"wp:term":[{"taxonomy":"product_brand","embeddable":true,"href":"https:\/\/stoic-curie.212-227-153-4.plesk.page\/hr\/wp-json\/wp\/v2\/product_brand?post=744851"},{"taxonomy":"product_cat","embeddable":true,"href":"https:\/\/stoic-curie.212-227-153-4.plesk.page\/hr\/wp-json\/wp\/v2\/product_cat?post=744851"},{"taxonomy":"product_tag","embeddable":true,"href":"https:\/\/stoic-curie.212-227-153-4.plesk.page\/hr\/wp-json\/wp\/v2\/product_tag?post=744851"}],"curies":[{"name":"wp","href":"https:\/\/api.w.org\/{rel}","templated":true}]}}