{"id":744855,"date":"2025-03-03T20:01:20","date_gmt":"2025-03-03T19:01:20","guid":{"rendered":"https:\/\/stoic-curie.212-227-153-4.plesk.page\/producto\/guest-led-reflektor-12v\/"},"modified":"2026-02-25T00:01:16","modified_gmt":"2026-02-25T00:01:16","slug":"guest-led-reflektor-12v","status":"publish","type":"product","link":"https:\/\/stoic-curie.212-227-153-4.plesk.page\/hr\/product\/guest-led-reflektor-12v\/","title":{"rendered":"Guest LED reflektor 12v"},"content":{"rendered":"<p>Guest LED reflektor 12v &#8211; <\/p>\n<p>Pretstavljamo Guest LED pretra\u017eiva\u010d, dizajniran za 12V sustave. Ovaj inovativni pretra\u017eiva\u010d opremljen je be\u017ei\u010dnom daljinskom upravlja\u010dem, \u0161to omogu\u0107ava jednostavno upravljanje s udaljenosti. Njegove podesive osobine uvr\u0161tavaju impresivnu vodootpornu ku\u0107i\u0161te od nehr\u0111aju\u0107eg \u010delika IP67, osiguravaju\u0107i dugotrajnost i otpornost na vremenske uvjete. Koncentrirani snop svjetlosti pokre\u0107e robusna LED \u017earulja od 36W, koja pru\u017ea izvanredno osvjetljenje za va\u0161e potrebe na vodi. S izvanrednom rotacijskom sposobno\u0161\u0107u od 350\u00b0 horizontalno i 60\u00b0 vertikalno, mo\u017eete lako usmjeriti svjetlost gdje je najpotrebnija. Dimenzije pretra\u017eiva\u010da su 121 mm \u0161irine, 212 mm dubine i 250 mm visine, \u0161to ga \u010dini kompaktno, a opet mo\u0107no dopunom opreme va\u0161eg \u010damca.<\/p>\n","protected":false},"excerpt":{"rendered":"<p>Guest LED reflektor 12v &#8211; Pretstavljamo Guest LED pretra\u017eiva\u010d, dizajniran za 12V sustave. Ovaj inovativni pretra\u017eiva\u010d opremljen je be\u017ei\u010dnom daljinskom<\/p>\n","protected":false},"featured_media":5946980,"comment_status":"open","ping_status":"closed","template":"","meta":[],"product_brand":[3106],"product_cat":[1734],"product_tag":[],"class_list":{"0":"post-744855","1":"product","2":"type-product","3":"status-publish","4":"has-post-thumbnail","6":"product_brand-marinco-hr","7":"product_cat-brodski-reflektori","9":"first","10":"instock","11":"shipping-taxable","12":"purchasable","13":"product-type-simple"},"_links":{"self":[{"href":"https:\/\/stoic-curie.212-227-153-4.plesk.page\/hr\/wp-json\/wp\/v2\/product\/744855","targetHints":{"allow":["GET"]}}],"collection":[{"href":"https:\/\/stoic-curie.212-227-153-4.plesk.page\/hr\/wp-json\/wp\/v2\/product"}],"about":[{"href":"https:\/\/stoic-curie.212-227-153-4.plesk.page\/hr\/wp-json\/wp\/v2\/types\/product"}],"replies":[{"embeddable":true,"href":"https:\/\/stoic-curie.212-227-153-4.plesk.page\/hr\/wp-json\/wp\/v2\/comments?post=744855"}],"version-history":[{"count":0,"href":"https:\/\/stoic-curie.212-227-153-4.plesk.page\/hr\/wp-json\/wp\/v2\/product\/744855\/revisions"}],"wp:featuredmedia":[{"embeddable":true,"href":"https:\/\/stoic-curie.212-227-153-4.plesk.page\/hr\/wp-json\/wp\/v2\/media\/5946980"}],"wp:attachment":[{"href":"https:\/\/stoic-curie.212-227-153-4.plesk.page\/hr\/wp-json\/wp\/v2\/media?parent=744855"}],"wp:term":[{"taxonomy":"product_brand","embeddable":true,"href":"https:\/\/stoic-curie.212-227-153-4.plesk.page\/hr\/wp-json\/wp\/v2\/product_brand?post=744855"},{"taxonomy":"product_cat","embeddable":true,"href":"https:\/\/stoic-curie.212-227-153-4.plesk.page\/hr\/wp-json\/wp\/v2\/product_cat?post=744855"},{"taxonomy":"product_tag","embeddable":true,"href":"https:\/\/stoic-curie.212-227-153-4.plesk.page\/hr\/wp-json\/wp\/v2\/product_tag?post=744855"}],"curies":[{"name":"wp","href":"https:\/\/api.w.org\/{rel}","templated":true}]}}