{"id":744856,"date":"2025-03-03T20:01:21","date_gmt":"2025-03-03T19:01:21","guid":{"rendered":"https:\/\/stoic-curie.212-227-153-4.plesk.page\/producto\/guest-led-reflektor-24v\/"},"modified":"2026-02-25T00:01:16","modified_gmt":"2026-02-25T00:01:16","slug":"guest-led-reflektor-24v","status":"publish","type":"product","link":"https:\/\/stoic-curie.212-227-153-4.plesk.page\/hr\/product\/guest-led-reflektor-24v\/","title":{"rendered":"Guest LED reflektor 24v"},"content":{"rendered":"<p>Guest LED reflektor 24v &#8211; <\/p>\n<p>U veselju vam predstavljamo autenti\u010dnu Guest LED pretra\u017eiva\u010dku svjetiljku, proizvod koji je pomno dizajniran za optimalne performanse u 24V sustavima. Ova napredna pretra\u017eiva\u010dka svjetiljka nije samo alat; to je sofisticirani komad tehnologije dizajniran za pobolj\u0161anje va\u0161eg iskustva plovidbe. Jedna od njezinih istaknutih zna\u010dajki je uklju\u010divanje be\u017ei\u010dne daljinske kontrole, koja omogu\u0107uje be\u0161avno upravljanje na daljinu, osiguravaju\u0107i da mo\u017eete upravljati svojim potrebama za osvjetljenjem bez problema s ru\u010dnim prilagodbama.<\/p>\n<p>Pretra\u017eiva\u010dka svjetiljka ima podesivi LED snop, koji se mo\u017ee prilagoditi va\u0161im specifi\u010dnim potrebama osvjetljenja, bez obzira trebate li \u0161iroko podru\u010dje svjetla ili usmjereno svjetlo. Ova svestranost je smje\u0161tena u robusnom i izdr\u017eljivom ku\u0107i\u0161tu od nehr\u0111aju\u0107eg \u010delika sa IP67 vodootporno\u0161\u0107u, koje jam\u010di dugovje\u010dnost i pouzdanost, \u010dak i u najizazovnijim morskim okru\u017eenjima. To zna\u010di da mo\u017eete vjerovati da \u0107e va\u0161a svjetiljka izdr\u017eati zahtjeve \u017eivota na moru.<\/p>\n<p>Ova izvanredna pretra\u017eiva\u010dka svjetiljka pokre\u0107e sna\u017ena 36W LED \u017earulja, koja proizvodi koncentrirano usmjereno svjetlo idealno za osvjetljavanje udaljenih objekata ili podru\u010dja s izvanrednom precizno\u0161\u0107u. Impresivna rotacijska sposobnost svjetiljke od 350\u00b0 horizontalno i 60\u00b0 vertikalno pru\u017ea \u0161irok spektar opcija osvjetljenja, \u010dine\u0107i je neophodnim alatom za svakog vlasnika \u010damca koji cijeni sigurnost i vidljivost.<\/p>\n<p>Nadalje, njezine kompaktne dimenzije\u2014\u0161irina 121 mm, duljina 212 mm i visina 250 mm\u2014osiguravaju da se mo\u017ee lako instalirati na va\u0161em plovilu bez kompromitiranja performansi ili funkcionalnosti. Ova kombinacija naprednih zna\u010dajki, izdr\u017eljivosti i jednostavne instalacije \u010dini Guest LED pretra\u017eiva\u010dku svjetiljku neizostavnim dodatkom za one koji plove morem, osiguravaju\u0107i da ste dobro opremljeni za svaku situaciju koja mo\u017ee nastati tijekom va\u0161ih pomorskih avantura.<\/p>\n","protected":false},"excerpt":{"rendered":"<p>Guest LED reflektor 24v &#8211; U veselju vam predstavljamo autenti\u010dnu Guest LED pretra\u017eiva\u010dku svjetiljku, proizvod koji je pomno dizajniran za<\/p>\n","protected":false},"featured_media":5946980,"comment_status":"open","ping_status":"closed","template":"","meta":[],"product_brand":[3106],"product_cat":[1734],"product_tag":[],"class_list":{"0":"post-744856","1":"product","2":"type-product","3":"status-publish","4":"has-post-thumbnail","6":"product_brand-marinco-hr","7":"product_cat-brodski-reflektori","9":"first","10":"instock","11":"shipping-taxable","12":"purchasable","13":"product-type-simple"},"_links":{"self":[{"href":"https:\/\/stoic-curie.212-227-153-4.plesk.page\/hr\/wp-json\/wp\/v2\/product\/744856","targetHints":{"allow":["GET"]}}],"collection":[{"href":"https:\/\/stoic-curie.212-227-153-4.plesk.page\/hr\/wp-json\/wp\/v2\/product"}],"about":[{"href":"https:\/\/stoic-curie.212-227-153-4.plesk.page\/hr\/wp-json\/wp\/v2\/types\/product"}],"replies":[{"embeddable":true,"href":"https:\/\/stoic-curie.212-227-153-4.plesk.page\/hr\/wp-json\/wp\/v2\/comments?post=744856"}],"version-history":[{"count":0,"href":"https:\/\/stoic-curie.212-227-153-4.plesk.page\/hr\/wp-json\/wp\/v2\/product\/744856\/revisions"}],"wp:featuredmedia":[{"embeddable":true,"href":"https:\/\/stoic-curie.212-227-153-4.plesk.page\/hr\/wp-json\/wp\/v2\/media\/5946980"}],"wp:attachment":[{"href":"https:\/\/stoic-curie.212-227-153-4.plesk.page\/hr\/wp-json\/wp\/v2\/media?parent=744856"}],"wp:term":[{"taxonomy":"product_brand","embeddable":true,"href":"https:\/\/stoic-curie.212-227-153-4.plesk.page\/hr\/wp-json\/wp\/v2\/product_brand?post=744856"},{"taxonomy":"product_cat","embeddable":true,"href":"https:\/\/stoic-curie.212-227-153-4.plesk.page\/hr\/wp-json\/wp\/v2\/product_cat?post=744856"},{"taxonomy":"product_tag","embeddable":true,"href":"https:\/\/stoic-curie.212-227-153-4.plesk.page\/hr\/wp-json\/wp\/v2\/product_tag?post=744856"}],"curies":[{"name":"wp","href":"https:\/\/api.w.org\/{rel}","templated":true}]}}