{"id":744858,"date":"2025-03-03T20:01:21","date_gmt":"2025-03-03T19:01:21","guid":{"rendered":"https:\/\/stoic-curie.212-227-153-4.plesk.page\/producto\/plutajuca-platforma-tiki-150-x-200-x-20-cm\/"},"modified":"2026-02-25T00:01:17","modified_gmt":"2026-02-25T00:01:17","slug":"plutajuca-platforma-tiki-150-x-200-x-20-cm","status":"publish","type":"product","link":"https:\/\/stoic-curie.212-227-153-4.plesk.page\/hr\/product\/plutajuca-platforma-tiki-150-x-200-x-20-cm\/","title":{"rendered":"Plutajuca platforma Tiki 150 x 200 x 20 cm"},"content":{"rendered":"<p>Plutajuca platforma Tiki 150 x 200 x 20 cm &#8211; <\/p>\n<p>Floating platform Tiki dimenzija 150 x 200 x 20 cm je \u010dvrsta i dugotrajna plovna platforma izra\u0111ena od PVC-om oblo\u017eenog dropstitch poliester mre\u017ee. Pa\u017eljivo je dizajnirana s robusnom unutra\u0161njom sa\u0107a strukturom koja jam\u010di stabilnost i izdr\u017eljivost. Ova moderna platforma je izra\u0111ena za jednostavno napuhavanje i ispuhivanje, omogu\u0107uju\u0107i brzu postavu i uklanjanje, \u0161to je \u010dini izuzetno prakti\u010dnom za pohranu kada se ne koristi. Platforma je opremljena povr\u0161inom od EVA materijala koja sprje\u010dava klizanje, pru\u017eaju\u0107i siguran i udoban prostor za razne aktivnosti, zajedno sa nehr\u0111aju\u0107im D-prstenovima koji omogu\u0107uju sigurno pri\u010dvr\u0161\u0107ivanje na brodove, druge plovne ure\u0111aje ili pristani\u0161ta, osiguravaju\u0107i da u\u017eivate u svom vremenu na vodi bez briga.<\/p>\n<p>Ova prilagodljiva platforma slu\u017ei brojnim funkcijama, djeluju\u0107i ne samo kao prostor za opu\u0161tanje i sun\u010danje, ve\u0107 i kao vodeni madrac za relaksaciju ili kao odre\u0111eni prostor za odr\u017eavanje trupa, \u010dine\u0107i je vitalnim dodatkom va\u0161im vodenim avanturama.<\/p>\n<p>Kako bismo dodatno pobolj\u0161ali va\u0161e iskustvo, pru\u017eamo opcionalne aluminijske stepenice od 3 koraka koje se mogu lako priklju\u010diti na modele 200 i 400 koriste\u0107i unaprijed instalirane spojne plo\u010de za brzu i jednostavnu instalaciju. Za model 150 potrebna je ljepila za pravilnu instalaciju stepenica, osiguravaju\u0107i vam siguran i pouzdan na\u010din pristupa va\u0161oj plovnoj platformi. S ovim nizom zna\u010dajki, na\u0161a plovna platforma je dizajnirana da ispuni sve va\u0161e vodene potrebe, prioritiziraju\u0107i udobnost i sigurnost.<\/p>\n","protected":false},"excerpt":{"rendered":"<p>Plutajuca platforma Tiki 150 x 200 x 20 cm &#8211; Floating platform Tiki dimenzija 150 x 200 x 20 cm<\/p>\n","protected":false},"featured_media":5946985,"comment_status":"open","ping_status":"closed","template":"","meta":[],"product_brand":[3206],"product_cat":[1694,1614],"product_tag":[],"class_list":{"0":"post-744858","1":"product","2":"type-product","3":"status-publish","4":"has-post-thumbnail","6":"product_brand-nova-argonautica-hr","7":"product_cat-brodske-krmene-platforme","8":"product_cat-platforme-za-plivanje-na-brodu","10":"first","11":"instock","12":"shipping-taxable","13":"purchasable","14":"product-type-simple"},"_links":{"self":[{"href":"https:\/\/stoic-curie.212-227-153-4.plesk.page\/hr\/wp-json\/wp\/v2\/product\/744858","targetHints":{"allow":["GET"]}}],"collection":[{"href":"https:\/\/stoic-curie.212-227-153-4.plesk.page\/hr\/wp-json\/wp\/v2\/product"}],"about":[{"href":"https:\/\/stoic-curie.212-227-153-4.plesk.page\/hr\/wp-json\/wp\/v2\/types\/product"}],"replies":[{"embeddable":true,"href":"https:\/\/stoic-curie.212-227-153-4.plesk.page\/hr\/wp-json\/wp\/v2\/comments?post=744858"}],"version-history":[{"count":0,"href":"https:\/\/stoic-curie.212-227-153-4.plesk.page\/hr\/wp-json\/wp\/v2\/product\/744858\/revisions"}],"wp:featuredmedia":[{"embeddable":true,"href":"https:\/\/stoic-curie.212-227-153-4.plesk.page\/hr\/wp-json\/wp\/v2\/media\/5946985"}],"wp:attachment":[{"href":"https:\/\/stoic-curie.212-227-153-4.plesk.page\/hr\/wp-json\/wp\/v2\/media?parent=744858"}],"wp:term":[{"taxonomy":"product_brand","embeddable":true,"href":"https:\/\/stoic-curie.212-227-153-4.plesk.page\/hr\/wp-json\/wp\/v2\/product_brand?post=744858"},{"taxonomy":"product_cat","embeddable":true,"href":"https:\/\/stoic-curie.212-227-153-4.plesk.page\/hr\/wp-json\/wp\/v2\/product_cat?post=744858"},{"taxonomy":"product_tag","embeddable":true,"href":"https:\/\/stoic-curie.212-227-153-4.plesk.page\/hr\/wp-json\/wp\/v2\/product_tag?post=744858"}],"curies":[{"name":"wp","href":"https:\/\/api.w.org\/{rel}","templated":true}]}}