{"id":744859,"date":"2025-03-03T20:01:21","date_gmt":"2025-03-03T19:01:21","guid":{"rendered":"https:\/\/stoic-curie.212-227-153-4.plesk.page\/producto\/plutajuca-platforma-tiki-200-x-200-x-15-cm\/"},"modified":"2026-02-25T00:01:17","modified_gmt":"2026-02-25T00:01:17","slug":"plutajuca-platforma-tiki-200-x-200-x-15-cm","status":"publish","type":"product","link":"https:\/\/stoic-curie.212-227-153-4.plesk.page\/hr\/product\/plutajuca-platforma-tiki-200-x-200-x-15-cm\/","title":{"rendered":"Plutajuca platforma Tiki 200 x 200 x 15 cm"},"content":{"rendered":"<p>Plutajuca platforma Tiki 200 x 200 x 15 cm &#8211; <\/p>\n<p>Sa uzbu\u0111enjem predstavljamo na\u0161 \u010dvrsti i izdr\u017eljivi plutaju\u0107i plo\u010du od poliester mre\u017ee prekrivenu PVC-om, pomno projektiranu s jakom unutarnjom strukturalnom mre\u017eicom koja osigurava stabilnost i dugovje\u010dnost. Ova inovativna platforma dizajnirana je za jednostavno napuhavanje i ispuhavanje, \u0161to omogu\u0107ava brzu postavu i skidanje, pa je izuzetno prakti\u010dna za pohranu kada nije u upotrebi. Platforma ima povr\u0161inu od EVA materijala koja ne klizi i pru\u017ea sigurnu i udobnu povr\u0161inu za razne aktivnosti, zajedno s nehr\u0111aju\u0107im \u010deli\u010dnim D-prstenovima koji omogu\u0107uju sigurno povezivanje s \u010damcima, drugim plutaju\u0107im ure\u0111ajima ili lukama, osiguravaju\u0107i vam u\u017eivanje na vodi bez briga.<\/p>\n<p>Ova svestrana platforma slu\u017ei vi\u0161estrukim funkcijama, ne samo kao rekreacijski prostor za opu\u0161tanje i sun\u010danje, ve\u0107 i kao vodeni madrac za odmor ili kao posebna povr\u0161ina za odr\u017eavanje trupa, \u0161to je \u010dini neizostavnim dodatkom va\u0161im vodenim aktivnostima.<\/p>\n<p>Kako bismo dodatno pobolj\u0161ali va\u0161e iskustvo, nudimo opcionalne aluminijske ljestve s tri stepenice koje se lako mogu pri\u010dvrstiti na modele 200 i 400 pomo\u0107u prethodno instaliranih spojnih plo\u010da za brzu i jednostavnu instalaciju. Za model 150, ljestve zahtijevaju ljepilo za pravilnu instalaciju, osiguravaju\u0107i vam siguran i pouzdan na\u010din pristupa va\u0161oj plutaju\u0107oj platformi. S ovom kombinacijom zna\u010dajki, na\u0161a plutaju\u0107a platforma dizajnirana je da zadovolji sve va\u0161e vodene potrebe, pru\u017eaju\u0107i udobnost i sigurnost.<\/p>\n","protected":false},"excerpt":{"rendered":"<p>Plutajuca platforma Tiki 200 x 200 x 15 cm &#8211; Sa uzbu\u0111enjem predstavljamo na\u0161 \u010dvrsti i izdr\u017eljivi plutaju\u0107i plo\u010du od<\/p>\n","protected":false},"featured_media":5946985,"comment_status":"open","ping_status":"closed","template":"","meta":[],"product_brand":[3206],"product_cat":[1694,1614],"product_tag":[],"class_list":{"0":"post-744859","1":"product","2":"type-product","3":"status-publish","4":"has-post-thumbnail","6":"product_brand-nova-argonautica-hr","7":"product_cat-brodske-krmene-platforme","8":"product_cat-platforme-za-plivanje-na-brodu","10":"first","11":"outofstock","12":"shipping-taxable","13":"purchasable","14":"product-type-simple"},"_links":{"self":[{"href":"https:\/\/stoic-curie.212-227-153-4.plesk.page\/hr\/wp-json\/wp\/v2\/product\/744859","targetHints":{"allow":["GET"]}}],"collection":[{"href":"https:\/\/stoic-curie.212-227-153-4.plesk.page\/hr\/wp-json\/wp\/v2\/product"}],"about":[{"href":"https:\/\/stoic-curie.212-227-153-4.plesk.page\/hr\/wp-json\/wp\/v2\/types\/product"}],"replies":[{"embeddable":true,"href":"https:\/\/stoic-curie.212-227-153-4.plesk.page\/hr\/wp-json\/wp\/v2\/comments?post=744859"}],"version-history":[{"count":0,"href":"https:\/\/stoic-curie.212-227-153-4.plesk.page\/hr\/wp-json\/wp\/v2\/product\/744859\/revisions"}],"wp:featuredmedia":[{"embeddable":true,"href":"https:\/\/stoic-curie.212-227-153-4.plesk.page\/hr\/wp-json\/wp\/v2\/media\/5946985"}],"wp:attachment":[{"href":"https:\/\/stoic-curie.212-227-153-4.plesk.page\/hr\/wp-json\/wp\/v2\/media?parent=744859"}],"wp:term":[{"taxonomy":"product_brand","embeddable":true,"href":"https:\/\/stoic-curie.212-227-153-4.plesk.page\/hr\/wp-json\/wp\/v2\/product_brand?post=744859"},{"taxonomy":"product_cat","embeddable":true,"href":"https:\/\/stoic-curie.212-227-153-4.plesk.page\/hr\/wp-json\/wp\/v2\/product_cat?post=744859"},{"taxonomy":"product_tag","embeddable":true,"href":"https:\/\/stoic-curie.212-227-153-4.plesk.page\/hr\/wp-json\/wp\/v2\/product_tag?post=744859"}],"curies":[{"name":"wp","href":"https:\/\/api.w.org\/{rel}","templated":true}]}}