{"id":744860,"date":"2025-03-03T20:01:22","date_gmt":"2025-03-03T19:01:22","guid":{"rendered":"https:\/\/stoic-curie.212-227-153-4.plesk.page\/producto\/plutajuca-platforma-tiki-400-x-200-x-20-cm\/"},"modified":"2026-02-25T00:01:17","modified_gmt":"2026-02-25T00:01:17","slug":"plutajuca-platforma-tiki-400-x-200-x-20-cm","status":"publish","type":"product","link":"https:\/\/stoic-curie.212-227-153-4.plesk.page\/hr\/product\/plutajuca-platforma-tiki-400-x-200-x-20-cm\/","title":{"rendered":"Plutajuca platforma Tiki 400 x 200 x 20 cm"},"content":{"rendered":"<p>Plutajuca platforma Tiki 400 x 200 x 20 cm &#8211; <\/p>\n<p style=\"color: rgb(34, 34, 34); font-family: Arial, Helvetica, sans-serif; font-size: small;\">Sretni smo \u0161to mo\u017eemo predstaviti Floating Platform Tiki, izvanredan dodatak va\u0161em iskustvu jedrenja. Ova platforma ima impresivne dimenzije od 400 x 200 x 20 cm, \u0161to je \u010dini dovoljno prostranom za razne aktivnosti na vodi. S robusnom nosivosti do 800 kg, dizajnirana je za smje\u0161taj vi\u0161e korisnika ili opreme dok sama te\u017ei samo 30 kg, \u0161to osigurava jednostavno rukovanje.<\/p>\n<p style=\"color: rgb(34, 34, 34); font-family: Arial, Helvetica, sans-serif; font-size: small;\">Izra\u0111ena je od visokouretanskog PVC prekrivenog dropstitch poliesterske mre\u017ee, a Tiki platforma se ponosi unutarnjom strukturom nalik sa\u0107u koja pobolj\u0161ava njezinu izdr\u017eljivost i ja\u010dinu. To zna\u010di da mo\u017eete u\u017eivati u svom vremenu na vodi bez brige o tro\u0161enju. Platforma je dizajnirana za prakti\u010dnost, omogu\u0107uju\u0107i jednostavno napuhavanje i ispuhivanje, \u0161to olak\u0161ava pohranu kada se ne koristi.<\/p>\n<p style=\"color: rgb(34, 34, 34); font-family: Arial, Helvetica, sans-serif; font-size: small;\">Tiki platforma opremljena je EVA podom bez klizanja, pru\u017eaju\u0107i sigurnu i stabilnu povr\u0161inu za sve va\u0161e aktivnosti. Osim toga, sadr\u017ei D-prstenove od nehr\u0111aju\u0107eg \u010delika, \u0161to olak\u0161ava osiguranje platforme na va\u0161em \u010damcu, drugim plovnim jedinicama ili \u010dak dokovima. Ova svestranost omogu\u0107uje Tiki-ju da slu\u017ei raznim svrhama, bilo da je koristite kao rekreacijski platformu, udoban vodeni madrac ili platformu posve\u0107enu odr\u017eavanju trupova.<\/p>\n<p style=\"color: rgb(34, 34, 34); font-family: Arial, Helvetica, sans-serif; font-size: small;\">Za ve\u0107u pogodnost, tako\u0111er mo\u017eete odabrati dodati aluminijsku ljestvicu s 3 stepenice uz kupnju. Ova ljestvica se lako uklanja i savr\u0161eno se spaja s postoje\u0107im plo\u010dama na modelima 200\/400. Ako imate model 150, ljestvica se mo\u017ee zalijepiti na nju, osiguravaju\u0107i vam lak pristup platformi kad god vam je potreban. U\u017eivajte u slobodi i zabavi koju Floating Platform Tiki donosi va\u0161im vodenim avanturama!<\/p>\n","protected":false},"excerpt":{"rendered":"<p>Plutajuca platforma Tiki 400 x 200 x 20 cm &#8211; Sretni smo \u0161to mo\u017eemo predstaviti Floating Platform Tiki, izvanredan dodatak<\/p>\n","protected":false},"featured_media":5946990,"comment_status":"open","ping_status":"closed","template":"","meta":[],"product_brand":[3206],"product_cat":[1694,1614],"product_tag":[],"class_list":{"0":"post-744860","1":"product","2":"type-product","3":"status-publish","4":"has-post-thumbnail","6":"product_brand-nova-argonautica-hr","7":"product_cat-brodske-krmene-platforme","8":"product_cat-platforme-za-plivanje-na-brodu","10":"first","11":"instock","12":"shipping-taxable","13":"purchasable","14":"product-type-simple"},"_links":{"self":[{"href":"https:\/\/stoic-curie.212-227-153-4.plesk.page\/hr\/wp-json\/wp\/v2\/product\/744860","targetHints":{"allow":["GET"]}}],"collection":[{"href":"https:\/\/stoic-curie.212-227-153-4.plesk.page\/hr\/wp-json\/wp\/v2\/product"}],"about":[{"href":"https:\/\/stoic-curie.212-227-153-4.plesk.page\/hr\/wp-json\/wp\/v2\/types\/product"}],"replies":[{"embeddable":true,"href":"https:\/\/stoic-curie.212-227-153-4.plesk.page\/hr\/wp-json\/wp\/v2\/comments?post=744860"}],"version-history":[{"count":0,"href":"https:\/\/stoic-curie.212-227-153-4.plesk.page\/hr\/wp-json\/wp\/v2\/product\/744860\/revisions"}],"wp:featuredmedia":[{"embeddable":true,"href":"https:\/\/stoic-curie.212-227-153-4.plesk.page\/hr\/wp-json\/wp\/v2\/media\/5946990"}],"wp:attachment":[{"href":"https:\/\/stoic-curie.212-227-153-4.plesk.page\/hr\/wp-json\/wp\/v2\/media?parent=744860"}],"wp:term":[{"taxonomy":"product_brand","embeddable":true,"href":"https:\/\/stoic-curie.212-227-153-4.plesk.page\/hr\/wp-json\/wp\/v2\/product_brand?post=744860"},{"taxonomy":"product_cat","embeddable":true,"href":"https:\/\/stoic-curie.212-227-153-4.plesk.page\/hr\/wp-json\/wp\/v2\/product_cat?post=744860"},{"taxonomy":"product_tag","embeddable":true,"href":"https:\/\/stoic-curie.212-227-153-4.plesk.page\/hr\/wp-json\/wp\/v2\/product_tag?post=744860"}],"curies":[{"name":"wp","href":"https:\/\/api.w.org\/{rel}","templated":true}]}}