{"id":744865,"date":"2025-03-03T20:01:23","date_gmt":"2025-03-03T19:01:23","guid":{"rendered":"https:\/\/stoic-curie.212-227-153-4.plesk.page\/producto\/cilindar-ultraflex-uc442-i\/"},"modified":"2026-02-25T00:01:17","modified_gmt":"2026-02-25T00:01:17","slug":"cilindar-ultraflex-uc442-i","status":"publish","type":"product","link":"https:\/\/stoic-curie.212-227-153-4.plesk.page\/hr\/product\/cilindar-ultraflex-uc442-i\/","title":{"rendered":"Hidrauli\u010dna cilindar Ultraflex uc442-i"},"content":{"rendered":"<p>Hidrauli\u010dna cilindar Ultraflex uc442-i &#8211; <\/p>\n<p><span style=\"color: rgb(34, 34, 34); font-family: Arial, Helvetica, sans-serif; font-size: small;\">Ultraflex UC442-I uravnote\u017eeni cilindar je impresivna komponenta stvorena posebno za unutarnje motore. Klju\u010dna zna\u010dajka je ta da su okretaji od krajnosti do krajnosti identi\u010dni, bez obzira okrenuli lijevo ili desno. To jam\u010di glatko i uravnote\u017eeno iskustvo upravljanja, \u010dine\u0107i ga izvrsnom opcijom za ljubitelje \u010damaca koji prioritiziraju preciznost i pouzdanost u svojim hidrauli\u010dnim sustavima upravljanja. Ultraflex je zaista razvio pouzdan proizvod koji zadovoljava va\u0161e potrebe na moru. UC442 cilindar nudi maksimalni okretni moment od 223 Kgm.<\/span><\/p>\n","protected":false},"excerpt":{"rendered":"<p>Hidrauli\u010dna cilindar Ultraflex uc442-i &#8211; Ultraflex UC442-I uravnote\u017eeni cilindar je impresivna komponenta stvorena posebno za unutarnje motore. Klju\u010dna zna\u010dajka je<\/p>\n","protected":false},"featured_media":5946997,"comment_status":"open","ping_status":"closed","template":"","meta":[],"product_brand":[3501],"product_cat":[1823],"product_tag":[],"class_list":{"0":"post-744865","1":"product","2":"type-product","3":"status-publish","4":"has-post-thumbnail","6":"product_brand-ultraflex-uflex-hr","7":"product_cat-hidraulicno-kormilarenje","9":"first","10":"outofstock","11":"shipping-taxable","12":"purchasable","13":"product-type-simple"},"_links":{"self":[{"href":"https:\/\/stoic-curie.212-227-153-4.plesk.page\/hr\/wp-json\/wp\/v2\/product\/744865","targetHints":{"allow":["GET"]}}],"collection":[{"href":"https:\/\/stoic-curie.212-227-153-4.plesk.page\/hr\/wp-json\/wp\/v2\/product"}],"about":[{"href":"https:\/\/stoic-curie.212-227-153-4.plesk.page\/hr\/wp-json\/wp\/v2\/types\/product"}],"replies":[{"embeddable":true,"href":"https:\/\/stoic-curie.212-227-153-4.plesk.page\/hr\/wp-json\/wp\/v2\/comments?post=744865"}],"version-history":[{"count":0,"href":"https:\/\/stoic-curie.212-227-153-4.plesk.page\/hr\/wp-json\/wp\/v2\/product\/744865\/revisions"}],"wp:featuredmedia":[{"embeddable":true,"href":"https:\/\/stoic-curie.212-227-153-4.plesk.page\/hr\/wp-json\/wp\/v2\/media\/5946997"}],"wp:attachment":[{"href":"https:\/\/stoic-curie.212-227-153-4.plesk.page\/hr\/wp-json\/wp\/v2\/media?parent=744865"}],"wp:term":[{"taxonomy":"product_brand","embeddable":true,"href":"https:\/\/stoic-curie.212-227-153-4.plesk.page\/hr\/wp-json\/wp\/v2\/product_brand?post=744865"},{"taxonomy":"product_cat","embeddable":true,"href":"https:\/\/stoic-curie.212-227-153-4.plesk.page\/hr\/wp-json\/wp\/v2\/product_cat?post=744865"},{"taxonomy":"product_tag","embeddable":true,"href":"https:\/\/stoic-curie.212-227-153-4.plesk.page\/hr\/wp-json\/wp\/v2\/product_tag?post=744865"}],"curies":[{"name":"wp","href":"https:\/\/api.w.org\/{rel}","templated":true}]}}